{"id":1212,"date":"2024-04-30T10:47:57","date_gmt":"2024-04-30T08:47:57","guid":{"rendered":"http:\/\/dizagn.fr\/?post_type=product&#038;p=1212"},"modified":"2024-09-20T09:07:31","modified_gmt":"2024-09-20T07:07:31","slug":"olivier-mourgue-set-6-chaises-djinn-airborne-ed-1968","status":"publish","type":"product","link":"https:\/\/dizagn.fr\/en\/product\/olivier-mourgue-set-6-chaises-djinn-airborne-ed-1968\/","title":{"rendered":"OLIVIER MOURGUE, SET 6 DJINN CHAIRS, AIRBORNE ED., 1968"},"content":{"rendered":"<p>Condition report: <\/p>\n<p>Tr\u00e8s bon \u00e9tat. pi\u00e8tement en m\u00e9tal nickel\u00e9 pr\u00e9sentant quelques l\u00e9g\u00e8res traces d&rsquo;oxydations.<br \/>\nMousse et tissu restaur\u00e9s. <\/p>\n<p>Literature: <\/p>\n<p>Catalogue commercial Airborne, 1968<br \/>\nPierre Deligny, Airborne, ed. Les modernistes, 2012<\/p>\n<p>Reference: <\/p>\n<p>Collection Mus\u00e9e national d&rsquo;art moderne \/ Centre de cr\u00e9ation industrielle<br \/>\nnum\u00e9ro d&rsquo;inventaire:  AM 1993-1-822<\/p>","protected":false},"excerpt":{"rendered":"<p>Olivier Mourgue (1939-)<\/p>\n<p>S\u00e9rie de 6 chaises Djinn<\/p>\n<p>\u00c9dition Airborne, France, 1968 &#8211; Coll. MNAM Centre Pompidou<br \/>\nM\u00e9tal nickel\u00e9, mousse et tissu Maison Gabriel<br \/>\nHaut. 79 x Larg. 52 x Prof. 59 cm<\/p>","protected":false},"featured_media":1305,"template":"","meta":{"_et_pb_use_builder":"","_et_pb_old_content":"","_et_gb_content_width":""},"product_brand":[],"product_cat":[19],"product_tag":[],"class_list":{"0":"post-1212","1":"product","2":"type-product","3":"status-publish","4":"has-post-thumbnail","6":"product_cat-archives","8":"first","9":"instock","10":"shipping-taxable","11":"purchasable","12":"product-type-simple"},"yoast_head":"<!-- This site is optimized with the Yoast SEO plugin v27.1.1 - https:\/\/yoast.com\/product\/yoast-seo-wordpress\/ -->\n<title>OLIVIER MOURGUE, SET 6 CHAISES DJINN, AIRBORNE ED., 1968 - DIZAGN<\/title>\n<meta name=\"robots\" content=\"index, follow, max-snippet:-1, max-image-preview:large, max-video-preview:-1\" \/>\n<link rel=\"canonical\" href=\"https:\/\/dizagn.fr\/en\/product\/olivier-mourgue-set-6-chaises-djinn-airborne-ed-1968\/\" \/>\n<meta property=\"og:locale\" content=\"en_GB\" \/>\n<meta property=\"og:type\" content=\"article\" \/>\n<meta property=\"og:title\" content=\"OLIVIER MOURGUE, SET 6 CHAISES DJINN, AIRBORNE ED., 1968 - DIZAGN\" \/>\n<meta property=\"og:description\" content=\"Olivier Mourgue (1939-)  S\u00e9rie de 6 chaises Djinn  \u00c9dition Airborne, France, 1968 - Coll. MNAM Centre Pompidou M\u00e9tal nickel\u00e9, mousse et tissu Maison Gabriel Haut. 79 x Larg. 52 x Prof. 59 cm\" \/>\n<meta property=\"og:url\" content=\"https:\/\/dizagn.fr\/en\/product\/olivier-mourgue-set-6-chaises-djinn-airborne-ed-1968\/\" \/>\n<meta property=\"og:site_name\" content=\"DIZAGN\" \/>\n<meta property=\"article:modified_time\" content=\"2024-09-20T07:07:31+00:00\" \/>\n<meta property=\"og:image\" content=\"https:\/\/dizagn.fr\/wp-content\/uploads\/2024\/04\/MOURGUE-chaise-DJINN-6-1.jpg\" \/>\n\t<meta property=\"og:image:width\" content=\"1500\" \/>\n\t<meta property=\"og:image:height\" content=\"1500\" \/>\n\t<meta property=\"og:image:type\" content=\"image\/jpeg\" \/>\n<meta name=\"twitter:card\" content=\"summary_large_image\" \/>\n<meta name=\"twitter:label1\" content=\"Estimated reading time\" \/>\n\t<meta name=\"twitter:data1\" content=\"1 minute\" \/>\n<script type=\"application\/ld+json\" class=\"yoast-schema-graph\">{\"@context\":\"https:\/\/schema.org\",\"@graph\":[{\"@type\":\"WebPage\",\"@id\":\"https:\/\/dizagn.fr\/produit\/olivier-mourgue-set-6-chaises-djinn-airborne-ed-1968\/\",\"url\":\"https:\/\/dizagn.fr\/produit\/olivier-mourgue-set-6-chaises-djinn-airborne-ed-1968\/\",\"name\":\"OLIVIER MOURGUE, SET 6 CHAISES DJINN, AIRBORNE ED., 1968 - DIZAGN\",\"isPartOf\":{\"@id\":\"https:\/\/dizagn.fr\/#website\"},\"primaryImageOfPage\":{\"@id\":\"https:\/\/dizagn.fr\/produit\/olivier-mourgue-set-6-chaises-djinn-airborne-ed-1968\/#primaryimage\"},\"image\":{\"@id\":\"https:\/\/dizagn.fr\/produit\/olivier-mourgue-set-6-chaises-djinn-airborne-ed-1968\/#primaryimage\"},\"thumbnailUrl\":\"https:\/\/dizagn.fr\/wp-content\/uploads\/2024\/04\/MOURGUE-chaise-DJINN-6-1.jpg\",\"datePublished\":\"2024-04-30T08:47:57+00:00\",\"dateModified\":\"2024-09-20T07:07:31+00:00\",\"breadcrumb\":{\"@id\":\"https:\/\/dizagn.fr\/produit\/olivier-mourgue-set-6-chaises-djinn-airborne-ed-1968\/#breadcrumb\"},\"inLanguage\":\"en-GB\",\"potentialAction\":[{\"@type\":\"ReadAction\",\"target\":[\"https:\/\/dizagn.fr\/produit\/olivier-mourgue-set-6-chaises-djinn-airborne-ed-1968\/\"]}]},{\"@type\":\"ImageObject\",\"inLanguage\":\"en-GB\",\"@id\":\"https:\/\/dizagn.fr\/produit\/olivier-mourgue-set-6-chaises-djinn-airborne-ed-1968\/#primaryimage\",\"url\":\"https:\/\/dizagn.fr\/wp-content\/uploads\/2024\/04\/MOURGUE-chaise-DJINN-6-1.jpg\",\"contentUrl\":\"https:\/\/dizagn.fr\/wp-content\/uploads\/2024\/04\/MOURGUE-chaise-DJINN-6-1.jpg\",\"width\":1500,\"height\":1500},{\"@type\":\"BreadcrumbList\",\"@id\":\"https:\/\/dizagn.fr\/produit\/olivier-mourgue-set-6-chaises-djinn-airborne-ed-1968\/#breadcrumb\",\"itemListElement\":[{\"@type\":\"ListItem\",\"position\":1,\"name\":\"Accueil\",\"item\":\"https:\/\/dizagn.fr\/\"},{\"@type\":\"ListItem\",\"position\":2,\"name\":\"S\u00e9lection\",\"item\":\"https:\/\/dizagn.fr\/\"},{\"@type\":\"ListItem\",\"position\":3,\"name\":\"OLIVIER MOURGUE, SET 6 CHAISES DJINN, AIRBORNE ED., 1968\"}]},{\"@type\":\"WebSite\",\"@id\":\"https:\/\/dizagn.fr\/#website\",\"url\":\"https:\/\/dizagn.fr\/\",\"name\":\"DIZAGN\",\"description\":\"\",\"potentialAction\":[{\"@type\":\"SearchAction\",\"target\":{\"@type\":\"EntryPoint\",\"urlTemplate\":\"https:\/\/dizagn.fr\/?s={search_term_string}\"},\"query-input\":{\"@type\":\"PropertyValueSpecification\",\"valueRequired\":true,\"valueName\":\"search_term_string\"}}],\"inLanguage\":\"en-GB\"}]}<\/script>\n<!-- \/ Yoast SEO plugin. -->","yoast_head_json":{"title":"OLIVIER MOURGUE, SET 6 CHAISES DJINN, AIRBORNE ED., 1968 - DIZAGN","robots":{"index":"index","follow":"follow","max-snippet":"max-snippet:-1","max-image-preview":"max-image-preview:large","max-video-preview":"max-video-preview:-1"},"canonical":"https:\/\/dizagn.fr\/en\/product\/olivier-mourgue-set-6-chaises-djinn-airborne-ed-1968\/","og_locale":"en_GB","og_type":"article","og_title":"OLIVIER MOURGUE, SET 6 CHAISES DJINN, AIRBORNE ED., 1968 - DIZAGN","og_description":"Olivier Mourgue (1939-)  S\u00e9rie de 6 chaises Djinn  \u00c9dition Airborne, France, 1968 - Coll. MNAM Centre Pompidou M\u00e9tal nickel\u00e9, mousse et tissu Maison Gabriel Haut. 79 x Larg. 52 x Prof. 59 cm","og_url":"https:\/\/dizagn.fr\/en\/product\/olivier-mourgue-set-6-chaises-djinn-airborne-ed-1968\/","og_site_name":"DIZAGN","article_modified_time":"2024-09-20T07:07:31+00:00","og_image":[{"width":1500,"height":1500,"url":"https:\/\/dizagn.fr\/wp-content\/uploads\/2024\/04\/MOURGUE-chaise-DJINN-6-1.jpg","type":"image\/jpeg"}],"twitter_card":"summary_large_image","twitter_misc":{"Estimated reading time":"1 minute"},"schema":{"@context":"https:\/\/schema.org","@graph":[{"@type":"WebPage","@id":"https:\/\/dizagn.fr\/produit\/olivier-mourgue-set-6-chaises-djinn-airborne-ed-1968\/","url":"https:\/\/dizagn.fr\/produit\/olivier-mourgue-set-6-chaises-djinn-airborne-ed-1968\/","name":"OLIVIER MOURGUE, SET 6 CHAISES DJINN, AIRBORNE ED., 1968 - DIZAGN","isPartOf":{"@id":"https:\/\/dizagn.fr\/#website"},"primaryImageOfPage":{"@id":"https:\/\/dizagn.fr\/produit\/olivier-mourgue-set-6-chaises-djinn-airborne-ed-1968\/#primaryimage"},"image":{"@id":"https:\/\/dizagn.fr\/produit\/olivier-mourgue-set-6-chaises-djinn-airborne-ed-1968\/#primaryimage"},"thumbnailUrl":"https:\/\/dizagn.fr\/wp-content\/uploads\/2024\/04\/MOURGUE-chaise-DJINN-6-1.jpg","datePublished":"2024-04-30T08:47:57+00:00","dateModified":"2024-09-20T07:07:31+00:00","breadcrumb":{"@id":"https:\/\/dizagn.fr\/produit\/olivier-mourgue-set-6-chaises-djinn-airborne-ed-1968\/#breadcrumb"},"inLanguage":"en-GB","potentialAction":[{"@type":"ReadAction","target":["https:\/\/dizagn.fr\/produit\/olivier-mourgue-set-6-chaises-djinn-airborne-ed-1968\/"]}]},{"@type":"ImageObject","inLanguage":"en-GB","@id":"https:\/\/dizagn.fr\/produit\/olivier-mourgue-set-6-chaises-djinn-airborne-ed-1968\/#primaryimage","url":"https:\/\/dizagn.fr\/wp-content\/uploads\/2024\/04\/MOURGUE-chaise-DJINN-6-1.jpg","contentUrl":"https:\/\/dizagn.fr\/wp-content\/uploads\/2024\/04\/MOURGUE-chaise-DJINN-6-1.jpg","width":1500,"height":1500},{"@type":"BreadcrumbList","@id":"https:\/\/dizagn.fr\/produit\/olivier-mourgue-set-6-chaises-djinn-airborne-ed-1968\/#breadcrumb","itemListElement":[{"@type":"ListItem","position":1,"name":"Accueil","item":"https:\/\/dizagn.fr\/"},{"@type":"ListItem","position":2,"name":"S\u00e9lection","item":"https:\/\/dizagn.fr\/"},{"@type":"ListItem","position":3,"name":"OLIVIER MOURGUE, SET 6 CHAISES DJINN, AIRBORNE ED., 1968"}]},{"@type":"WebSite","@id":"https:\/\/dizagn.fr\/#website","url":"https:\/\/dizagn.fr\/","name":"DIZAGN","description":"","potentialAction":[{"@type":"SearchAction","target":{"@type":"EntryPoint","urlTemplate":"https:\/\/dizagn.fr\/?s={search_term_string}"},"query-input":{"@type":"PropertyValueSpecification","valueRequired":true,"valueName":"search_term_string"}}],"inLanguage":"en-GB"}]}},"_links":{"self":[{"href":"https:\/\/dizagn.fr\/en\/wp-json\/wp\/v2\/product\/1212","targetHints":{"allow":["GET"]}}],"collection":[{"href":"https:\/\/dizagn.fr\/en\/wp-json\/wp\/v2\/product"}],"about":[{"href":"https:\/\/dizagn.fr\/en\/wp-json\/wp\/v2\/types\/product"}],"wp:featuredmedia":[{"embeddable":true,"href":"https:\/\/dizagn.fr\/en\/wp-json\/wp\/v2\/media\/1305"}],"wp:attachment":[{"href":"https:\/\/dizagn.fr\/en\/wp-json\/wp\/v2\/media?parent=1212"}],"wp:term":[{"taxonomy":"product_brand","embeddable":true,"href":"https:\/\/dizagn.fr\/en\/wp-json\/wp\/v2\/product_brand?post=1212"},{"taxonomy":"product_cat","embeddable":true,"href":"https:\/\/dizagn.fr\/en\/wp-json\/wp\/v2\/product_cat?post=1212"},{"taxonomy":"product_tag","embeddable":true,"href":"https:\/\/dizagn.fr\/en\/wp-json\/wp\/v2\/product_tag?post=1212"}],"curies":[{"name":"wp","href":"https:\/\/api.w.org\/{rel}","templated":true}]}}