{"id":1159,"date":"2024-06-22T10:35:05","date_gmt":"2024-06-22T08:35:05","guid":{"rendered":"http:\/\/dizagn.fr\/?post_type=product&#038;p=1159"},"modified":"2025-05-19T14:06:12","modified_gmt":"2025-05-19T12:06:12","slug":"arp-table-basse-lumineuse-g35-disderot-ed-1955","status":"publish","type":"product","link":"https:\/\/dizagn.fr\/en\/product\/arp-table-basse-lumineuse-g35-disderot-ed-1955\/","title":{"rendered":"ARP, G35 LIGHT COFFEE TABLE , DISDEROT ED., 1955"},"content":{"rendered":"<p>Literature:<\/p>\n<p>-FAVARDIN Patrick, Les d\u00e9corateurs des ann\u00e9es 50, Norma ed., 2002<\/p>\n<p>-Cat. Expos., MOBI BOOM, l\u2019explosion du design en France, 1945-1975, MAD, Paris, 2010<\/p>\n<p>-Catalogue commercial Disderot, circa 1955<\/p>\n<p>Rapport de condition : Bon \u00e9tat, laiton poli verni nettoy\u00e9. \u00c9lectrification v\u00e9rifi\u00e9e, \u00e9l\u00e9ments en verre opalescent pr\u00e9sentant quelques marques et rayures d&rsquo;usage. Pertes de mati\u00e8re \u00e0 certains endroits (photos d\u00e9tails sur demande)<\/p>","protected":false},"excerpt":{"rendered":"<p>ARP (Atelier de Recherches Plastiques) P. Guariche, M. Mortier, J.A Motte<\/p>\n<p>Table basse lumineuse G35<\/p>\n<p>Disderot \u00e9diteur, France, circa 1955 <\/p>\n<p>Laiton dor\u00e9, m\u00e9tal laqu\u00e9 blanc et opaline <\/p>\n<p>Haut. 33 x Larg. 80 x Prof. 80 cm<\/p>","protected":false},"featured_media":1289,"template":"","meta":{"_et_pb_use_builder":"","_et_pb_old_content":"","_et_gb_content_width":""},"product_brand":[],"product_cat":[19],"product_tag":[],"class_list":{"0":"post-1159","1":"product","2":"type-product","3":"status-publish","4":"has-post-thumbnail","6":"product_cat-archives","8":"first","9":"outofstock","10":"shipping-taxable","11":"purchasable","12":"product-type-simple"},"yoast_head":"<!-- This site is optimized with the Yoast SEO plugin v27.1.1 - https:\/\/yoast.com\/product\/yoast-seo-wordpress\/ -->\n<title>ARP, TABLE BASSE LUMINEUSE G35, DISDEROT ED., 1955 - DIZAGN<\/title>\n<meta name=\"robots\" content=\"index, follow, max-snippet:-1, max-image-preview:large, max-video-preview:-1\" \/>\n<link rel=\"canonical\" href=\"https:\/\/dizagn.fr\/en\/product\/arp-table-basse-lumineuse-g35-disderot-ed-1955\/\" \/>\n<meta property=\"og:locale\" content=\"en_GB\" \/>\n<meta property=\"og:type\" content=\"article\" \/>\n<meta property=\"og:title\" content=\"ARP, TABLE BASSE LUMINEUSE G35, DISDEROT ED., 1955 - DIZAGN\" \/>\n<meta property=\"og:description\" content=\"ARP (Atelier de Recherches Plastiques) P. Guariche, M. Mortier, J.A Motte  Table basse lumineuse G35  Disderot \u00e9diteur, France, circa 1955   Laiton dor\u00e9, m\u00e9tal laqu\u00e9 blanc et opaline   Haut. 33 x Larg. 80 x Prof. 80 cm\" \/>\n<meta property=\"og:url\" content=\"https:\/\/dizagn.fr\/en\/product\/arp-table-basse-lumineuse-g35-disderot-ed-1955\/\" \/>\n<meta property=\"og:site_name\" content=\"DIZAGN\" \/>\n<meta property=\"article:modified_time\" content=\"2025-05-19T12:06:12+00:00\" \/>\n<meta property=\"og:image\" content=\"https:\/\/dizagn.fr\/wp-content\/uploads\/2023\/03\/ARP-table-basse-lumineuse-6-1.jpg\" \/>\n\t<meta property=\"og:image:width\" content=\"1500\" \/>\n\t<meta property=\"og:image:height\" content=\"1500\" \/>\n\t<meta property=\"og:image:type\" content=\"image\/jpeg\" \/>\n<meta name=\"twitter:card\" content=\"summary_large_image\" \/>\n<meta name=\"twitter:label1\" content=\"Estimated reading time\" \/>\n\t<meta name=\"twitter:data1\" content=\"1 minute\" \/>\n<script type=\"application\/ld+json\" class=\"yoast-schema-graph\">{\"@context\":\"https:\/\/schema.org\",\"@graph\":[{\"@type\":\"WebPage\",\"@id\":\"https:\/\/dizagn.fr\/produit\/arp-table-basse-lumineuse-g35-disderot-ed-1955\/\",\"url\":\"https:\/\/dizagn.fr\/produit\/arp-table-basse-lumineuse-g35-disderot-ed-1955\/\",\"name\":\"ARP, TABLE BASSE LUMINEUSE G35, DISDEROT ED., 1955 - DIZAGN\",\"isPartOf\":{\"@id\":\"https:\/\/dizagn.fr\/#website\"},\"primaryImageOfPage\":{\"@id\":\"https:\/\/dizagn.fr\/produit\/arp-table-basse-lumineuse-g35-disderot-ed-1955\/#primaryimage\"},\"image\":{\"@id\":\"https:\/\/dizagn.fr\/produit\/arp-table-basse-lumineuse-g35-disderot-ed-1955\/#primaryimage\"},\"thumbnailUrl\":\"https:\/\/dizagn.fr\/wp-content\/uploads\/2023\/03\/ARP-table-basse-lumineuse-6-1.jpg\",\"datePublished\":\"2024-06-22T08:35:05+00:00\",\"dateModified\":\"2025-05-19T12:06:12+00:00\",\"breadcrumb\":{\"@id\":\"https:\/\/dizagn.fr\/produit\/arp-table-basse-lumineuse-g35-disderot-ed-1955\/#breadcrumb\"},\"inLanguage\":\"en-GB\",\"potentialAction\":[{\"@type\":\"ReadAction\",\"target\":[\"https:\/\/dizagn.fr\/produit\/arp-table-basse-lumineuse-g35-disderot-ed-1955\/\"]}]},{\"@type\":\"ImageObject\",\"inLanguage\":\"en-GB\",\"@id\":\"https:\/\/dizagn.fr\/produit\/arp-table-basse-lumineuse-g35-disderot-ed-1955\/#primaryimage\",\"url\":\"https:\/\/dizagn.fr\/wp-content\/uploads\/2023\/03\/ARP-table-basse-lumineuse-6-1.jpg\",\"contentUrl\":\"https:\/\/dizagn.fr\/wp-content\/uploads\/2023\/03\/ARP-table-basse-lumineuse-6-1.jpg\",\"width\":1500,\"height\":1500},{\"@type\":\"BreadcrumbList\",\"@id\":\"https:\/\/dizagn.fr\/produit\/arp-table-basse-lumineuse-g35-disderot-ed-1955\/#breadcrumb\",\"itemListElement\":[{\"@type\":\"ListItem\",\"position\":1,\"name\":\"Accueil\",\"item\":\"https:\/\/dizagn.fr\/\"},{\"@type\":\"ListItem\",\"position\":2,\"name\":\"S\u00e9lection\",\"item\":\"https:\/\/dizagn.fr\/\"},{\"@type\":\"ListItem\",\"position\":3,\"name\":\"ARP, TABLE BASSE LUMINEUSE G35, DISDEROT ED., 1955\"}]},{\"@type\":\"WebSite\",\"@id\":\"https:\/\/dizagn.fr\/#website\",\"url\":\"https:\/\/dizagn.fr\/\",\"name\":\"DIZAGN\",\"description\":\"\",\"potentialAction\":[{\"@type\":\"SearchAction\",\"target\":{\"@type\":\"EntryPoint\",\"urlTemplate\":\"https:\/\/dizagn.fr\/?s={search_term_string}\"},\"query-input\":{\"@type\":\"PropertyValueSpecification\",\"valueRequired\":true,\"valueName\":\"search_term_string\"}}],\"inLanguage\":\"en-GB\"}]}<\/script>\n<!-- \/ Yoast SEO plugin. -->","yoast_head_json":{"title":"ARP, TABLE BASSE LUMINEUSE G35, DISDEROT ED., 1955 - DIZAGN","robots":{"index":"index","follow":"follow","max-snippet":"max-snippet:-1","max-image-preview":"max-image-preview:large","max-video-preview":"max-video-preview:-1"},"canonical":"https:\/\/dizagn.fr\/en\/product\/arp-table-basse-lumineuse-g35-disderot-ed-1955\/","og_locale":"en_GB","og_type":"article","og_title":"ARP, TABLE BASSE LUMINEUSE G35, DISDEROT ED., 1955 - DIZAGN","og_description":"ARP (Atelier de Recherches Plastiques) P. Guariche, M. Mortier, J.A Motte  Table basse lumineuse G35  Disderot \u00e9diteur, France, circa 1955   Laiton dor\u00e9, m\u00e9tal laqu\u00e9 blanc et opaline   Haut. 33 x Larg. 80 x Prof. 80 cm","og_url":"https:\/\/dizagn.fr\/en\/product\/arp-table-basse-lumineuse-g35-disderot-ed-1955\/","og_site_name":"DIZAGN","article_modified_time":"2025-05-19T12:06:12+00:00","og_image":[{"width":1500,"height":1500,"url":"https:\/\/dizagn.fr\/wp-content\/uploads\/2023\/03\/ARP-table-basse-lumineuse-6-1.jpg","type":"image\/jpeg"}],"twitter_card":"summary_large_image","twitter_misc":{"Estimated reading time":"1 minute"},"schema":{"@context":"https:\/\/schema.org","@graph":[{"@type":"WebPage","@id":"https:\/\/dizagn.fr\/produit\/arp-table-basse-lumineuse-g35-disderot-ed-1955\/","url":"https:\/\/dizagn.fr\/produit\/arp-table-basse-lumineuse-g35-disderot-ed-1955\/","name":"ARP, TABLE BASSE LUMINEUSE G35, DISDEROT ED., 1955 - DIZAGN","isPartOf":{"@id":"https:\/\/dizagn.fr\/#website"},"primaryImageOfPage":{"@id":"https:\/\/dizagn.fr\/produit\/arp-table-basse-lumineuse-g35-disderot-ed-1955\/#primaryimage"},"image":{"@id":"https:\/\/dizagn.fr\/produit\/arp-table-basse-lumineuse-g35-disderot-ed-1955\/#primaryimage"},"thumbnailUrl":"https:\/\/dizagn.fr\/wp-content\/uploads\/2023\/03\/ARP-table-basse-lumineuse-6-1.jpg","datePublished":"2024-06-22T08:35:05+00:00","dateModified":"2025-05-19T12:06:12+00:00","breadcrumb":{"@id":"https:\/\/dizagn.fr\/produit\/arp-table-basse-lumineuse-g35-disderot-ed-1955\/#breadcrumb"},"inLanguage":"en-GB","potentialAction":[{"@type":"ReadAction","target":["https:\/\/dizagn.fr\/produit\/arp-table-basse-lumineuse-g35-disderot-ed-1955\/"]}]},{"@type":"ImageObject","inLanguage":"en-GB","@id":"https:\/\/dizagn.fr\/produit\/arp-table-basse-lumineuse-g35-disderot-ed-1955\/#primaryimage","url":"https:\/\/dizagn.fr\/wp-content\/uploads\/2023\/03\/ARP-table-basse-lumineuse-6-1.jpg","contentUrl":"https:\/\/dizagn.fr\/wp-content\/uploads\/2023\/03\/ARP-table-basse-lumineuse-6-1.jpg","width":1500,"height":1500},{"@type":"BreadcrumbList","@id":"https:\/\/dizagn.fr\/produit\/arp-table-basse-lumineuse-g35-disderot-ed-1955\/#breadcrumb","itemListElement":[{"@type":"ListItem","position":1,"name":"Accueil","item":"https:\/\/dizagn.fr\/"},{"@type":"ListItem","position":2,"name":"S\u00e9lection","item":"https:\/\/dizagn.fr\/"},{"@type":"ListItem","position":3,"name":"ARP, TABLE BASSE LUMINEUSE G35, DISDEROT ED., 1955"}]},{"@type":"WebSite","@id":"https:\/\/dizagn.fr\/#website","url":"https:\/\/dizagn.fr\/","name":"DIZAGN","description":"","potentialAction":[{"@type":"SearchAction","target":{"@type":"EntryPoint","urlTemplate":"https:\/\/dizagn.fr\/?s={search_term_string}"},"query-input":{"@type":"PropertyValueSpecification","valueRequired":true,"valueName":"search_term_string"}}],"inLanguage":"en-GB"}]}},"_links":{"self":[{"href":"https:\/\/dizagn.fr\/en\/wp-json\/wp\/v2\/product\/1159","targetHints":{"allow":["GET"]}}],"collection":[{"href":"https:\/\/dizagn.fr\/en\/wp-json\/wp\/v2\/product"}],"about":[{"href":"https:\/\/dizagn.fr\/en\/wp-json\/wp\/v2\/types\/product"}],"wp:featuredmedia":[{"embeddable":true,"href":"https:\/\/dizagn.fr\/en\/wp-json\/wp\/v2\/media\/1289"}],"wp:attachment":[{"href":"https:\/\/dizagn.fr\/en\/wp-json\/wp\/v2\/media?parent=1159"}],"wp:term":[{"taxonomy":"product_brand","embeddable":true,"href":"https:\/\/dizagn.fr\/en\/wp-json\/wp\/v2\/product_brand?post=1159"},{"taxonomy":"product_cat","embeddable":true,"href":"https:\/\/dizagn.fr\/en\/wp-json\/wp\/v2\/product_cat?post=1159"},{"taxonomy":"product_tag","embeddable":true,"href":"https:\/\/dizagn.fr\/en\/wp-json\/wp\/v2\/product_tag?post=1159"}],"curies":[{"name":"wp","href":"https:\/\/api.w.org\/{rel}","templated":true}]}}