{"id":1150,"date":"2023-03-21T10:54:42","date_gmt":"2023-03-21T09:54:42","guid":{"rendered":"http:\/\/dizagn.fr\/?post_type=product&#038;p=1150"},"modified":"2025-08-12T11:22:37","modified_gmt":"2025-08-12T09:22:37","slug":"ballardini-et-costanzi-fauteuil-san-siro-bernini-carate-brianza-ed-1995","status":"publish","type":"product","link":"https:\/\/dizagn.fr\/en\/product\/ballardini-et-costanzi-fauteuil-san-siro-bernini-carate-brianza-ed-1995\/","title":{"rendered":"BALLARDINI AND COSTANZI, SAN SIRO ARMCHAIR, 1995"},"content":{"rendered":"<p>Literature:<\/p>\n<p>C &#038; P Fiell, 1000 Chairs, Cologne, 2000, p. 666<\/p>\n<p>G. Gramigna, Repertorio del design italiano 1950-2000, p. 511, Allemandi, 2003.<\/p>","protected":false},"excerpt":{"rendered":"<p>Fabrizio Ballardini et Lucio Costanzi<\/p>\n<p>Fauteuil San Siro, Bernini, Carate, Brianza \u00e9diteur, Italie, 1995<\/p>\n<p>M\u00e9tal laqu\u00e9 gris m\u00e9tallis\u00e9, tissu bleu et ballon caoutchouc <\/p>\n<p>Haut. 98 x Larg. 66 x Prof. 60 cm <\/p>","protected":false},"featured_media":1152,"template":"","meta":{"_et_pb_use_builder":"","_et_pb_old_content":"","_et_gb_content_width":""},"product_brand":[],"product_cat":[19],"product_tag":[],"class_list":{"0":"post-1150","1":"product","2":"type-product","3":"status-publish","4":"has-post-thumbnail","6":"product_cat-archives","8":"first","9":"instock","10":"shipping-taxable","11":"purchasable","12":"product-type-simple"},"yoast_head":"<!-- This site is optimized with the Yoast SEO plugin v27.1.1 - https:\/\/yoast.com\/product\/yoast-seo-wordpress\/ -->\n<title>BALLARDINI ET COSTANZI, FAUTEUIL SAN SIRO, 1995 - DIZAGN<\/title>\n<meta name=\"robots\" content=\"index, follow, max-snippet:-1, max-image-preview:large, max-video-preview:-1\" \/>\n<link rel=\"canonical\" href=\"https:\/\/dizagn.fr\/en\/product\/ballardini-et-costanzi-fauteuil-san-siro-bernini-carate-brianza-ed-1995\/\" \/>\n<meta property=\"og:locale\" content=\"en_GB\" \/>\n<meta property=\"og:type\" content=\"article\" \/>\n<meta property=\"og:title\" content=\"BALLARDINI ET COSTANZI, FAUTEUIL SAN SIRO, 1995 - DIZAGN\" \/>\n<meta property=\"og:description\" content=\"Fabrizio Ballardini et Lucio Costanzi  Fauteuil San Siro, Bernini, Carate, Brianza \u00e9diteur, Italie, 1995  M\u00e9tal laqu\u00e9 gris m\u00e9tallis\u00e9, tissu bleu et ballon caoutchouc   Haut. 98 x Larg. 66 x Prof. 60 cm\" \/>\n<meta property=\"og:url\" content=\"https:\/\/dizagn.fr\/en\/product\/ballardini-et-costanzi-fauteuil-san-siro-bernini-carate-brianza-ed-1995\/\" \/>\n<meta property=\"og:site_name\" content=\"DIZAGN\" \/>\n<meta property=\"article:modified_time\" content=\"2025-08-12T09:22:37+00:00\" \/>\n<meta property=\"og:image\" content=\"https:\/\/dizagn.fr\/wp-content\/uploads\/2023\/03\/BALLARDINI-COSTANZI-fauteuil-3.jpg\" \/>\n\t<meta property=\"og:image:width\" content=\"1024\" \/>\n\t<meta property=\"og:image:height\" content=\"1024\" \/>\n\t<meta property=\"og:image:type\" content=\"image\/jpeg\" \/>\n<meta name=\"twitter:card\" content=\"summary_large_image\" \/>\n<meta name=\"twitter:label1\" content=\"Estimated reading time\" \/>\n\t<meta name=\"twitter:data1\" content=\"1 minute\" \/>\n<script type=\"application\/ld+json\" class=\"yoast-schema-graph\">{\"@context\":\"https:\/\/schema.org\",\"@graph\":[{\"@type\":\"WebPage\",\"@id\":\"https:\/\/dizagn.fr\/produit\/ballardini-et-costanzi-fauteuil-san-siro-bernini-carate-brianza-ed-1995\/\",\"url\":\"https:\/\/dizagn.fr\/produit\/ballardini-et-costanzi-fauteuil-san-siro-bernini-carate-brianza-ed-1995\/\",\"name\":\"BALLARDINI ET COSTANZI, FAUTEUIL SAN SIRO, 1995 - DIZAGN\",\"isPartOf\":{\"@id\":\"https:\/\/dizagn.fr\/#website\"},\"primaryImageOfPage\":{\"@id\":\"https:\/\/dizagn.fr\/produit\/ballardini-et-costanzi-fauteuil-san-siro-bernini-carate-brianza-ed-1995\/#primaryimage\"},\"image\":{\"@id\":\"https:\/\/dizagn.fr\/produit\/ballardini-et-costanzi-fauteuil-san-siro-bernini-carate-brianza-ed-1995\/#primaryimage\"},\"thumbnailUrl\":\"https:\/\/dizagn.fr\/wp-content\/uploads\/2023\/03\/BALLARDINI-COSTANZI-fauteuil-3.jpg\",\"datePublished\":\"2023-03-21T09:54:42+00:00\",\"dateModified\":\"2025-08-12T09:22:37+00:00\",\"breadcrumb\":{\"@id\":\"https:\/\/dizagn.fr\/produit\/ballardini-et-costanzi-fauteuil-san-siro-bernini-carate-brianza-ed-1995\/#breadcrumb\"},\"inLanguage\":\"en-GB\",\"potentialAction\":[{\"@type\":\"ReadAction\",\"target\":[\"https:\/\/dizagn.fr\/produit\/ballardini-et-costanzi-fauteuil-san-siro-bernini-carate-brianza-ed-1995\/\"]}]},{\"@type\":\"ImageObject\",\"inLanguage\":\"en-GB\",\"@id\":\"https:\/\/dizagn.fr\/produit\/ballardini-et-costanzi-fauteuil-san-siro-bernini-carate-brianza-ed-1995\/#primaryimage\",\"url\":\"https:\/\/dizagn.fr\/wp-content\/uploads\/2023\/03\/BALLARDINI-COSTANZI-fauteuil-3.jpg\",\"contentUrl\":\"https:\/\/dizagn.fr\/wp-content\/uploads\/2023\/03\/BALLARDINI-COSTANZI-fauteuil-3.jpg\",\"width\":9000,\"height\":9000},{\"@type\":\"BreadcrumbList\",\"@id\":\"https:\/\/dizagn.fr\/produit\/ballardini-et-costanzi-fauteuil-san-siro-bernini-carate-brianza-ed-1995\/#breadcrumb\",\"itemListElement\":[{\"@type\":\"ListItem\",\"position\":1,\"name\":\"Accueil\",\"item\":\"https:\/\/dizagn.fr\/\"},{\"@type\":\"ListItem\",\"position\":2,\"name\":\"S\u00e9lection\",\"item\":\"https:\/\/dizagn.fr\/\"},{\"@type\":\"ListItem\",\"position\":3,\"name\":\"BALLARDINI ET COSTANZI, FAUTEUIL SAN SIRO, 1995\"}]},{\"@type\":\"WebSite\",\"@id\":\"https:\/\/dizagn.fr\/#website\",\"url\":\"https:\/\/dizagn.fr\/\",\"name\":\"DIZAGN\",\"description\":\"\",\"potentialAction\":[{\"@type\":\"SearchAction\",\"target\":{\"@type\":\"EntryPoint\",\"urlTemplate\":\"https:\/\/dizagn.fr\/?s={search_term_string}\"},\"query-input\":{\"@type\":\"PropertyValueSpecification\",\"valueRequired\":true,\"valueName\":\"search_term_string\"}}],\"inLanguage\":\"en-GB\"}]}<\/script>\n<!-- \/ Yoast SEO plugin. -->","yoast_head_json":{"title":"BALLARDINI ET COSTANZI, FAUTEUIL SAN SIRO, 1995 - DIZAGN","robots":{"index":"index","follow":"follow","max-snippet":"max-snippet:-1","max-image-preview":"max-image-preview:large","max-video-preview":"max-video-preview:-1"},"canonical":"https:\/\/dizagn.fr\/en\/product\/ballardini-et-costanzi-fauteuil-san-siro-bernini-carate-brianza-ed-1995\/","og_locale":"en_GB","og_type":"article","og_title":"BALLARDINI ET COSTANZI, FAUTEUIL SAN SIRO, 1995 - DIZAGN","og_description":"Fabrizio Ballardini et Lucio Costanzi  Fauteuil San Siro, Bernini, Carate, Brianza \u00e9diteur, Italie, 1995  M\u00e9tal laqu\u00e9 gris m\u00e9tallis\u00e9, tissu bleu et ballon caoutchouc   Haut. 98 x Larg. 66 x Prof. 60 cm","og_url":"https:\/\/dizagn.fr\/en\/product\/ballardini-et-costanzi-fauteuil-san-siro-bernini-carate-brianza-ed-1995\/","og_site_name":"DIZAGN","article_modified_time":"2025-08-12T09:22:37+00:00","og_image":[{"url":"https:\/\/dizagn.fr\/wp-content\/uploads\/2023\/03\/BALLARDINI-COSTANZI-fauteuil-3.jpg","width":1024,"height":1024,"type":"image\/jpeg"}],"twitter_card":"summary_large_image","twitter_misc":{"Estimated reading time":"1 minute"},"schema":{"@context":"https:\/\/schema.org","@graph":[{"@type":"WebPage","@id":"https:\/\/dizagn.fr\/produit\/ballardini-et-costanzi-fauteuil-san-siro-bernini-carate-brianza-ed-1995\/","url":"https:\/\/dizagn.fr\/produit\/ballardini-et-costanzi-fauteuil-san-siro-bernini-carate-brianza-ed-1995\/","name":"BALLARDINI ET COSTANZI, FAUTEUIL SAN SIRO, 1995 - DIZAGN","isPartOf":{"@id":"https:\/\/dizagn.fr\/#website"},"primaryImageOfPage":{"@id":"https:\/\/dizagn.fr\/produit\/ballardini-et-costanzi-fauteuil-san-siro-bernini-carate-brianza-ed-1995\/#primaryimage"},"image":{"@id":"https:\/\/dizagn.fr\/produit\/ballardini-et-costanzi-fauteuil-san-siro-bernini-carate-brianza-ed-1995\/#primaryimage"},"thumbnailUrl":"https:\/\/dizagn.fr\/wp-content\/uploads\/2023\/03\/BALLARDINI-COSTANZI-fauteuil-3.jpg","datePublished":"2023-03-21T09:54:42+00:00","dateModified":"2025-08-12T09:22:37+00:00","breadcrumb":{"@id":"https:\/\/dizagn.fr\/produit\/ballardini-et-costanzi-fauteuil-san-siro-bernini-carate-brianza-ed-1995\/#breadcrumb"},"inLanguage":"en-GB","potentialAction":[{"@type":"ReadAction","target":["https:\/\/dizagn.fr\/produit\/ballardini-et-costanzi-fauteuil-san-siro-bernini-carate-brianza-ed-1995\/"]}]},{"@type":"ImageObject","inLanguage":"en-GB","@id":"https:\/\/dizagn.fr\/produit\/ballardini-et-costanzi-fauteuil-san-siro-bernini-carate-brianza-ed-1995\/#primaryimage","url":"https:\/\/dizagn.fr\/wp-content\/uploads\/2023\/03\/BALLARDINI-COSTANZI-fauteuil-3.jpg","contentUrl":"https:\/\/dizagn.fr\/wp-content\/uploads\/2023\/03\/BALLARDINI-COSTANZI-fauteuil-3.jpg","width":9000,"height":9000},{"@type":"BreadcrumbList","@id":"https:\/\/dizagn.fr\/produit\/ballardini-et-costanzi-fauteuil-san-siro-bernini-carate-brianza-ed-1995\/#breadcrumb","itemListElement":[{"@type":"ListItem","position":1,"name":"Accueil","item":"https:\/\/dizagn.fr\/"},{"@type":"ListItem","position":2,"name":"S\u00e9lection","item":"https:\/\/dizagn.fr\/"},{"@type":"ListItem","position":3,"name":"BALLARDINI ET COSTANZI, FAUTEUIL SAN SIRO, 1995"}]},{"@type":"WebSite","@id":"https:\/\/dizagn.fr\/#website","url":"https:\/\/dizagn.fr\/","name":"DIZAGN","description":"","potentialAction":[{"@type":"SearchAction","target":{"@type":"EntryPoint","urlTemplate":"https:\/\/dizagn.fr\/?s={search_term_string}"},"query-input":{"@type":"PropertyValueSpecification","valueRequired":true,"valueName":"search_term_string"}}],"inLanguage":"en-GB"}]}},"_links":{"self":[{"href":"https:\/\/dizagn.fr\/en\/wp-json\/wp\/v2\/product\/1150","targetHints":{"allow":["GET"]}}],"collection":[{"href":"https:\/\/dizagn.fr\/en\/wp-json\/wp\/v2\/product"}],"about":[{"href":"https:\/\/dizagn.fr\/en\/wp-json\/wp\/v2\/types\/product"}],"wp:featuredmedia":[{"embeddable":true,"href":"https:\/\/dizagn.fr\/en\/wp-json\/wp\/v2\/media\/1152"}],"wp:attachment":[{"href":"https:\/\/dizagn.fr\/en\/wp-json\/wp\/v2\/media?parent=1150"}],"wp:term":[{"taxonomy":"product_brand","embeddable":true,"href":"https:\/\/dizagn.fr\/en\/wp-json\/wp\/v2\/product_brand?post=1150"},{"taxonomy":"product_cat","embeddable":true,"href":"https:\/\/dizagn.fr\/en\/wp-json\/wp\/v2\/product_cat?post=1150"},{"taxonomy":"product_tag","embeddable":true,"href":"https:\/\/dizagn.fr\/en\/wp-json\/wp\/v2\/product_tag?post=1150"}],"curies":[{"name":"wp","href":"https:\/\/api.w.org\/{rel}","templated":true}]}}