{"id":1140,"date":"2023-03-21T10:32:34","date_gmt":"2023-03-21T09:32:34","guid":{"rendered":"http:\/\/dizagn.fr\/?post_type=product&#038;p=1140"},"modified":"2026-04-16T02:52:00","modified_gmt":"2026-04-16T00:52:00","slug":"nemo-valet-kestar-tebong-ed-c-1984","status":"publish","type":"product","link":"https:\/\/dizagn.fr\/en\/product\/nemo-valet-kestar-tebong-ed-c-1984\/","title":{"rendered":"NEMO, KESTAR VALET, TEBONG ED., C.1984"},"content":{"rendered":"<p>Literature: <\/p>\n<p>Catalogue commercial Nemo \u2013 Tebong, circa 1980<\/p>","protected":false},"excerpt":{"rendered":"<p>NEMO (Fran\u00e7ois Scali et Alain Domingo)<\/p>\n<p>Valet Kestar <\/p>\n<p>Tebong \u00e9dition, France, 1984<\/p>\n<p>M\u00e9tal laqu\u00e9 et plastique<\/p>\n<p>Haut. 108 x Prof. 26 x Long. 60 cm <\/p>","protected":false},"featured_media":1141,"template":"","meta":{"_et_pb_use_builder":"","_et_pb_old_content":"","_et_gb_content_width":""},"product_brand":[],"product_cat":[19],"product_tag":[],"class_list":{"0":"post-1140","1":"product","2":"type-product","3":"status-publish","4":"has-post-thumbnail","6":"product_cat-archives","8":"first","9":"instock","10":"shipping-taxable","11":"purchasable","12":"product-type-simple"},"yoast_head":"<!-- This site is optimized with the Yoast SEO plugin v27.4 - https:\/\/yoast.com\/product\/yoast-seo-wordpress\/ -->\n<title>NEMO, VALET KESTAR, TEBONG ED., C.1984 - DIZAGN<\/title>\n<meta name=\"robots\" content=\"index, follow, max-snippet:-1, max-image-preview:large, max-video-preview:-1\" \/>\n<link rel=\"canonical\" href=\"https:\/\/dizagn.fr\/en\/product\/nemo-valet-kestar-tebong-ed-c-1984\/\" \/>\n<meta property=\"og:locale\" content=\"en_GB\" \/>\n<meta property=\"og:type\" content=\"article\" \/>\n<meta property=\"og:title\" content=\"NEMO, VALET KESTAR, TEBONG ED., C.1984 - DIZAGN\" \/>\n<meta property=\"og:description\" content=\"NEMO (Fran\u00e7ois Scali et Alain Domingo)  Valet Kestar   Tebong \u00e9dition, France, 1984  M\u00e9tal laqu\u00e9 et plastique  Haut. 108 x Prof. 26 x Long. 60 cm\" \/>\n<meta property=\"og:url\" content=\"https:\/\/dizagn.fr\/en\/product\/nemo-valet-kestar-tebong-ed-c-1984\/\" \/>\n<meta property=\"og:site_name\" content=\"DIZAGN\" \/>\n<meta property=\"article:modified_time\" content=\"2026-04-16T00:52:00+00:00\" \/>\n<meta property=\"og:image\" content=\"https:\/\/dizagn.fr\/wp-content\/uploads\/2023\/03\/NEMO-valet-KESTAR-1.jpg\" \/>\n\t<meta property=\"og:image:width\" content=\"1024\" \/>\n\t<meta property=\"og:image:height\" content=\"1024\" \/>\n\t<meta property=\"og:image:type\" content=\"image\/jpeg\" \/>\n<meta name=\"twitter:card\" content=\"summary_large_image\" \/>\n<meta name=\"twitter:label1\" content=\"Estimated reading time\" \/>\n\t<meta name=\"twitter:data1\" content=\"1 minute\" \/>\n<script type=\"application\/ld+json\" class=\"yoast-schema-graph\">{\"@context\":\"https:\\\/\\\/schema.org\",\"@graph\":[{\"@type\":\"WebPage\",\"@id\":\"https:\\\/\\\/dizagn.fr\\\/produit\\\/nemo-valet-kestar-tebong-ed-c-1984\\\/\",\"url\":\"https:\\\/\\\/dizagn.fr\\\/produit\\\/nemo-valet-kestar-tebong-ed-c-1984\\\/\",\"name\":\"NEMO, VALET KESTAR, TEBONG ED., C.1984 - DIZAGN\",\"isPartOf\":{\"@id\":\"https:\\\/\\\/dizagn.fr\\\/#website\"},\"primaryImageOfPage\":{\"@id\":\"https:\\\/\\\/dizagn.fr\\\/produit\\\/nemo-valet-kestar-tebong-ed-c-1984\\\/#primaryimage\"},\"image\":{\"@id\":\"https:\\\/\\\/dizagn.fr\\\/produit\\\/nemo-valet-kestar-tebong-ed-c-1984\\\/#primaryimage\"},\"thumbnailUrl\":\"https:\\\/\\\/dizagn.fr\\\/wp-content\\\/uploads\\\/2023\\\/03\\\/NEMO-valet-KESTAR-1.jpg\",\"datePublished\":\"2023-03-21T09:32:34+00:00\",\"dateModified\":\"2026-04-16T00:52:00+00:00\",\"breadcrumb\":{\"@id\":\"https:\\\/\\\/dizagn.fr\\\/produit\\\/nemo-valet-kestar-tebong-ed-c-1984\\\/#breadcrumb\"},\"inLanguage\":\"en-GB\",\"potentialAction\":[{\"@type\":\"ReadAction\",\"target\":[\"https:\\\/\\\/dizagn.fr\\\/produit\\\/nemo-valet-kestar-tebong-ed-c-1984\\\/\"]}]},{\"@type\":\"ImageObject\",\"inLanguage\":\"en-GB\",\"@id\":\"https:\\\/\\\/dizagn.fr\\\/produit\\\/nemo-valet-kestar-tebong-ed-c-1984\\\/#primaryimage\",\"url\":\"https:\\\/\\\/dizagn.fr\\\/wp-content\\\/uploads\\\/2023\\\/03\\\/NEMO-valet-KESTAR-1.jpg\",\"contentUrl\":\"https:\\\/\\\/dizagn.fr\\\/wp-content\\\/uploads\\\/2023\\\/03\\\/NEMO-valet-KESTAR-1.jpg\",\"width\":9000,\"height\":9000},{\"@type\":\"BreadcrumbList\",\"@id\":\"https:\\\/\\\/dizagn.fr\\\/produit\\\/nemo-valet-kestar-tebong-ed-c-1984\\\/#breadcrumb\",\"itemListElement\":[{\"@type\":\"ListItem\",\"position\":1,\"name\":\"Accueil\",\"item\":\"https:\\\/\\\/dizagn.fr\\\/\"},{\"@type\":\"ListItem\",\"position\":2,\"name\":\"S\u00e9lection\",\"item\":\"https:\\\/\\\/dizagn.fr\\\/\"},{\"@type\":\"ListItem\",\"position\":3,\"name\":\"NEMO, VALET KESTAR, TEBONG ED., C.1984\"}]},{\"@type\":\"WebSite\",\"@id\":\"https:\\\/\\\/dizagn.fr\\\/#website\",\"url\":\"https:\\\/\\\/dizagn.fr\\\/\",\"name\":\"DIZAGN\",\"description\":\"\",\"publisher\":{\"@id\":\"https:\\\/\\\/dizagn.fr\\\/#organization\"},\"potentialAction\":[{\"@type\":\"SearchAction\",\"target\":{\"@type\":\"EntryPoint\",\"urlTemplate\":\"https:\\\/\\\/dizagn.fr\\\/?s={search_term_string}\"},\"query-input\":{\"@type\":\"PropertyValueSpecification\",\"valueRequired\":true,\"valueName\":\"search_term_string\"}}],\"inLanguage\":\"en-GB\"},{\"@type\":\"Organization\",\"@id\":\"https:\\\/\\\/dizagn.fr\\\/#organization\",\"name\":\"DIZAGN\",\"url\":\"https:\\\/\\\/dizagn.fr\\\/\",\"logo\":{\"@type\":\"ImageObject\",\"inLanguage\":\"en-GB\",\"@id\":\"https:\\\/\\\/dizagn.fr\\\/#\\\/schema\\\/logo\\\/image\\\/\",\"url\":\"https:\\\/\\\/dizagn.fr\\\/wp-content\\\/uploads\\\/2023\\\/03\\\/logo-Dizagn.jpg\",\"contentUrl\":\"https:\\\/\\\/dizagn.fr\\\/wp-content\\\/uploads\\\/2023\\\/03\\\/logo-Dizagn.jpg\",\"width\":304,\"height\":95,\"caption\":\"DIZAGN\"},\"image\":{\"@id\":\"https:\\\/\\\/dizagn.fr\\\/#\\\/schema\\\/logo\\\/image\\\/\"}}]}<\/script>\n<!-- \/ Yoast SEO plugin. -->","yoast_head_json":{"title":"NEMO, VALET KESTAR, TEBONG ED., C.1984 - DIZAGN","robots":{"index":"index","follow":"follow","max-snippet":"max-snippet:-1","max-image-preview":"max-image-preview:large","max-video-preview":"max-video-preview:-1"},"canonical":"https:\/\/dizagn.fr\/en\/product\/nemo-valet-kestar-tebong-ed-c-1984\/","og_locale":"en_GB","og_type":"article","og_title":"NEMO, VALET KESTAR, TEBONG ED., C.1984 - DIZAGN","og_description":"NEMO (Fran\u00e7ois Scali et Alain Domingo)  Valet Kestar   Tebong \u00e9dition, France, 1984  M\u00e9tal laqu\u00e9 et plastique  Haut. 108 x Prof. 26 x Long. 60 cm","og_url":"https:\/\/dizagn.fr\/en\/product\/nemo-valet-kestar-tebong-ed-c-1984\/","og_site_name":"DIZAGN","article_modified_time":"2026-04-16T00:52:00+00:00","og_image":[{"url":"https:\/\/dizagn.fr\/wp-content\/uploads\/2023\/03\/NEMO-valet-KESTAR-1.jpg","width":1024,"height":1024,"type":"image\/jpeg"}],"twitter_card":"summary_large_image","twitter_misc":{"Estimated reading time":"1 minute"},"schema":{"@context":"https:\/\/schema.org","@graph":[{"@type":"WebPage","@id":"https:\/\/dizagn.fr\/produit\/nemo-valet-kestar-tebong-ed-c-1984\/","url":"https:\/\/dizagn.fr\/produit\/nemo-valet-kestar-tebong-ed-c-1984\/","name":"NEMO, VALET KESTAR, TEBONG ED., C.1984 - DIZAGN","isPartOf":{"@id":"https:\/\/dizagn.fr\/#website"},"primaryImageOfPage":{"@id":"https:\/\/dizagn.fr\/produit\/nemo-valet-kestar-tebong-ed-c-1984\/#primaryimage"},"image":{"@id":"https:\/\/dizagn.fr\/produit\/nemo-valet-kestar-tebong-ed-c-1984\/#primaryimage"},"thumbnailUrl":"https:\/\/dizagn.fr\/wp-content\/uploads\/2023\/03\/NEMO-valet-KESTAR-1.jpg","datePublished":"2023-03-21T09:32:34+00:00","dateModified":"2026-04-16T00:52:00+00:00","breadcrumb":{"@id":"https:\/\/dizagn.fr\/produit\/nemo-valet-kestar-tebong-ed-c-1984\/#breadcrumb"},"inLanguage":"en-GB","potentialAction":[{"@type":"ReadAction","target":["https:\/\/dizagn.fr\/produit\/nemo-valet-kestar-tebong-ed-c-1984\/"]}]},{"@type":"ImageObject","inLanguage":"en-GB","@id":"https:\/\/dizagn.fr\/produit\/nemo-valet-kestar-tebong-ed-c-1984\/#primaryimage","url":"https:\/\/dizagn.fr\/wp-content\/uploads\/2023\/03\/NEMO-valet-KESTAR-1.jpg","contentUrl":"https:\/\/dizagn.fr\/wp-content\/uploads\/2023\/03\/NEMO-valet-KESTAR-1.jpg","width":9000,"height":9000},{"@type":"BreadcrumbList","@id":"https:\/\/dizagn.fr\/produit\/nemo-valet-kestar-tebong-ed-c-1984\/#breadcrumb","itemListElement":[{"@type":"ListItem","position":1,"name":"Accueil","item":"https:\/\/dizagn.fr\/"},{"@type":"ListItem","position":2,"name":"S\u00e9lection","item":"https:\/\/dizagn.fr\/"},{"@type":"ListItem","position":3,"name":"NEMO, VALET KESTAR, TEBONG ED., C.1984"}]},{"@type":"WebSite","@id":"https:\/\/dizagn.fr\/#website","url":"https:\/\/dizagn.fr\/","name":"DIZAGN","description":"","publisher":{"@id":"https:\/\/dizagn.fr\/#organization"},"potentialAction":[{"@type":"SearchAction","target":{"@type":"EntryPoint","urlTemplate":"https:\/\/dizagn.fr\/?s={search_term_string}"},"query-input":{"@type":"PropertyValueSpecification","valueRequired":true,"valueName":"search_term_string"}}],"inLanguage":"en-GB"},{"@type":"Organization","@id":"https:\/\/dizagn.fr\/#organization","name":"DIZAGN","url":"https:\/\/dizagn.fr\/","logo":{"@type":"ImageObject","inLanguage":"en-GB","@id":"https:\/\/dizagn.fr\/#\/schema\/logo\/image\/","url":"https:\/\/dizagn.fr\/wp-content\/uploads\/2023\/03\/logo-Dizagn.jpg","contentUrl":"https:\/\/dizagn.fr\/wp-content\/uploads\/2023\/03\/logo-Dizagn.jpg","width":304,"height":95,"caption":"DIZAGN"},"image":{"@id":"https:\/\/dizagn.fr\/#\/schema\/logo\/image\/"}}]}},"_links":{"self":[{"href":"https:\/\/dizagn.fr\/en\/wp-json\/wp\/v2\/product\/1140","targetHints":{"allow":["GET"]}}],"collection":[{"href":"https:\/\/dizagn.fr\/en\/wp-json\/wp\/v2\/product"}],"about":[{"href":"https:\/\/dizagn.fr\/en\/wp-json\/wp\/v2\/types\/product"}],"wp:featuredmedia":[{"embeddable":true,"href":"https:\/\/dizagn.fr\/en\/wp-json\/wp\/v2\/media\/1141"}],"wp:attachment":[{"href":"https:\/\/dizagn.fr\/en\/wp-json\/wp\/v2\/media?parent=1140"}],"wp:term":[{"taxonomy":"product_brand","embeddable":true,"href":"https:\/\/dizagn.fr\/en\/wp-json\/wp\/v2\/product_brand?post=1140"},{"taxonomy":"product_cat","embeddable":true,"href":"https:\/\/dizagn.fr\/en\/wp-json\/wp\/v2\/product_cat?post=1140"},{"taxonomy":"product_tag","embeddable":true,"href":"https:\/\/dizagn.fr\/en\/wp-json\/wp\/v2\/product_tag?post=1140"}],"curies":[{"name":"wp","href":"https:\/\/api.w.org\/{rel}","templated":true}]}}