{"id":1128,"date":"2023-03-17T23:11:04","date_gmt":"2023-03-17T22:11:04","guid":{"rendered":"http:\/\/dizagn.fr\/?post_type=product&#038;p=1128"},"modified":"2025-10-06T11:34:32","modified_gmt":"2025-10-06T09:34:32","slug":"r-j-caillette-chaise-pliante-rjc-via-ed-1986","status":"publish","type":"product","link":"https:\/\/dizagn.fr\/en\/product\/r-j-caillette-chaise-pliante-rjc-via-ed-1986\/","title":{"rendered":"R-J CAILLETTE, RJC FOLDING CHAIR, VIA ED. 1986"},"content":{"rendered":"<p>Literature: <\/p>\n<p>Archives Ren\u00e9-Jean Caillette, Paris<\/p>\n<p>References: <\/p>\n<p>On the occasion of a Permanent Appeal in 1986, VIA publishes the RJC chair by Ren\u00e9-Jean Caillette.<br \/>\nRenewal of the M.D.F. (medium) which marks the years 1980. <\/p>\n<p>Mus\u00e9e nationale d\u2019Art Moderne \u2013 Centre Georges Pompidou Collection<br \/>\nN\u00b0 inventory AM2010-1-74<br \/>\nDonation of the V.I.A.\/ French furniture industries, 2010<br \/>\nAide \u00e0 la cr\u00e9ation, 1986<\/p>","protected":false},"excerpt":{"rendered":"<p>Ren\u00e9-Jean Caillette (1919-2004)<\/p>\n<p>Folding and Reversible RJC Chair<\/p>\n<p>VIA edition, France, 1986<\/p>\n<p>Varnished and stained black M.D.F. (medium), chromed metal<\/p>\n<p>Height. 88 x Width. 45 x Depth. 45 cm<\/p>\n<p>Two available<\/p>","protected":false},"featured_media":1131,"template":"","meta":{"_et_pb_use_builder":"","_et_pb_old_content":"","_et_gb_content_width":""},"product_brand":[],"product_cat":[19],"product_tag":[],"class_list":{"0":"post-1128","1":"product","2":"type-product","3":"status-publish","4":"has-post-thumbnail","6":"product_cat-archives","8":"first","9":"instock","10":"shipping-taxable","11":"purchasable","12":"product-type-simple"},"yoast_head":"<!-- This site is optimized with the Yoast SEO plugin v27.1.1 - https:\/\/yoast.com\/product\/yoast-seo-wordpress\/ -->\n<title>R-J CAILLETTE, CHAISE PLIANTE RJC, VIA ED., 1986 - DIZAGN<\/title>\n<meta name=\"robots\" content=\"index, follow, max-snippet:-1, max-image-preview:large, max-video-preview:-1\" \/>\n<link rel=\"canonical\" href=\"https:\/\/dizagn.fr\/en\/product\/r-j-caillette-chaise-pliante-rjc-via-ed-1986\/\" \/>\n<meta property=\"og:locale\" content=\"en_GB\" \/>\n<meta property=\"og:type\" content=\"article\" \/>\n<meta property=\"og:title\" content=\"R-J CAILLETTE, CHAISE PLIANTE RJC, VIA ED., 1986 - DIZAGN\" \/>\n<meta property=\"og:description\" content=\"Ren\u00e9-Jean Caillette (1919-2004)  Chaise pliante et r\u00e9versible RJC  VIA \u00e9diteur, France, 1986  M\u00e9dium verni et teint\u00e9 noir, fil d\u2019acier chrom\u00e9  Haut. 88 x Larg. 45 x Prof. 45 cm  Deux exemplaires disponibles\" \/>\n<meta property=\"og:url\" content=\"https:\/\/dizagn.fr\/en\/product\/r-j-caillette-chaise-pliante-rjc-via-ed-1986\/\" \/>\n<meta property=\"og:site_name\" content=\"DIZAGN\" \/>\n<meta property=\"article:modified_time\" content=\"2025-10-06T09:34:32+00:00\" \/>\n<meta property=\"og:image\" content=\"https:\/\/dizagn.fr\/wp-content\/uploads\/2023\/03\/CAILLETTE-R-J-CHAIRS-VIA-1.jpg\" \/>\n\t<meta property=\"og:image:width\" content=\"1772\" \/>\n\t<meta property=\"og:image:height\" content=\"1772\" \/>\n\t<meta property=\"og:image:type\" content=\"image\/jpeg\" \/>\n<meta name=\"twitter:card\" content=\"summary_large_image\" \/>\n<meta name=\"twitter:label1\" content=\"Estimated reading time\" \/>\n\t<meta name=\"twitter:data1\" content=\"1 minute\" \/>\n<script type=\"application\/ld+json\" class=\"yoast-schema-graph\">{\"@context\":\"https:\/\/schema.org\",\"@graph\":[{\"@type\":\"WebPage\",\"@id\":\"https:\/\/dizagn.fr\/produit\/r-j-caillette-chaise-pliante-rjc-via-ed-1986\/\",\"url\":\"https:\/\/dizagn.fr\/produit\/r-j-caillette-chaise-pliante-rjc-via-ed-1986\/\",\"name\":\"R-J CAILLETTE, CHAISE PLIANTE RJC, VIA ED., 1986 - DIZAGN\",\"isPartOf\":{\"@id\":\"https:\/\/dizagn.fr\/#website\"},\"primaryImageOfPage\":{\"@id\":\"https:\/\/dizagn.fr\/produit\/r-j-caillette-chaise-pliante-rjc-via-ed-1986\/#primaryimage\"},\"image\":{\"@id\":\"https:\/\/dizagn.fr\/produit\/r-j-caillette-chaise-pliante-rjc-via-ed-1986\/#primaryimage\"},\"thumbnailUrl\":\"https:\/\/dizagn.fr\/wp-content\/uploads\/2023\/03\/CAILLETTE-R-J-CHAIRS-VIA-1.jpg\",\"datePublished\":\"2023-03-17T22:11:04+00:00\",\"dateModified\":\"2025-10-06T09:34:32+00:00\",\"breadcrumb\":{\"@id\":\"https:\/\/dizagn.fr\/produit\/r-j-caillette-chaise-pliante-rjc-via-ed-1986\/#breadcrumb\"},\"inLanguage\":\"en-GB\",\"potentialAction\":[{\"@type\":\"ReadAction\",\"target\":[\"https:\/\/dizagn.fr\/produit\/r-j-caillette-chaise-pliante-rjc-via-ed-1986\/\"]}]},{\"@type\":\"ImageObject\",\"inLanguage\":\"en-GB\",\"@id\":\"https:\/\/dizagn.fr\/produit\/r-j-caillette-chaise-pliante-rjc-via-ed-1986\/#primaryimage\",\"url\":\"https:\/\/dizagn.fr\/wp-content\/uploads\/2023\/03\/CAILLETTE-R-J-CHAIRS-VIA-1.jpg\",\"contentUrl\":\"https:\/\/dizagn.fr\/wp-content\/uploads\/2023\/03\/CAILLETTE-R-J-CHAIRS-VIA-1.jpg\",\"width\":1772,\"height\":1772},{\"@type\":\"BreadcrumbList\",\"@id\":\"https:\/\/dizagn.fr\/produit\/r-j-caillette-chaise-pliante-rjc-via-ed-1986\/#breadcrumb\",\"itemListElement\":[{\"@type\":\"ListItem\",\"position\":1,\"name\":\"Accueil\",\"item\":\"https:\/\/dizagn.fr\/\"},{\"@type\":\"ListItem\",\"position\":2,\"name\":\"S\u00e9lection\",\"item\":\"https:\/\/dizagn.fr\/\"},{\"@type\":\"ListItem\",\"position\":3,\"name\":\"R-J CAILLETTE, CHAISE PLIANTE RJC, VIA ED., 1986\"}]},{\"@type\":\"WebSite\",\"@id\":\"https:\/\/dizagn.fr\/#website\",\"url\":\"https:\/\/dizagn.fr\/\",\"name\":\"DIZAGN\",\"description\":\"\",\"potentialAction\":[{\"@type\":\"SearchAction\",\"target\":{\"@type\":\"EntryPoint\",\"urlTemplate\":\"https:\/\/dizagn.fr\/?s={search_term_string}\"},\"query-input\":{\"@type\":\"PropertyValueSpecification\",\"valueRequired\":true,\"valueName\":\"search_term_string\"}}],\"inLanguage\":\"en-GB\"}]}<\/script>\n<!-- \/ Yoast SEO plugin. -->","yoast_head_json":{"title":"R-J CAILLETTE, CHAISE PLIANTE RJC, VIA ED., 1986 - DIZAGN","robots":{"index":"index","follow":"follow","max-snippet":"max-snippet:-1","max-image-preview":"max-image-preview:large","max-video-preview":"max-video-preview:-1"},"canonical":"https:\/\/dizagn.fr\/en\/product\/r-j-caillette-chaise-pliante-rjc-via-ed-1986\/","og_locale":"en_GB","og_type":"article","og_title":"R-J CAILLETTE, CHAISE PLIANTE RJC, VIA ED., 1986 - DIZAGN","og_description":"Ren\u00e9-Jean Caillette (1919-2004)  Chaise pliante et r\u00e9versible RJC  VIA \u00e9diteur, France, 1986  M\u00e9dium verni et teint\u00e9 noir, fil d\u2019acier chrom\u00e9  Haut. 88 x Larg. 45 x Prof. 45 cm  Deux exemplaires disponibles","og_url":"https:\/\/dizagn.fr\/en\/product\/r-j-caillette-chaise-pliante-rjc-via-ed-1986\/","og_site_name":"DIZAGN","article_modified_time":"2025-10-06T09:34:32+00:00","og_image":[{"width":1772,"height":1772,"url":"https:\/\/dizagn.fr\/wp-content\/uploads\/2023\/03\/CAILLETTE-R-J-CHAIRS-VIA-1.jpg","type":"image\/jpeg"}],"twitter_card":"summary_large_image","twitter_misc":{"Estimated reading time":"1 minute"},"schema":{"@context":"https:\/\/schema.org","@graph":[{"@type":"WebPage","@id":"https:\/\/dizagn.fr\/produit\/r-j-caillette-chaise-pliante-rjc-via-ed-1986\/","url":"https:\/\/dizagn.fr\/produit\/r-j-caillette-chaise-pliante-rjc-via-ed-1986\/","name":"R-J CAILLETTE, CHAISE PLIANTE RJC, VIA ED., 1986 - DIZAGN","isPartOf":{"@id":"https:\/\/dizagn.fr\/#website"},"primaryImageOfPage":{"@id":"https:\/\/dizagn.fr\/produit\/r-j-caillette-chaise-pliante-rjc-via-ed-1986\/#primaryimage"},"image":{"@id":"https:\/\/dizagn.fr\/produit\/r-j-caillette-chaise-pliante-rjc-via-ed-1986\/#primaryimage"},"thumbnailUrl":"https:\/\/dizagn.fr\/wp-content\/uploads\/2023\/03\/CAILLETTE-R-J-CHAIRS-VIA-1.jpg","datePublished":"2023-03-17T22:11:04+00:00","dateModified":"2025-10-06T09:34:32+00:00","breadcrumb":{"@id":"https:\/\/dizagn.fr\/produit\/r-j-caillette-chaise-pliante-rjc-via-ed-1986\/#breadcrumb"},"inLanguage":"en-GB","potentialAction":[{"@type":"ReadAction","target":["https:\/\/dizagn.fr\/produit\/r-j-caillette-chaise-pliante-rjc-via-ed-1986\/"]}]},{"@type":"ImageObject","inLanguage":"en-GB","@id":"https:\/\/dizagn.fr\/produit\/r-j-caillette-chaise-pliante-rjc-via-ed-1986\/#primaryimage","url":"https:\/\/dizagn.fr\/wp-content\/uploads\/2023\/03\/CAILLETTE-R-J-CHAIRS-VIA-1.jpg","contentUrl":"https:\/\/dizagn.fr\/wp-content\/uploads\/2023\/03\/CAILLETTE-R-J-CHAIRS-VIA-1.jpg","width":1772,"height":1772},{"@type":"BreadcrumbList","@id":"https:\/\/dizagn.fr\/produit\/r-j-caillette-chaise-pliante-rjc-via-ed-1986\/#breadcrumb","itemListElement":[{"@type":"ListItem","position":1,"name":"Accueil","item":"https:\/\/dizagn.fr\/"},{"@type":"ListItem","position":2,"name":"S\u00e9lection","item":"https:\/\/dizagn.fr\/"},{"@type":"ListItem","position":3,"name":"R-J CAILLETTE, CHAISE PLIANTE RJC, VIA ED., 1986"}]},{"@type":"WebSite","@id":"https:\/\/dizagn.fr\/#website","url":"https:\/\/dizagn.fr\/","name":"DIZAGN","description":"","potentialAction":[{"@type":"SearchAction","target":{"@type":"EntryPoint","urlTemplate":"https:\/\/dizagn.fr\/?s={search_term_string}"},"query-input":{"@type":"PropertyValueSpecification","valueRequired":true,"valueName":"search_term_string"}}],"inLanguage":"en-GB"}]}},"_links":{"self":[{"href":"https:\/\/dizagn.fr\/en\/wp-json\/wp\/v2\/product\/1128","targetHints":{"allow":["GET"]}}],"collection":[{"href":"https:\/\/dizagn.fr\/en\/wp-json\/wp\/v2\/product"}],"about":[{"href":"https:\/\/dizagn.fr\/en\/wp-json\/wp\/v2\/types\/product"}],"wp:featuredmedia":[{"embeddable":true,"href":"https:\/\/dizagn.fr\/en\/wp-json\/wp\/v2\/media\/1131"}],"wp:attachment":[{"href":"https:\/\/dizagn.fr\/en\/wp-json\/wp\/v2\/media?parent=1128"}],"wp:term":[{"taxonomy":"product_brand","embeddable":true,"href":"https:\/\/dizagn.fr\/en\/wp-json\/wp\/v2\/product_brand?post=1128"},{"taxonomy":"product_cat","embeddable":true,"href":"https:\/\/dizagn.fr\/en\/wp-json\/wp\/v2\/product_cat?post=1128"},{"taxonomy":"product_tag","embeddable":true,"href":"https:\/\/dizagn.fr\/en\/wp-json\/wp\/v2\/product_tag?post=1128"}],"curies":[{"name":"wp","href":"https:\/\/api.w.org\/{rel}","templated":true}]}}