{"id":1106,"date":"2024-03-17T16:05:49","date_gmt":"2024-03-17T15:05:49","guid":{"rendered":"http:\/\/dizagn.fr\/?post_type=product&#038;p=1106"},"modified":"2024-04-10T23:14:10","modified_gmt":"2024-04-10T21:14:10","slug":"rene-jean-caillette-lampadaire-b10-disderot-ed-c-1970","status":"publish","type":"product","link":"https:\/\/dizagn.fr\/en\/product\/rene-jean-caillette-lampadaire-b10-disderot-ed-c-1970\/","title":{"rendered":"R-J CAILLETTE, B10 FLOORLAMP, DISDEROT ED., 1970"},"content":{"rendered":"<p>References: <\/p>\n<p>Charron Booth, Arts m\u00e9nagers Fair, Paris, France, 1971<\/p>\n<p>Literature: <\/p>\n<p>Commercial catalogue Disderot, 1970<\/p>","protected":false},"excerpt":{"rendered":"<p>Ren\u00e9-Jean Caillette (1919-2004)<\/p>\n<p>Floor lamp B10 (11 lights), Disderot edition, circa 1970<\/p>\n<p>White lacquered aluminum<\/p>\n<p>Height 147 x Diam. 33 cm<\/p>","protected":false},"featured_media":1231,"template":"","meta":{"_et_pb_use_builder":"","_et_pb_old_content":"","_et_gb_content_width":""},"product_brand":[],"product_cat":[19],"product_tag":[],"class_list":{"0":"post-1106","1":"product","2":"type-product","3":"status-publish","4":"has-post-thumbnail","6":"product_cat-archives","8":"first","9":"instock","10":"shipping-taxable","11":"product-type-simple"},"yoast_head":"<!-- This site is optimized with the Yoast SEO plugin v27.1.1 - https:\/\/yoast.com\/product\/yoast-seo-wordpress\/ -->\n<title>R-J CAILLETTE, LAMPADAIRE B10, DISDEROT ED., 1970 - DIZAGN<\/title>\n<meta name=\"robots\" content=\"index, follow, max-snippet:-1, max-image-preview:large, max-video-preview:-1\" \/>\n<link rel=\"canonical\" href=\"https:\/\/dizagn.fr\/en\/product\/rene-jean-caillette-lampadaire-b10-disderot-ed-c-1970\/\" \/>\n<meta property=\"og:locale\" content=\"en_GB\" \/>\n<meta property=\"og:type\" content=\"article\" \/>\n<meta property=\"og:title\" content=\"R-J CAILLETTE, LAMPADAIRE B10, DISDEROT ED., 1970 - DIZAGN\" \/>\n<meta property=\"og:description\" content=\"Ren\u00e9-Jean Caillette (1919-2004)  Lampadaire B10 (11 lumi\u00e8res), Disderot \u00e9diteur, circa 1970  Aluminium laqu\u00e9 blanc  Haut. 147 x Diam. 33 cm\" \/>\n<meta property=\"og:url\" content=\"https:\/\/dizagn.fr\/en\/product\/rene-jean-caillette-lampadaire-b10-disderot-ed-c-1970\/\" \/>\n<meta property=\"og:site_name\" content=\"DIZAGN\" \/>\n<meta property=\"article:modified_time\" content=\"2024-04-10T21:14:10+00:00\" \/>\n<meta property=\"og:image\" content=\"https:\/\/dizagn.fr\/wp-content\/uploads\/2024\/03\/CAILLETTE-RENE-JEAN-lampadaire-DIZAGN-BD.jpg\" \/>\n\t<meta property=\"og:image:width\" content=\"925\" \/>\n\t<meta property=\"og:image:height\" content=\"1000\" \/>\n\t<meta property=\"og:image:type\" content=\"image\/jpeg\" \/>\n<meta name=\"twitter:card\" content=\"summary_large_image\" \/>\n<meta name=\"twitter:label1\" content=\"Estimated reading time\" \/>\n\t<meta name=\"twitter:data1\" content=\"1 minute\" \/>\n<script type=\"application\/ld+json\" class=\"yoast-schema-graph\">{\"@context\":\"https:\/\/schema.org\",\"@graph\":[{\"@type\":\"WebPage\",\"@id\":\"https:\/\/dizagn.fr\/produit\/rene-jean-caillette-lampadaire-b10-disderot-ed-c-1970\/\",\"url\":\"https:\/\/dizagn.fr\/produit\/rene-jean-caillette-lampadaire-b10-disderot-ed-c-1970\/\",\"name\":\"R-J CAILLETTE, LAMPADAIRE B10, DISDEROT ED., 1970 - DIZAGN\",\"isPartOf\":{\"@id\":\"https:\/\/dizagn.fr\/#website\"},\"primaryImageOfPage\":{\"@id\":\"https:\/\/dizagn.fr\/produit\/rene-jean-caillette-lampadaire-b10-disderot-ed-c-1970\/#primaryimage\"},\"image\":{\"@id\":\"https:\/\/dizagn.fr\/produit\/rene-jean-caillette-lampadaire-b10-disderot-ed-c-1970\/#primaryimage\"},\"thumbnailUrl\":\"https:\/\/dizagn.fr\/wp-content\/uploads\/2024\/03\/CAILLETTE-RENE-JEAN-lampadaire-DIZAGN-BD.jpg\",\"datePublished\":\"2024-03-17T15:05:49+00:00\",\"dateModified\":\"2024-04-10T21:14:10+00:00\",\"breadcrumb\":{\"@id\":\"https:\/\/dizagn.fr\/produit\/rene-jean-caillette-lampadaire-b10-disderot-ed-c-1970\/#breadcrumb\"},\"inLanguage\":\"en-GB\",\"potentialAction\":[{\"@type\":\"ReadAction\",\"target\":[\"https:\/\/dizagn.fr\/produit\/rene-jean-caillette-lampadaire-b10-disderot-ed-c-1970\/\"]}]},{\"@type\":\"ImageObject\",\"inLanguage\":\"en-GB\",\"@id\":\"https:\/\/dizagn.fr\/produit\/rene-jean-caillette-lampadaire-b10-disderot-ed-c-1970\/#primaryimage\",\"url\":\"https:\/\/dizagn.fr\/wp-content\/uploads\/2024\/03\/CAILLETTE-RENE-JEAN-lampadaire-DIZAGN-BD.jpg\",\"contentUrl\":\"https:\/\/dizagn.fr\/wp-content\/uploads\/2024\/03\/CAILLETTE-RENE-JEAN-lampadaire-DIZAGN-BD.jpg\",\"width\":925,\"height\":1000},{\"@type\":\"BreadcrumbList\",\"@id\":\"https:\/\/dizagn.fr\/produit\/rene-jean-caillette-lampadaire-b10-disderot-ed-c-1970\/#breadcrumb\",\"itemListElement\":[{\"@type\":\"ListItem\",\"position\":1,\"name\":\"Accueil\",\"item\":\"https:\/\/dizagn.fr\/\"},{\"@type\":\"ListItem\",\"position\":2,\"name\":\"S\u00e9lection\",\"item\":\"https:\/\/dizagn.fr\/\"},{\"@type\":\"ListItem\",\"position\":3,\"name\":\"R-J CAILLETTE, LAMPADAIRE B10, DISDEROT ED., 1970\"}]},{\"@type\":\"WebSite\",\"@id\":\"https:\/\/dizagn.fr\/#website\",\"url\":\"https:\/\/dizagn.fr\/\",\"name\":\"DIZAGN\",\"description\":\"\",\"potentialAction\":[{\"@type\":\"SearchAction\",\"target\":{\"@type\":\"EntryPoint\",\"urlTemplate\":\"https:\/\/dizagn.fr\/?s={search_term_string}\"},\"query-input\":{\"@type\":\"PropertyValueSpecification\",\"valueRequired\":true,\"valueName\":\"search_term_string\"}}],\"inLanguage\":\"en-GB\"}]}<\/script>\n<!-- \/ Yoast SEO plugin. -->","yoast_head_json":{"title":"R-J CAILLETTE, LAMPADAIRE B10, DISDEROT ED., 1970 - DIZAGN","robots":{"index":"index","follow":"follow","max-snippet":"max-snippet:-1","max-image-preview":"max-image-preview:large","max-video-preview":"max-video-preview:-1"},"canonical":"https:\/\/dizagn.fr\/en\/product\/rene-jean-caillette-lampadaire-b10-disderot-ed-c-1970\/","og_locale":"en_GB","og_type":"article","og_title":"R-J CAILLETTE, LAMPADAIRE B10, DISDEROT ED., 1970 - DIZAGN","og_description":"Ren\u00e9-Jean Caillette (1919-2004)  Lampadaire B10 (11 lumi\u00e8res), Disderot \u00e9diteur, circa 1970  Aluminium laqu\u00e9 blanc  Haut. 147 x Diam. 33 cm","og_url":"https:\/\/dizagn.fr\/en\/product\/rene-jean-caillette-lampadaire-b10-disderot-ed-c-1970\/","og_site_name":"DIZAGN","article_modified_time":"2024-04-10T21:14:10+00:00","og_image":[{"width":925,"height":1000,"url":"https:\/\/dizagn.fr\/wp-content\/uploads\/2024\/03\/CAILLETTE-RENE-JEAN-lampadaire-DIZAGN-BD.jpg","type":"image\/jpeg"}],"twitter_card":"summary_large_image","twitter_misc":{"Estimated reading time":"1 minute"},"schema":{"@context":"https:\/\/schema.org","@graph":[{"@type":"WebPage","@id":"https:\/\/dizagn.fr\/produit\/rene-jean-caillette-lampadaire-b10-disderot-ed-c-1970\/","url":"https:\/\/dizagn.fr\/produit\/rene-jean-caillette-lampadaire-b10-disderot-ed-c-1970\/","name":"R-J CAILLETTE, LAMPADAIRE B10, DISDEROT ED., 1970 - DIZAGN","isPartOf":{"@id":"https:\/\/dizagn.fr\/#website"},"primaryImageOfPage":{"@id":"https:\/\/dizagn.fr\/produit\/rene-jean-caillette-lampadaire-b10-disderot-ed-c-1970\/#primaryimage"},"image":{"@id":"https:\/\/dizagn.fr\/produit\/rene-jean-caillette-lampadaire-b10-disderot-ed-c-1970\/#primaryimage"},"thumbnailUrl":"https:\/\/dizagn.fr\/wp-content\/uploads\/2024\/03\/CAILLETTE-RENE-JEAN-lampadaire-DIZAGN-BD.jpg","datePublished":"2024-03-17T15:05:49+00:00","dateModified":"2024-04-10T21:14:10+00:00","breadcrumb":{"@id":"https:\/\/dizagn.fr\/produit\/rene-jean-caillette-lampadaire-b10-disderot-ed-c-1970\/#breadcrumb"},"inLanguage":"en-GB","potentialAction":[{"@type":"ReadAction","target":["https:\/\/dizagn.fr\/produit\/rene-jean-caillette-lampadaire-b10-disderot-ed-c-1970\/"]}]},{"@type":"ImageObject","inLanguage":"en-GB","@id":"https:\/\/dizagn.fr\/produit\/rene-jean-caillette-lampadaire-b10-disderot-ed-c-1970\/#primaryimage","url":"https:\/\/dizagn.fr\/wp-content\/uploads\/2024\/03\/CAILLETTE-RENE-JEAN-lampadaire-DIZAGN-BD.jpg","contentUrl":"https:\/\/dizagn.fr\/wp-content\/uploads\/2024\/03\/CAILLETTE-RENE-JEAN-lampadaire-DIZAGN-BD.jpg","width":925,"height":1000},{"@type":"BreadcrumbList","@id":"https:\/\/dizagn.fr\/produit\/rene-jean-caillette-lampadaire-b10-disderot-ed-c-1970\/#breadcrumb","itemListElement":[{"@type":"ListItem","position":1,"name":"Accueil","item":"https:\/\/dizagn.fr\/"},{"@type":"ListItem","position":2,"name":"S\u00e9lection","item":"https:\/\/dizagn.fr\/"},{"@type":"ListItem","position":3,"name":"R-J CAILLETTE, LAMPADAIRE B10, DISDEROT ED., 1970"}]},{"@type":"WebSite","@id":"https:\/\/dizagn.fr\/#website","url":"https:\/\/dizagn.fr\/","name":"DIZAGN","description":"","potentialAction":[{"@type":"SearchAction","target":{"@type":"EntryPoint","urlTemplate":"https:\/\/dizagn.fr\/?s={search_term_string}"},"query-input":{"@type":"PropertyValueSpecification","valueRequired":true,"valueName":"search_term_string"}}],"inLanguage":"en-GB"}]}},"_links":{"self":[{"href":"https:\/\/dizagn.fr\/en\/wp-json\/wp\/v2\/product\/1106","targetHints":{"allow":["GET"]}}],"collection":[{"href":"https:\/\/dizagn.fr\/en\/wp-json\/wp\/v2\/product"}],"about":[{"href":"https:\/\/dizagn.fr\/en\/wp-json\/wp\/v2\/types\/product"}],"wp:featuredmedia":[{"embeddable":true,"href":"https:\/\/dizagn.fr\/en\/wp-json\/wp\/v2\/media\/1231"}],"wp:attachment":[{"href":"https:\/\/dizagn.fr\/en\/wp-json\/wp\/v2\/media?parent=1106"}],"wp:term":[{"taxonomy":"product_brand","embeddable":true,"href":"https:\/\/dizagn.fr\/en\/wp-json\/wp\/v2\/product_brand?post=1106"},{"taxonomy":"product_cat","embeddable":true,"href":"https:\/\/dizagn.fr\/en\/wp-json\/wp\/v2\/product_cat?post=1106"},{"taxonomy":"product_tag","embeddable":true,"href":"https:\/\/dizagn.fr\/en\/wp-json\/wp\/v2\/product_tag?post=1106"}],"curies":[{"name":"wp","href":"https:\/\/api.w.org\/{rel}","templated":true}]}}