{"id":1102,"date":"2025-10-06T15:55:14","date_gmt":"2025-10-06T13:55:14","guid":{"rendered":"http:\/\/dizagn.fr\/?post_type=product&#038;p=1102"},"modified":"2025-12-04T13:43:45","modified_gmt":"2025-12-04T12:43:45","slug":"hector-guimard-ceramique-de-bruyn-ed-c-1900","status":"publish","type":"product","link":"https:\/\/dizagn.fr\/en\/product\/hector-guimard-ceramique-de-bruyn-ed-c-1900\/","title":{"rendered":"HECTOR GUIMARD, rare set of 5 ceramics, DE BRUYN ed., circa 1900"},"content":{"rendered":"<p>References: <\/p>\n<p>In the 18th century, Jean Bernard De Bruyn already ran a pottery in Louvain, Belgium.<\/p>\n<p>After his death in 1805, his son Martin De Bruyn ran the earthenware factory, which he then passed on to his son Denis De Bruyn.<br \/>\nIt was Antoine Gustave De Bruyn, son of Denis, who settled in Fives in 1864. <\/p>\n<p>Initially established on Rue de Juliers, he moved to Rue de Malakoff, before taking up residence on Rue de l'Esp\u00e9rance at number 22. This is the address where the earthenware factory was built.<\/p>\n<p>From 1887 onwards, the first \u201cdecorated slips\u201d appeared from the De Bruyn earthenware factory in Fives-Lille: flowerpots, pitchers, tobacco jars, but also planters and vases, mantelpieces, umbrella stands.<br \/>\nAnd in 1889 De Bruyn was awarded a medal at the Universal Exhibition in Paris. <\/p>\n<p>In 1917, a fire ravaged the factory, severely disrupting production.<\/p>\n<p>If at the beginning of the 20th century, the earthenware factory employed some 150 workers and extended over approximately 1.4 hectares, it had up to 400 at the dawn of the First World War. <\/p>\n<p>Sold in the 1950s, the earthenware factory continued to produce before being definitively closed in 1962.<\/p>","protected":false},"excerpt":{"rendered":"<p>Hector Guimard (1867-1942) after<\/p>\n<p>Rare set of five De Chalmont planters, De Bruyn ceramic factory, circa 1890\/1900<\/p>\n<p>In faience with oval body and four detached handles<\/p>\n<p>Shaded green enamel enhanced with gold and blue on the inside<\/p>\n<p>W. 28 x H. 23 cm <\/p>\n<p>Condition report: a few chips under the base<\/p>","protected":false},"featured_media":1927,"template":"","meta":{"_et_pb_use_builder":"","_et_pb_old_content":"","_et_gb_content_width":""},"product_brand":[],"product_cat":[18],"product_tag":[],"class_list":{"0":"post-1102","1":"product","2":"type-product","3":"status-publish","4":"has-post-thumbnail","6":"product_cat-selection","8":"first","9":"instock","10":"shipping-taxable","11":"purchasable","12":"product-type-simple"},"yoast_head":"<!-- This site is optimized with the Yoast SEO plugin v27.4 - https:\/\/yoast.com\/product\/yoast-seo-wordpress\/ -->\n<title>HECTOR GUIMARD, rare set 5 c\u00e9ramiques, DE BRUYN ed., circa 1900 - DIZAGN<\/title>\n<meta name=\"robots\" content=\"index, follow, max-snippet:-1, max-image-preview:large, max-video-preview:-1\" \/>\n<link rel=\"canonical\" href=\"https:\/\/dizagn.fr\/en\/product\/hector-guimard-ceramique-de-bruyn-ed-c-1900\/\" \/>\n<meta property=\"og:locale\" content=\"en_GB\" \/>\n<meta property=\"og:type\" content=\"article\" \/>\n<meta property=\"og:title\" content=\"HECTOR GUIMARD, rare set 5 c\u00e9ramiques, DE BRUYN ed., circa 1900 - DIZAGN\" \/>\n<meta property=\"og:description\" content=\"Hector Guimard (1867-1942) d&#039;apr\u00e8s  Rare ensemble de cinq Cache-pot dit De Chalmont, fa\u00efencerie De Bruyn, circa 1890\/1900  En fa\u00efence \u00e0 corps ovalis\u00e9 \u00e9paul\u00e9 et quatre anses d\u00e9tach\u00e9es  \u00c9mail vert nuanc\u00e9 rehauss\u00e9 de dorure et bleu en face interne  Larg. 28 x Haut. 23 cm   Rapport de condition : quelques \u00e9clats sous la base\" \/>\n<meta property=\"og:url\" content=\"https:\/\/dizagn.fr\/en\/product\/hector-guimard-ceramique-de-bruyn-ed-c-1900\/\" \/>\n<meta property=\"og:site_name\" content=\"DIZAGN\" \/>\n<meta property=\"article:modified_time\" content=\"2025-12-04T12:43:45+00:00\" \/>\n<meta property=\"og:image\" content=\"https:\/\/dizagn.fr\/wp-content\/uploads\/2023\/03\/GUIMARD-serie-5-ceramiques-1-scaled.jpg\" \/>\n\t<meta property=\"og:image:width\" content=\"2560\" \/>\n\t<meta property=\"og:image:height\" content=\"2560\" \/>\n\t<meta property=\"og:image:type\" content=\"image\/jpeg\" \/>\n<meta name=\"twitter:card\" content=\"summary_large_image\" \/>\n<meta name=\"twitter:label1\" content=\"Estimated reading time\" \/>\n\t<meta name=\"twitter:data1\" content=\"2 minutes\" \/>\n<script type=\"application\/ld+json\" class=\"yoast-schema-graph\">{\"@context\":\"https:\\\/\\\/schema.org\",\"@graph\":[{\"@type\":\"WebPage\",\"@id\":\"https:\\\/\\\/dizagn.fr\\\/produit\\\/hector-guimard-ceramique-de-bruyn-ed-c-1900\\\/\",\"url\":\"https:\\\/\\\/dizagn.fr\\\/produit\\\/hector-guimard-ceramique-de-bruyn-ed-c-1900\\\/\",\"name\":\"HECTOR GUIMARD, rare set 5 c\u00e9ramiques, DE BRUYN ed., circa 1900 - DIZAGN\",\"isPartOf\":{\"@id\":\"https:\\\/\\\/dizagn.fr\\\/#website\"},\"primaryImageOfPage\":{\"@id\":\"https:\\\/\\\/dizagn.fr\\\/produit\\\/hector-guimard-ceramique-de-bruyn-ed-c-1900\\\/#primaryimage\"},\"image\":{\"@id\":\"https:\\\/\\\/dizagn.fr\\\/produit\\\/hector-guimard-ceramique-de-bruyn-ed-c-1900\\\/#primaryimage\"},\"thumbnailUrl\":\"https:\\\/\\\/dizagn.fr\\\/wp-content\\\/uploads\\\/2023\\\/03\\\/GUIMARD-serie-5-ceramiques-1-scaled.jpg\",\"datePublished\":\"2025-10-06T13:55:14+00:00\",\"dateModified\":\"2025-12-04T12:43:45+00:00\",\"breadcrumb\":{\"@id\":\"https:\\\/\\\/dizagn.fr\\\/produit\\\/hector-guimard-ceramique-de-bruyn-ed-c-1900\\\/#breadcrumb\"},\"inLanguage\":\"en-GB\",\"potentialAction\":[{\"@type\":\"ReadAction\",\"target\":[\"https:\\\/\\\/dizagn.fr\\\/produit\\\/hector-guimard-ceramique-de-bruyn-ed-c-1900\\\/\"]}]},{\"@type\":\"ImageObject\",\"inLanguage\":\"en-GB\",\"@id\":\"https:\\\/\\\/dizagn.fr\\\/produit\\\/hector-guimard-ceramique-de-bruyn-ed-c-1900\\\/#primaryimage\",\"url\":\"https:\\\/\\\/dizagn.fr\\\/wp-content\\\/uploads\\\/2023\\\/03\\\/GUIMARD-serie-5-ceramiques-1-scaled.jpg\",\"contentUrl\":\"https:\\\/\\\/dizagn.fr\\\/wp-content\\\/uploads\\\/2023\\\/03\\\/GUIMARD-serie-5-ceramiques-1-scaled.jpg\",\"width\":2560,\"height\":2560},{\"@type\":\"BreadcrumbList\",\"@id\":\"https:\\\/\\\/dizagn.fr\\\/produit\\\/hector-guimard-ceramique-de-bruyn-ed-c-1900\\\/#breadcrumb\",\"itemListElement\":[{\"@type\":\"ListItem\",\"position\":1,\"name\":\"Accueil\",\"item\":\"https:\\\/\\\/dizagn.fr\\\/\"},{\"@type\":\"ListItem\",\"position\":2,\"name\":\"S\u00e9lection\",\"item\":\"https:\\\/\\\/dizagn.fr\\\/\"},{\"@type\":\"ListItem\",\"position\":3,\"name\":\"HECTOR GUIMARD, rare set 5 c\u00e9ramiques, DE BRUYN ed., circa 1900\"}]},{\"@type\":\"WebSite\",\"@id\":\"https:\\\/\\\/dizagn.fr\\\/#website\",\"url\":\"https:\\\/\\\/dizagn.fr\\\/\",\"name\":\"DIZAGN\",\"description\":\"\",\"publisher\":{\"@id\":\"https:\\\/\\\/dizagn.fr\\\/#organization\"},\"potentialAction\":[{\"@type\":\"SearchAction\",\"target\":{\"@type\":\"EntryPoint\",\"urlTemplate\":\"https:\\\/\\\/dizagn.fr\\\/?s={search_term_string}\"},\"query-input\":{\"@type\":\"PropertyValueSpecification\",\"valueRequired\":true,\"valueName\":\"search_term_string\"}}],\"inLanguage\":\"en-GB\"},{\"@type\":\"Organization\",\"@id\":\"https:\\\/\\\/dizagn.fr\\\/#organization\",\"name\":\"DIZAGN\",\"url\":\"https:\\\/\\\/dizagn.fr\\\/\",\"logo\":{\"@type\":\"ImageObject\",\"inLanguage\":\"en-GB\",\"@id\":\"https:\\\/\\\/dizagn.fr\\\/#\\\/schema\\\/logo\\\/image\\\/\",\"url\":\"https:\\\/\\\/dizagn.fr\\\/wp-content\\\/uploads\\\/2023\\\/03\\\/logo-Dizagn.jpg\",\"contentUrl\":\"https:\\\/\\\/dizagn.fr\\\/wp-content\\\/uploads\\\/2023\\\/03\\\/logo-Dizagn.jpg\",\"width\":304,\"height\":95,\"caption\":\"DIZAGN\"},\"image\":{\"@id\":\"https:\\\/\\\/dizagn.fr\\\/#\\\/schema\\\/logo\\\/image\\\/\"}}]}<\/script>\n<!-- \/ Yoast SEO plugin. -->","yoast_head_json":{"title":"HECTOR GUIMARD, rare set 5 c\u00e9ramiques, DE BRUYN ed., circa 1900 - DIZAGN","robots":{"index":"index","follow":"follow","max-snippet":"max-snippet:-1","max-image-preview":"max-image-preview:large","max-video-preview":"max-video-preview:-1"},"canonical":"https:\/\/dizagn.fr\/en\/product\/hector-guimard-ceramique-de-bruyn-ed-c-1900\/","og_locale":"en_GB","og_type":"article","og_title":"HECTOR GUIMARD, rare set 5 c\u00e9ramiques, DE BRUYN ed., circa 1900 - DIZAGN","og_description":"Hector Guimard (1867-1942) d'apr\u00e8s  Rare ensemble de cinq Cache-pot dit De Chalmont, fa\u00efencerie De Bruyn, circa 1890\/1900  En fa\u00efence \u00e0 corps ovalis\u00e9 \u00e9paul\u00e9 et quatre anses d\u00e9tach\u00e9es  \u00c9mail vert nuanc\u00e9 rehauss\u00e9 de dorure et bleu en face interne  Larg. 28 x Haut. 23 cm   Rapport de condition : quelques \u00e9clats sous la base","og_url":"https:\/\/dizagn.fr\/en\/product\/hector-guimard-ceramique-de-bruyn-ed-c-1900\/","og_site_name":"DIZAGN","article_modified_time":"2025-12-04T12:43:45+00:00","og_image":[{"width":2560,"height":2560,"url":"https:\/\/dizagn.fr\/wp-content\/uploads\/2023\/03\/GUIMARD-serie-5-ceramiques-1-scaled.jpg","type":"image\/jpeg"}],"twitter_card":"summary_large_image","twitter_misc":{"Estimated reading time":"2 minutes"},"schema":{"@context":"https:\/\/schema.org","@graph":[{"@type":"WebPage","@id":"https:\/\/dizagn.fr\/produit\/hector-guimard-ceramique-de-bruyn-ed-c-1900\/","url":"https:\/\/dizagn.fr\/produit\/hector-guimard-ceramique-de-bruyn-ed-c-1900\/","name":"HECTOR GUIMARD, rare set 5 c\u00e9ramiques, DE BRUYN ed., circa 1900 - DIZAGN","isPartOf":{"@id":"https:\/\/dizagn.fr\/#website"},"primaryImageOfPage":{"@id":"https:\/\/dizagn.fr\/produit\/hector-guimard-ceramique-de-bruyn-ed-c-1900\/#primaryimage"},"image":{"@id":"https:\/\/dizagn.fr\/produit\/hector-guimard-ceramique-de-bruyn-ed-c-1900\/#primaryimage"},"thumbnailUrl":"https:\/\/dizagn.fr\/wp-content\/uploads\/2023\/03\/GUIMARD-serie-5-ceramiques-1-scaled.jpg","datePublished":"2025-10-06T13:55:14+00:00","dateModified":"2025-12-04T12:43:45+00:00","breadcrumb":{"@id":"https:\/\/dizagn.fr\/produit\/hector-guimard-ceramique-de-bruyn-ed-c-1900\/#breadcrumb"},"inLanguage":"en-GB","potentialAction":[{"@type":"ReadAction","target":["https:\/\/dizagn.fr\/produit\/hector-guimard-ceramique-de-bruyn-ed-c-1900\/"]}]},{"@type":"ImageObject","inLanguage":"en-GB","@id":"https:\/\/dizagn.fr\/produit\/hector-guimard-ceramique-de-bruyn-ed-c-1900\/#primaryimage","url":"https:\/\/dizagn.fr\/wp-content\/uploads\/2023\/03\/GUIMARD-serie-5-ceramiques-1-scaled.jpg","contentUrl":"https:\/\/dizagn.fr\/wp-content\/uploads\/2023\/03\/GUIMARD-serie-5-ceramiques-1-scaled.jpg","width":2560,"height":2560},{"@type":"BreadcrumbList","@id":"https:\/\/dizagn.fr\/produit\/hector-guimard-ceramique-de-bruyn-ed-c-1900\/#breadcrumb","itemListElement":[{"@type":"ListItem","position":1,"name":"Accueil","item":"https:\/\/dizagn.fr\/"},{"@type":"ListItem","position":2,"name":"S\u00e9lection","item":"https:\/\/dizagn.fr\/"},{"@type":"ListItem","position":3,"name":"HECTOR GUIMARD, rare set 5 c\u00e9ramiques, DE BRUYN ed., circa 1900"}]},{"@type":"WebSite","@id":"https:\/\/dizagn.fr\/#website","url":"https:\/\/dizagn.fr\/","name":"DIZAGN","description":"","publisher":{"@id":"https:\/\/dizagn.fr\/#organization"},"potentialAction":[{"@type":"SearchAction","target":{"@type":"EntryPoint","urlTemplate":"https:\/\/dizagn.fr\/?s={search_term_string}"},"query-input":{"@type":"PropertyValueSpecification","valueRequired":true,"valueName":"search_term_string"}}],"inLanguage":"en-GB"},{"@type":"Organization","@id":"https:\/\/dizagn.fr\/#organization","name":"DIZAGN","url":"https:\/\/dizagn.fr\/","logo":{"@type":"ImageObject","inLanguage":"en-GB","@id":"https:\/\/dizagn.fr\/#\/schema\/logo\/image\/","url":"https:\/\/dizagn.fr\/wp-content\/uploads\/2023\/03\/logo-Dizagn.jpg","contentUrl":"https:\/\/dizagn.fr\/wp-content\/uploads\/2023\/03\/logo-Dizagn.jpg","width":304,"height":95,"caption":"DIZAGN"},"image":{"@id":"https:\/\/dizagn.fr\/#\/schema\/logo\/image\/"}}]}},"_links":{"self":[{"href":"https:\/\/dizagn.fr\/en\/wp-json\/wp\/v2\/product\/1102","targetHints":{"allow":["GET"]}}],"collection":[{"href":"https:\/\/dizagn.fr\/en\/wp-json\/wp\/v2\/product"}],"about":[{"href":"https:\/\/dizagn.fr\/en\/wp-json\/wp\/v2\/types\/product"}],"wp:featuredmedia":[{"embeddable":true,"href":"https:\/\/dizagn.fr\/en\/wp-json\/wp\/v2\/media\/1927"}],"wp:attachment":[{"href":"https:\/\/dizagn.fr\/en\/wp-json\/wp\/v2\/media?parent=1102"}],"wp:term":[{"taxonomy":"product_brand","embeddable":true,"href":"https:\/\/dizagn.fr\/en\/wp-json\/wp\/v2\/product_brand?post=1102"},{"taxonomy":"product_cat","embeddable":true,"href":"https:\/\/dizagn.fr\/en\/wp-json\/wp\/v2\/product_cat?post=1102"},{"taxonomy":"product_tag","embeddable":true,"href":"https:\/\/dizagn.fr\/en\/wp-json\/wp\/v2\/product_tag?post=1102"}],"curies":[{"name":"wp","href":"https:\/\/api.w.org\/{rel}","templated":true}]}}