{"id":1090,"date":"2023-03-17T13:11:04","date_gmt":"2023-03-17T12:11:04","guid":{"rendered":"http:\/\/dizagn.fr\/?post_type=product&#038;p=1090"},"modified":"2024-04-10T23:20:14","modified_gmt":"2024-04-10T21:20:14","slug":"pierre-paulin-gueridon-t830-artifort-ed-c-1966","status":"publish","type":"product","link":"https:\/\/dizagn.fr\/en\/product\/pierre-paulin-gueridon-t830-artifort-ed-c-1966\/","title":{"rendered":"PIERRE PAULIN, SIDE TABLE T830, ARTIFORT ED., C.1966"},"content":{"rendered":"<p>Condition report: <\/p>\n<p>good original condition, slight scratches from use on top and base <\/p>\n<p>Literature: <\/p>\n<p>Commercial catalogue Artifort, Netherlands circa 1970<\/p>","protected":false},"excerpt":{"rendered":"<p>Pierre Paulin (1927-2009)<\/p>\n<p>Side table T830<\/p>\n<p>Artifort edition, Netherlands, circa 1966<\/p>\n<p>White lacquered metal and yellow and white laminated plywood<\/p>\n<p>Editor's plate under the top<\/p>\n<p>Height 52 x Diam. 70 cm<\/p>","protected":false},"featured_media":1232,"template":"","meta":{"_et_pb_use_builder":"","_et_pb_old_content":"","_et_gb_content_width":""},"product_brand":[],"product_cat":[19],"product_tag":[],"class_list":{"0":"post-1090","1":"product","2":"type-product","3":"status-publish","4":"has-post-thumbnail","6":"product_cat-archives","8":"first","9":"instock","10":"shipping-taxable","11":"purchasable","12":"product-type-simple"},"yoast_head":"<!-- This site is optimized with the Yoast SEO plugin v27.1.1 - https:\/\/yoast.com\/product\/yoast-seo-wordpress\/ -->\n<title>PIERRE PAULIN, GUERIDON T830, ARTIFORT ED., C.1966 - DIZAGN<\/title>\n<meta name=\"robots\" content=\"index, follow, max-snippet:-1, max-image-preview:large, max-video-preview:-1\" \/>\n<link rel=\"canonical\" href=\"https:\/\/dizagn.fr\/en\/product\/pierre-paulin-gueridon-t830-artifort-ed-c-1966\/\" \/>\n<meta property=\"og:locale\" content=\"en_GB\" \/>\n<meta property=\"og:type\" content=\"article\" \/>\n<meta property=\"og:title\" content=\"PIERRE PAULIN, GUERIDON T830, ARTIFORT ED., C.1966 - DIZAGN\" \/>\n<meta property=\"og:description\" content=\"Pierre Paulin (1927-2009)  Gu\u00e9ridon T830  Artifort \u00e9diteur, Pays-Bas, circa 1966  M\u00e9tal laqu\u00e9 et contreplaqu\u00e9 stratifi\u00e9 jaune et blanc  Plaque de l\u2019\u00e9diteur sous le plateau  Haut. 52 x Diam. 70 cm\" \/>\n<meta property=\"og:url\" content=\"https:\/\/dizagn.fr\/en\/product\/pierre-paulin-gueridon-t830-artifort-ed-c-1966\/\" \/>\n<meta property=\"og:site_name\" content=\"DIZAGN\" \/>\n<meta property=\"article:modified_time\" content=\"2024-04-10T21:20:14+00:00\" \/>\n<meta property=\"og:image\" content=\"https:\/\/dizagn.fr\/wp-content\/uploads\/2023\/03\/PAULIN-PIERRE-table-basse-BD.jpg\" \/>\n\t<meta property=\"og:image:width\" content=\"1000\" \/>\n\t<meta property=\"og:image:height\" content=\"1000\" \/>\n\t<meta property=\"og:image:type\" content=\"image\/jpeg\" \/>\n<meta name=\"twitter:card\" content=\"summary_large_image\" \/>\n<meta name=\"twitter:label1\" content=\"Estimated reading time\" \/>\n\t<meta name=\"twitter:data1\" content=\"1 minute\" \/>\n<script type=\"application\/ld+json\" class=\"yoast-schema-graph\">{\"@context\":\"https:\/\/schema.org\",\"@graph\":[{\"@type\":\"WebPage\",\"@id\":\"https:\/\/dizagn.fr\/produit\/pierre-paulin-gueridon-t830-artifort-ed-c-1966\/\",\"url\":\"https:\/\/dizagn.fr\/produit\/pierre-paulin-gueridon-t830-artifort-ed-c-1966\/\",\"name\":\"PIERRE PAULIN, GUERIDON T830, ARTIFORT ED., C.1966 - DIZAGN\",\"isPartOf\":{\"@id\":\"https:\/\/dizagn.fr\/#website\"},\"primaryImageOfPage\":{\"@id\":\"https:\/\/dizagn.fr\/produit\/pierre-paulin-gueridon-t830-artifort-ed-c-1966\/#primaryimage\"},\"image\":{\"@id\":\"https:\/\/dizagn.fr\/produit\/pierre-paulin-gueridon-t830-artifort-ed-c-1966\/#primaryimage\"},\"thumbnailUrl\":\"https:\/\/dizagn.fr\/wp-content\/uploads\/2023\/03\/PAULIN-PIERRE-table-basse-BD.jpg\",\"datePublished\":\"2023-03-17T12:11:04+00:00\",\"dateModified\":\"2024-04-10T21:20:14+00:00\",\"breadcrumb\":{\"@id\":\"https:\/\/dizagn.fr\/produit\/pierre-paulin-gueridon-t830-artifort-ed-c-1966\/#breadcrumb\"},\"inLanguage\":\"en-GB\",\"potentialAction\":[{\"@type\":\"ReadAction\",\"target\":[\"https:\/\/dizagn.fr\/produit\/pierre-paulin-gueridon-t830-artifort-ed-c-1966\/\"]}]},{\"@type\":\"ImageObject\",\"inLanguage\":\"en-GB\",\"@id\":\"https:\/\/dizagn.fr\/produit\/pierre-paulin-gueridon-t830-artifort-ed-c-1966\/#primaryimage\",\"url\":\"https:\/\/dizagn.fr\/wp-content\/uploads\/2023\/03\/PAULIN-PIERRE-table-basse-BD.jpg\",\"contentUrl\":\"https:\/\/dizagn.fr\/wp-content\/uploads\/2023\/03\/PAULIN-PIERRE-table-basse-BD.jpg\",\"width\":1000,\"height\":1000},{\"@type\":\"BreadcrumbList\",\"@id\":\"https:\/\/dizagn.fr\/produit\/pierre-paulin-gueridon-t830-artifort-ed-c-1966\/#breadcrumb\",\"itemListElement\":[{\"@type\":\"ListItem\",\"position\":1,\"name\":\"Accueil\",\"item\":\"https:\/\/dizagn.fr\/\"},{\"@type\":\"ListItem\",\"position\":2,\"name\":\"S\u00e9lection\",\"item\":\"https:\/\/dizagn.fr\/\"},{\"@type\":\"ListItem\",\"position\":3,\"name\":\"PIERRE PAULIN, GUERIDON T830, ARTIFORT ED., C.1966\"}]},{\"@type\":\"WebSite\",\"@id\":\"https:\/\/dizagn.fr\/#website\",\"url\":\"https:\/\/dizagn.fr\/\",\"name\":\"DIZAGN\",\"description\":\"\",\"potentialAction\":[{\"@type\":\"SearchAction\",\"target\":{\"@type\":\"EntryPoint\",\"urlTemplate\":\"https:\/\/dizagn.fr\/?s={search_term_string}\"},\"query-input\":{\"@type\":\"PropertyValueSpecification\",\"valueRequired\":true,\"valueName\":\"search_term_string\"}}],\"inLanguage\":\"en-GB\"}]}<\/script>\n<!-- \/ Yoast SEO plugin. -->","yoast_head_json":{"title":"PIERRE PAULIN, GUERIDON T830, ARTIFORT ED., C.1966 - DIZAGN","robots":{"index":"index","follow":"follow","max-snippet":"max-snippet:-1","max-image-preview":"max-image-preview:large","max-video-preview":"max-video-preview:-1"},"canonical":"https:\/\/dizagn.fr\/en\/product\/pierre-paulin-gueridon-t830-artifort-ed-c-1966\/","og_locale":"en_GB","og_type":"article","og_title":"PIERRE PAULIN, GUERIDON T830, ARTIFORT ED., C.1966 - DIZAGN","og_description":"Pierre Paulin (1927-2009)  Gu\u00e9ridon T830  Artifort \u00e9diteur, Pays-Bas, circa 1966  M\u00e9tal laqu\u00e9 et contreplaqu\u00e9 stratifi\u00e9 jaune et blanc  Plaque de l\u2019\u00e9diteur sous le plateau  Haut. 52 x Diam. 70 cm","og_url":"https:\/\/dizagn.fr\/en\/product\/pierre-paulin-gueridon-t830-artifort-ed-c-1966\/","og_site_name":"DIZAGN","article_modified_time":"2024-04-10T21:20:14+00:00","og_image":[{"width":1000,"height":1000,"url":"https:\/\/dizagn.fr\/wp-content\/uploads\/2023\/03\/PAULIN-PIERRE-table-basse-BD.jpg","type":"image\/jpeg"}],"twitter_card":"summary_large_image","twitter_misc":{"Estimated reading time":"1 minute"},"schema":{"@context":"https:\/\/schema.org","@graph":[{"@type":"WebPage","@id":"https:\/\/dizagn.fr\/produit\/pierre-paulin-gueridon-t830-artifort-ed-c-1966\/","url":"https:\/\/dizagn.fr\/produit\/pierre-paulin-gueridon-t830-artifort-ed-c-1966\/","name":"PIERRE PAULIN, GUERIDON T830, ARTIFORT ED., C.1966 - DIZAGN","isPartOf":{"@id":"https:\/\/dizagn.fr\/#website"},"primaryImageOfPage":{"@id":"https:\/\/dizagn.fr\/produit\/pierre-paulin-gueridon-t830-artifort-ed-c-1966\/#primaryimage"},"image":{"@id":"https:\/\/dizagn.fr\/produit\/pierre-paulin-gueridon-t830-artifort-ed-c-1966\/#primaryimage"},"thumbnailUrl":"https:\/\/dizagn.fr\/wp-content\/uploads\/2023\/03\/PAULIN-PIERRE-table-basse-BD.jpg","datePublished":"2023-03-17T12:11:04+00:00","dateModified":"2024-04-10T21:20:14+00:00","breadcrumb":{"@id":"https:\/\/dizagn.fr\/produit\/pierre-paulin-gueridon-t830-artifort-ed-c-1966\/#breadcrumb"},"inLanguage":"en-GB","potentialAction":[{"@type":"ReadAction","target":["https:\/\/dizagn.fr\/produit\/pierre-paulin-gueridon-t830-artifort-ed-c-1966\/"]}]},{"@type":"ImageObject","inLanguage":"en-GB","@id":"https:\/\/dizagn.fr\/produit\/pierre-paulin-gueridon-t830-artifort-ed-c-1966\/#primaryimage","url":"https:\/\/dizagn.fr\/wp-content\/uploads\/2023\/03\/PAULIN-PIERRE-table-basse-BD.jpg","contentUrl":"https:\/\/dizagn.fr\/wp-content\/uploads\/2023\/03\/PAULIN-PIERRE-table-basse-BD.jpg","width":1000,"height":1000},{"@type":"BreadcrumbList","@id":"https:\/\/dizagn.fr\/produit\/pierre-paulin-gueridon-t830-artifort-ed-c-1966\/#breadcrumb","itemListElement":[{"@type":"ListItem","position":1,"name":"Accueil","item":"https:\/\/dizagn.fr\/"},{"@type":"ListItem","position":2,"name":"S\u00e9lection","item":"https:\/\/dizagn.fr\/"},{"@type":"ListItem","position":3,"name":"PIERRE PAULIN, GUERIDON T830, ARTIFORT ED., C.1966"}]},{"@type":"WebSite","@id":"https:\/\/dizagn.fr\/#website","url":"https:\/\/dizagn.fr\/","name":"DIZAGN","description":"","potentialAction":[{"@type":"SearchAction","target":{"@type":"EntryPoint","urlTemplate":"https:\/\/dizagn.fr\/?s={search_term_string}"},"query-input":{"@type":"PropertyValueSpecification","valueRequired":true,"valueName":"search_term_string"}}],"inLanguage":"en-GB"}]}},"_links":{"self":[{"href":"https:\/\/dizagn.fr\/en\/wp-json\/wp\/v2\/product\/1090","targetHints":{"allow":["GET"]}}],"collection":[{"href":"https:\/\/dizagn.fr\/en\/wp-json\/wp\/v2\/product"}],"about":[{"href":"https:\/\/dizagn.fr\/en\/wp-json\/wp\/v2\/types\/product"}],"wp:featuredmedia":[{"embeddable":true,"href":"https:\/\/dizagn.fr\/en\/wp-json\/wp\/v2\/media\/1232"}],"wp:attachment":[{"href":"https:\/\/dizagn.fr\/en\/wp-json\/wp\/v2\/media?parent=1090"}],"wp:term":[{"taxonomy":"product_brand","embeddable":true,"href":"https:\/\/dizagn.fr\/en\/wp-json\/wp\/v2\/product_brand?post=1090"},{"taxonomy":"product_cat","embeddable":true,"href":"https:\/\/dizagn.fr\/en\/wp-json\/wp\/v2\/product_cat?post=1090"},{"taxonomy":"product_tag","embeddable":true,"href":"https:\/\/dizagn.fr\/en\/wp-json\/wp\/v2\/product_tag?post=1090"}],"curies":[{"name":"wp","href":"https:\/\/api.w.org\/{rel}","templated":true}]}}