{"id":1073,"date":"2023-03-17T12:14:15","date_gmt":"2023-03-17T11:14:15","guid":{"rendered":"http:\/\/dizagn.fr\/?post_type=product&#038;p=1073"},"modified":"2024-04-11T12:37:58","modified_gmt":"2024-04-11T10:37:58","slug":"marcel-ramond-paire-chauffeuses-palabre-med-in-france-ed-c-1980","status":"publish","type":"product","link":"https:\/\/dizagn.fr\/en\/product\/marcel-ramond-paire-chauffeuses-palabre-med-in-france-ed-c-1980\/","title":{"rendered":"MARCEL RAMOND, CHAUFFEUSES, MED IN FRANCE ED., C.1980"},"content":{"rendered":"<p>References: <\/p>\n<p>Marcel Ramond was born in St-Etienne where he obtained his diploma at the technical engineering school of Sainte Barbe and then joined the school of fine arts to become an architect in 1967.<\/p>\n<p>During his training, in 1964, a few kilometers from St-Etienne, in the city of Firminy, his first work will be exercised alongside Le Corbusier for the design and manufacture of the model of the Radiant House of Firminy imagined by the famous architect.<\/p>\n<p>Then, he imagined a furnishing project for this future building, a prototype of a rocking chair reading chair was then imagined to present it to Le Corbusier in the presence of Claudius Petit, mayor of the city of Firminy and minister of reconstruction at that time. For various reasons, this furniture project remained at the prototype stage.<\/p>\n<p>In 1968, at the end of his studies in St-Etienne, Marcel Ramond surrounded himself with Jean Marc Bonnard (Plastic artist, sculptor) to create FormDesign, one of the first multidisciplinary agency dedicated to design in all its forms.<br \/>\nReal creation laboratory, workshop and design office working on various projects and layouts: Foyer, Hairdressing salon, Music club, Club bar, Study and project of a mini golf, decoration for various events.<\/p>\n<p>In parallel to their creative and professional approach, Marcel Ramond and Jean Marc Bonnard, develop and actively participate in the implementation of the first biennial design of St-Etienne in 1970. It is then a whole industrial heritage with a unique regional know-how which is put forward.<\/p>\n<p>En 1978, l\u2019agence d\u00e9m\u00e9nage \u00e0 Paris et d\u00e9veloppe de prototypes et projets pour l&rsquo;habitation et le bureau avec Starfor.<\/p>\n<p>En 1984 Marcel Ramond est laur\u00e9at du concours international lanc\u00e9 par le minist\u00e8re de la culture et Strafor pour un nouveau concept de bureau destin\u00e9 \u00e0 l\u2019\u00e9quipement des organismes publics.<br \/>\nEn octobre 1985, il obtiendra l\u2019oscar du design du nouvel \u00e9conomiste dans la section \u201cbien d\u2019\u00e9quipements\u201d.<\/p>\n<p>Text by Cl\u00e9ment Cividino <\/p>","protected":false},"excerpt":{"rendered":"<p>Marcel Ramond (1935-)<\/p>\n<p>Pair of chairs Palabre<\/p>\n<p>Natural wood and black stained wood<\/p>\n<p>Signed \" Rondy forestier 42600 Med in France Design Marcel Ramond \" <\/p>\n<p>Height 92 cm<\/p>\n<p>Condition report: scratches and usage marks <\/p>","protected":false},"featured_media":1255,"template":"","meta":{"_et_pb_use_builder":"","_et_pb_old_content":"","_et_gb_content_width":""},"product_brand":[],"product_cat":[19],"product_tag":[],"class_list":{"0":"post-1073","1":"product","2":"type-product","3":"status-publish","4":"has-post-thumbnail","6":"product_cat-archives","8":"first","9":"instock","10":"shipping-taxable","11":"purchasable","12":"product-type-simple"},"yoast_head":"<!-- This site is optimized with the Yoast SEO plugin v27.4 - https:\/\/yoast.com\/product\/yoast-seo-wordpress\/ -->\n<title>MARCEL RAMOND, CHAUFFEUSES, MED IN FRANCE ED., C.1980 - DIZAGN<\/title>\n<meta name=\"robots\" content=\"index, follow, max-snippet:-1, max-image-preview:large, max-video-preview:-1\" \/>\n<link rel=\"canonical\" href=\"https:\/\/dizagn.fr\/en\/product\/marcel-ramond-paire-chauffeuses-palabre-med-in-france-ed-c-1980\/\" \/>\n<meta property=\"og:locale\" content=\"en_GB\" \/>\n<meta property=\"og:type\" content=\"article\" \/>\n<meta property=\"og:title\" content=\"MARCEL RAMOND, CHAUFFEUSES, MED IN FRANCE ED., C.1980 - DIZAGN\" \/>\n<meta property=\"og:description\" content=\"Marcel Ramond (1935-)  Paire de chauffeuses mod\u00e8le Palabre  Bois naturel et bois teint\u00e9 noir  Sign\u00e9es \u00ab Rondy forestier 42600 Med in France Design Marcel Ramond \u00bb   Haut. 92 cm  Rapport de condition : griffures et marques d\u2019usage.\" \/>\n<meta property=\"og:url\" content=\"https:\/\/dizagn.fr\/en\/product\/marcel-ramond-paire-chauffeuses-palabre-med-in-france-ed-c-1980\/\" \/>\n<meta property=\"og:site_name\" content=\"DIZAGN\" \/>\n<meta property=\"article:modified_time\" content=\"2024-04-11T10:37:58+00:00\" \/>\n<meta property=\"og:image\" content=\"https:\/\/dizagn.fr\/wp-content\/uploads\/2023\/03\/RAMOND-MARCEL-paire-chauffeuses-PALABRE-1-1.jpg\" \/>\n\t<meta property=\"og:image:width\" content=\"1000\" \/>\n\t<meta property=\"og:image:height\" content=\"1000\" \/>\n\t<meta property=\"og:image:type\" content=\"image\/jpeg\" \/>\n<meta name=\"twitter:card\" content=\"summary_large_image\" \/>\n<meta name=\"twitter:label1\" content=\"Estimated reading time\" \/>\n\t<meta name=\"twitter:data1\" content=\"2 minutes\" \/>\n<script type=\"application\/ld+json\" class=\"yoast-schema-graph\">{\"@context\":\"https:\\\/\\\/schema.org\",\"@graph\":[{\"@type\":\"WebPage\",\"@id\":\"https:\\\/\\\/dizagn.fr\\\/produit\\\/marcel-ramond-paire-chauffeuses-palabre-med-in-france-ed-c-1980\\\/\",\"url\":\"https:\\\/\\\/dizagn.fr\\\/produit\\\/marcel-ramond-paire-chauffeuses-palabre-med-in-france-ed-c-1980\\\/\",\"name\":\"MARCEL RAMOND, CHAUFFEUSES, MED IN FRANCE ED., C.1980 - DIZAGN\",\"isPartOf\":{\"@id\":\"https:\\\/\\\/dizagn.fr\\\/#website\"},\"primaryImageOfPage\":{\"@id\":\"https:\\\/\\\/dizagn.fr\\\/produit\\\/marcel-ramond-paire-chauffeuses-palabre-med-in-france-ed-c-1980\\\/#primaryimage\"},\"image\":{\"@id\":\"https:\\\/\\\/dizagn.fr\\\/produit\\\/marcel-ramond-paire-chauffeuses-palabre-med-in-france-ed-c-1980\\\/#primaryimage\"},\"thumbnailUrl\":\"https:\\\/\\\/dizagn.fr\\\/wp-content\\\/uploads\\\/2023\\\/03\\\/RAMOND-MARCEL-paire-chauffeuses-PALABRE-1-1.jpg\",\"datePublished\":\"2023-03-17T11:14:15+00:00\",\"dateModified\":\"2024-04-11T10:37:58+00:00\",\"breadcrumb\":{\"@id\":\"https:\\\/\\\/dizagn.fr\\\/produit\\\/marcel-ramond-paire-chauffeuses-palabre-med-in-france-ed-c-1980\\\/#breadcrumb\"},\"inLanguage\":\"en-GB\",\"potentialAction\":[{\"@type\":\"ReadAction\",\"target\":[\"https:\\\/\\\/dizagn.fr\\\/produit\\\/marcel-ramond-paire-chauffeuses-palabre-med-in-france-ed-c-1980\\\/\"]}]},{\"@type\":\"ImageObject\",\"inLanguage\":\"en-GB\",\"@id\":\"https:\\\/\\\/dizagn.fr\\\/produit\\\/marcel-ramond-paire-chauffeuses-palabre-med-in-france-ed-c-1980\\\/#primaryimage\",\"url\":\"https:\\\/\\\/dizagn.fr\\\/wp-content\\\/uploads\\\/2023\\\/03\\\/RAMOND-MARCEL-paire-chauffeuses-PALABRE-1-1.jpg\",\"contentUrl\":\"https:\\\/\\\/dizagn.fr\\\/wp-content\\\/uploads\\\/2023\\\/03\\\/RAMOND-MARCEL-paire-chauffeuses-PALABRE-1-1.jpg\",\"width\":1000,\"height\":1000},{\"@type\":\"BreadcrumbList\",\"@id\":\"https:\\\/\\\/dizagn.fr\\\/produit\\\/marcel-ramond-paire-chauffeuses-palabre-med-in-france-ed-c-1980\\\/#breadcrumb\",\"itemListElement\":[{\"@type\":\"ListItem\",\"position\":1,\"name\":\"Accueil\",\"item\":\"https:\\\/\\\/dizagn.fr\\\/\"},{\"@type\":\"ListItem\",\"position\":2,\"name\":\"S\u00e9lection\",\"item\":\"https:\\\/\\\/dizagn.fr\\\/\"},{\"@type\":\"ListItem\",\"position\":3,\"name\":\"MARCEL RAMOND, CHAUFFEUSES, MED IN FRANCE ED., C.1980\"}]},{\"@type\":\"WebSite\",\"@id\":\"https:\\\/\\\/dizagn.fr\\\/#website\",\"url\":\"https:\\\/\\\/dizagn.fr\\\/\",\"name\":\"DIZAGN\",\"description\":\"\",\"publisher\":{\"@id\":\"https:\\\/\\\/dizagn.fr\\\/#organization\"},\"potentialAction\":[{\"@type\":\"SearchAction\",\"target\":{\"@type\":\"EntryPoint\",\"urlTemplate\":\"https:\\\/\\\/dizagn.fr\\\/?s={search_term_string}\"},\"query-input\":{\"@type\":\"PropertyValueSpecification\",\"valueRequired\":true,\"valueName\":\"search_term_string\"}}],\"inLanguage\":\"en-GB\"},{\"@type\":\"Organization\",\"@id\":\"https:\\\/\\\/dizagn.fr\\\/#organization\",\"name\":\"DIZAGN\",\"url\":\"https:\\\/\\\/dizagn.fr\\\/\",\"logo\":{\"@type\":\"ImageObject\",\"inLanguage\":\"en-GB\",\"@id\":\"https:\\\/\\\/dizagn.fr\\\/#\\\/schema\\\/logo\\\/image\\\/\",\"url\":\"https:\\\/\\\/dizagn.fr\\\/wp-content\\\/uploads\\\/2023\\\/03\\\/logo-Dizagn.jpg\",\"contentUrl\":\"https:\\\/\\\/dizagn.fr\\\/wp-content\\\/uploads\\\/2023\\\/03\\\/logo-Dizagn.jpg\",\"width\":304,\"height\":95,\"caption\":\"DIZAGN\"},\"image\":{\"@id\":\"https:\\\/\\\/dizagn.fr\\\/#\\\/schema\\\/logo\\\/image\\\/\"}}]}<\/script>\n<!-- \/ Yoast SEO plugin. -->","yoast_head_json":{"title":"MARCEL RAMOND, CHAUFFEUSES, MED IN FRANCE ED., C.1980 - DIZAGN","robots":{"index":"index","follow":"follow","max-snippet":"max-snippet:-1","max-image-preview":"max-image-preview:large","max-video-preview":"max-video-preview:-1"},"canonical":"https:\/\/dizagn.fr\/en\/product\/marcel-ramond-paire-chauffeuses-palabre-med-in-france-ed-c-1980\/","og_locale":"en_GB","og_type":"article","og_title":"MARCEL RAMOND, CHAUFFEUSES, MED IN FRANCE ED., C.1980 - DIZAGN","og_description":"Marcel Ramond (1935-)  Paire de chauffeuses mod\u00e8le Palabre  Bois naturel et bois teint\u00e9 noir  Sign\u00e9es \u00ab Rondy forestier 42600 Med in France Design Marcel Ramond \u00bb   Haut. 92 cm  Rapport de condition : griffures et marques d\u2019usage.","og_url":"https:\/\/dizagn.fr\/en\/product\/marcel-ramond-paire-chauffeuses-palabre-med-in-france-ed-c-1980\/","og_site_name":"DIZAGN","article_modified_time":"2024-04-11T10:37:58+00:00","og_image":[{"width":1000,"height":1000,"url":"https:\/\/dizagn.fr\/wp-content\/uploads\/2023\/03\/RAMOND-MARCEL-paire-chauffeuses-PALABRE-1-1.jpg","type":"image\/jpeg"}],"twitter_card":"summary_large_image","twitter_misc":{"Estimated reading time":"2 minutes"},"schema":{"@context":"https:\/\/schema.org","@graph":[{"@type":"WebPage","@id":"https:\/\/dizagn.fr\/produit\/marcel-ramond-paire-chauffeuses-palabre-med-in-france-ed-c-1980\/","url":"https:\/\/dizagn.fr\/produit\/marcel-ramond-paire-chauffeuses-palabre-med-in-france-ed-c-1980\/","name":"MARCEL RAMOND, CHAUFFEUSES, MED IN FRANCE ED., C.1980 - DIZAGN","isPartOf":{"@id":"https:\/\/dizagn.fr\/#website"},"primaryImageOfPage":{"@id":"https:\/\/dizagn.fr\/produit\/marcel-ramond-paire-chauffeuses-palabre-med-in-france-ed-c-1980\/#primaryimage"},"image":{"@id":"https:\/\/dizagn.fr\/produit\/marcel-ramond-paire-chauffeuses-palabre-med-in-france-ed-c-1980\/#primaryimage"},"thumbnailUrl":"https:\/\/dizagn.fr\/wp-content\/uploads\/2023\/03\/RAMOND-MARCEL-paire-chauffeuses-PALABRE-1-1.jpg","datePublished":"2023-03-17T11:14:15+00:00","dateModified":"2024-04-11T10:37:58+00:00","breadcrumb":{"@id":"https:\/\/dizagn.fr\/produit\/marcel-ramond-paire-chauffeuses-palabre-med-in-france-ed-c-1980\/#breadcrumb"},"inLanguage":"en-GB","potentialAction":[{"@type":"ReadAction","target":["https:\/\/dizagn.fr\/produit\/marcel-ramond-paire-chauffeuses-palabre-med-in-france-ed-c-1980\/"]}]},{"@type":"ImageObject","inLanguage":"en-GB","@id":"https:\/\/dizagn.fr\/produit\/marcel-ramond-paire-chauffeuses-palabre-med-in-france-ed-c-1980\/#primaryimage","url":"https:\/\/dizagn.fr\/wp-content\/uploads\/2023\/03\/RAMOND-MARCEL-paire-chauffeuses-PALABRE-1-1.jpg","contentUrl":"https:\/\/dizagn.fr\/wp-content\/uploads\/2023\/03\/RAMOND-MARCEL-paire-chauffeuses-PALABRE-1-1.jpg","width":1000,"height":1000},{"@type":"BreadcrumbList","@id":"https:\/\/dizagn.fr\/produit\/marcel-ramond-paire-chauffeuses-palabre-med-in-france-ed-c-1980\/#breadcrumb","itemListElement":[{"@type":"ListItem","position":1,"name":"Accueil","item":"https:\/\/dizagn.fr\/"},{"@type":"ListItem","position":2,"name":"S\u00e9lection","item":"https:\/\/dizagn.fr\/"},{"@type":"ListItem","position":3,"name":"MARCEL RAMOND, CHAUFFEUSES, MED IN FRANCE ED., C.1980"}]},{"@type":"WebSite","@id":"https:\/\/dizagn.fr\/#website","url":"https:\/\/dizagn.fr\/","name":"DIZAGN","description":"","publisher":{"@id":"https:\/\/dizagn.fr\/#organization"},"potentialAction":[{"@type":"SearchAction","target":{"@type":"EntryPoint","urlTemplate":"https:\/\/dizagn.fr\/?s={search_term_string}"},"query-input":{"@type":"PropertyValueSpecification","valueRequired":true,"valueName":"search_term_string"}}],"inLanguage":"en-GB"},{"@type":"Organization","@id":"https:\/\/dizagn.fr\/#organization","name":"DIZAGN","url":"https:\/\/dizagn.fr\/","logo":{"@type":"ImageObject","inLanguage":"en-GB","@id":"https:\/\/dizagn.fr\/#\/schema\/logo\/image\/","url":"https:\/\/dizagn.fr\/wp-content\/uploads\/2023\/03\/logo-Dizagn.jpg","contentUrl":"https:\/\/dizagn.fr\/wp-content\/uploads\/2023\/03\/logo-Dizagn.jpg","width":304,"height":95,"caption":"DIZAGN"},"image":{"@id":"https:\/\/dizagn.fr\/#\/schema\/logo\/image\/"}}]}},"_links":{"self":[{"href":"https:\/\/dizagn.fr\/en\/wp-json\/wp\/v2\/product\/1073","targetHints":{"allow":["GET"]}}],"collection":[{"href":"https:\/\/dizagn.fr\/en\/wp-json\/wp\/v2\/product"}],"about":[{"href":"https:\/\/dizagn.fr\/en\/wp-json\/wp\/v2\/types\/product"}],"wp:featuredmedia":[{"embeddable":true,"href":"https:\/\/dizagn.fr\/en\/wp-json\/wp\/v2\/media\/1255"}],"wp:attachment":[{"href":"https:\/\/dizagn.fr\/en\/wp-json\/wp\/v2\/media?parent=1073"}],"wp:term":[{"taxonomy":"product_brand","embeddable":true,"href":"https:\/\/dizagn.fr\/en\/wp-json\/wp\/v2\/product_brand?post=1073"},{"taxonomy":"product_cat","embeddable":true,"href":"https:\/\/dizagn.fr\/en\/wp-json\/wp\/v2\/product_cat?post=1073"},{"taxonomy":"product_tag","embeddable":true,"href":"https:\/\/dizagn.fr\/en\/wp-json\/wp\/v2\/product_tag?post=1073"}],"curies":[{"name":"wp","href":"https:\/\/api.w.org\/{rel}","templated":true}]}}