{"id":1047,"date":"2023-03-12T08:02:09","date_gmt":"2023-03-12T07:02:09","guid":{"rendered":"http:\/\/dizagn.fr\/?post_type=product&#038;p=1047"},"modified":"2025-05-19T14:11:31","modified_gmt":"2025-05-19T12:11:31","slug":"gilles-derain-table-basse-lumen-ed-c-1985","status":"publish","type":"product","link":"https:\/\/dizagn.fr\/en\/product\/gilles-derain-table-basse-lumen-ed-c-1985\/","title":{"rendered":"GILLES DERAIN, COFFEE TABLE, LUMEN ED, C. 1985"},"content":{"rendered":"","protected":false},"excerpt":{"rendered":"<p>GILLES DERAIN (1944-)<\/p>\n<p>Important coffee table <\/p>\n<p>Lumen edition, circa 1985<\/p>\n<p>Chromed metal and MDF <\/p>\n<p>Length. 180 x Depth. 55 x Height. 36 cm<\/p>","protected":false},"featured_media":1048,"template":"","meta":{"_et_pb_use_builder":"","_et_pb_old_content":"","_et_gb_content_width":""},"product_brand":[],"product_cat":[18],"product_tag":[],"class_list":{"0":"post-1047","1":"product","2":"type-product","3":"status-publish","4":"has-post-thumbnail","6":"product_cat-selection","8":"first","9":"instock","10":"shipping-taxable","11":"purchasable","12":"product-type-simple"},"yoast_head":"<!-- This site is optimized with the Yoast SEO plugin v27.4 - https:\/\/yoast.com\/product\/yoast-seo-wordpress\/ -->\n<title>GILLES DERAIN, TABLE BASSE LUMEN ED, C. 1985 - DIZAGN<\/title>\n<meta name=\"robots\" content=\"index, follow, max-snippet:-1, max-image-preview:large, max-video-preview:-1\" \/>\n<link rel=\"canonical\" href=\"https:\/\/dizagn.fr\/en\/product\/gilles-derain-table-basse-lumen-ed-c-1985\/\" \/>\n<meta property=\"og:locale\" content=\"en_GB\" \/>\n<meta property=\"og:type\" content=\"article\" \/>\n<meta property=\"og:title\" content=\"GILLES DERAIN, TABLE BASSE LUMEN ED, C. 1985 - DIZAGN\" \/>\n<meta property=\"og:description\" content=\"GILLES DERAIN (1944-)  Longue table basse   Lumen \u00e9diteur, circa 1985  M\u00e9tal chrom\u00e9 et MDF   Long. 180 x Prof. 55 x Haut. 36 cm\" \/>\n<meta property=\"og:url\" content=\"https:\/\/dizagn.fr\/en\/product\/gilles-derain-table-basse-lumen-ed-c-1985\/\" \/>\n<meta property=\"og:site_name\" content=\"DIZAGN\" \/>\n<meta property=\"article:modified_time\" content=\"2025-05-19T12:11:31+00:00\" \/>\n<meta property=\"og:image\" content=\"https:\/\/dizagn.fr\/wp-content\/uploads\/2023\/03\/DERAIN-GILLES-table-basse-1.jpg\" \/>\n\t<meta property=\"og:image:width\" content=\"9000\" \/>\n\t<meta property=\"og:image:height\" content=\"9000\" \/>\n\t<meta property=\"og:image:type\" content=\"image\/jpeg\" \/>\n<meta name=\"twitter:card\" content=\"summary_large_image\" \/>\n<script type=\"application\/ld+json\" class=\"yoast-schema-graph\">{\"@context\":\"https:\\\/\\\/schema.org\",\"@graph\":[{\"@type\":\"WebPage\",\"@id\":\"https:\\\/\\\/dizagn.fr\\\/produit\\\/gilles-derain-table-basse-lumen-ed-c-1985\\\/\",\"url\":\"https:\\\/\\\/dizagn.fr\\\/produit\\\/gilles-derain-table-basse-lumen-ed-c-1985\\\/\",\"name\":\"GILLES DERAIN, TABLE BASSE LUMEN ED, C. 1985 - DIZAGN\",\"isPartOf\":{\"@id\":\"https:\\\/\\\/dizagn.fr\\\/#website\"},\"primaryImageOfPage\":{\"@id\":\"https:\\\/\\\/dizagn.fr\\\/produit\\\/gilles-derain-table-basse-lumen-ed-c-1985\\\/#primaryimage\"},\"image\":{\"@id\":\"https:\\\/\\\/dizagn.fr\\\/produit\\\/gilles-derain-table-basse-lumen-ed-c-1985\\\/#primaryimage\"},\"thumbnailUrl\":\"https:\\\/\\\/dizagn.fr\\\/wp-content\\\/uploads\\\/2023\\\/03\\\/DERAIN-GILLES-table-basse-1.jpg\",\"datePublished\":\"2023-03-12T07:02:09+00:00\",\"dateModified\":\"2025-05-19T12:11:31+00:00\",\"breadcrumb\":{\"@id\":\"https:\\\/\\\/dizagn.fr\\\/produit\\\/gilles-derain-table-basse-lumen-ed-c-1985\\\/#breadcrumb\"},\"inLanguage\":\"en-GB\",\"potentialAction\":[{\"@type\":\"ReadAction\",\"target\":[\"https:\\\/\\\/dizagn.fr\\\/produit\\\/gilles-derain-table-basse-lumen-ed-c-1985\\\/\"]}]},{\"@type\":\"ImageObject\",\"inLanguage\":\"en-GB\",\"@id\":\"https:\\\/\\\/dizagn.fr\\\/produit\\\/gilles-derain-table-basse-lumen-ed-c-1985\\\/#primaryimage\",\"url\":\"https:\\\/\\\/dizagn.fr\\\/wp-content\\\/uploads\\\/2023\\\/03\\\/DERAIN-GILLES-table-basse-1.jpg\",\"contentUrl\":\"https:\\\/\\\/dizagn.fr\\\/wp-content\\\/uploads\\\/2023\\\/03\\\/DERAIN-GILLES-table-basse-1.jpg\",\"width\":9000,\"height\":9000},{\"@type\":\"BreadcrumbList\",\"@id\":\"https:\\\/\\\/dizagn.fr\\\/produit\\\/gilles-derain-table-basse-lumen-ed-c-1985\\\/#breadcrumb\",\"itemListElement\":[{\"@type\":\"ListItem\",\"position\":1,\"name\":\"Accueil\",\"item\":\"https:\\\/\\\/dizagn.fr\\\/\"},{\"@type\":\"ListItem\",\"position\":2,\"name\":\"S\u00e9lection\",\"item\":\"https:\\\/\\\/dizagn.fr\\\/\"},{\"@type\":\"ListItem\",\"position\":3,\"name\":\"GILLES DERAIN, TABLE BASSE LUMEN ED, C. 1985\"}]},{\"@type\":\"WebSite\",\"@id\":\"https:\\\/\\\/dizagn.fr\\\/#website\",\"url\":\"https:\\\/\\\/dizagn.fr\\\/\",\"name\":\"DIZAGN\",\"description\":\"\",\"publisher\":{\"@id\":\"https:\\\/\\\/dizagn.fr\\\/#organization\"},\"potentialAction\":[{\"@type\":\"SearchAction\",\"target\":{\"@type\":\"EntryPoint\",\"urlTemplate\":\"https:\\\/\\\/dizagn.fr\\\/?s={search_term_string}\"},\"query-input\":{\"@type\":\"PropertyValueSpecification\",\"valueRequired\":true,\"valueName\":\"search_term_string\"}}],\"inLanguage\":\"en-GB\"},{\"@type\":\"Organization\",\"@id\":\"https:\\\/\\\/dizagn.fr\\\/#organization\",\"name\":\"DIZAGN\",\"url\":\"https:\\\/\\\/dizagn.fr\\\/\",\"logo\":{\"@type\":\"ImageObject\",\"inLanguage\":\"en-GB\",\"@id\":\"https:\\\/\\\/dizagn.fr\\\/#\\\/schema\\\/logo\\\/image\\\/\",\"url\":\"https:\\\/\\\/dizagn.fr\\\/wp-content\\\/uploads\\\/2023\\\/03\\\/logo-Dizagn.jpg\",\"contentUrl\":\"https:\\\/\\\/dizagn.fr\\\/wp-content\\\/uploads\\\/2023\\\/03\\\/logo-Dizagn.jpg\",\"width\":304,\"height\":95,\"caption\":\"DIZAGN\"},\"image\":{\"@id\":\"https:\\\/\\\/dizagn.fr\\\/#\\\/schema\\\/logo\\\/image\\\/\"}}]}<\/script>\n<!-- \/ Yoast SEO plugin. -->","yoast_head_json":{"title":"GILLES DERAIN, TABLE BASSE LUMEN ED, C. 1985 - DIZAGN","robots":{"index":"index","follow":"follow","max-snippet":"max-snippet:-1","max-image-preview":"max-image-preview:large","max-video-preview":"max-video-preview:-1"},"canonical":"https:\/\/dizagn.fr\/en\/product\/gilles-derain-table-basse-lumen-ed-c-1985\/","og_locale":"en_GB","og_type":"article","og_title":"GILLES DERAIN, TABLE BASSE LUMEN ED, C. 1985 - DIZAGN","og_description":"GILLES DERAIN (1944-)  Longue table basse   Lumen \u00e9diteur, circa 1985  M\u00e9tal chrom\u00e9 et MDF   Long. 180 x Prof. 55 x Haut. 36 cm","og_url":"https:\/\/dizagn.fr\/en\/product\/gilles-derain-table-basse-lumen-ed-c-1985\/","og_site_name":"DIZAGN","article_modified_time":"2025-05-19T12:11:31+00:00","og_image":[{"width":9000,"height":9000,"url":"https:\/\/dizagn.fr\/wp-content\/uploads\/2023\/03\/DERAIN-GILLES-table-basse-1.jpg","type":"image\/jpeg"}],"twitter_card":"summary_large_image","schema":{"@context":"https:\/\/schema.org","@graph":[{"@type":"WebPage","@id":"https:\/\/dizagn.fr\/produit\/gilles-derain-table-basse-lumen-ed-c-1985\/","url":"https:\/\/dizagn.fr\/produit\/gilles-derain-table-basse-lumen-ed-c-1985\/","name":"GILLES DERAIN, TABLE BASSE LUMEN ED, C. 1985 - DIZAGN","isPartOf":{"@id":"https:\/\/dizagn.fr\/#website"},"primaryImageOfPage":{"@id":"https:\/\/dizagn.fr\/produit\/gilles-derain-table-basse-lumen-ed-c-1985\/#primaryimage"},"image":{"@id":"https:\/\/dizagn.fr\/produit\/gilles-derain-table-basse-lumen-ed-c-1985\/#primaryimage"},"thumbnailUrl":"https:\/\/dizagn.fr\/wp-content\/uploads\/2023\/03\/DERAIN-GILLES-table-basse-1.jpg","datePublished":"2023-03-12T07:02:09+00:00","dateModified":"2025-05-19T12:11:31+00:00","breadcrumb":{"@id":"https:\/\/dizagn.fr\/produit\/gilles-derain-table-basse-lumen-ed-c-1985\/#breadcrumb"},"inLanguage":"en-GB","potentialAction":[{"@type":"ReadAction","target":["https:\/\/dizagn.fr\/produit\/gilles-derain-table-basse-lumen-ed-c-1985\/"]}]},{"@type":"ImageObject","inLanguage":"en-GB","@id":"https:\/\/dizagn.fr\/produit\/gilles-derain-table-basse-lumen-ed-c-1985\/#primaryimage","url":"https:\/\/dizagn.fr\/wp-content\/uploads\/2023\/03\/DERAIN-GILLES-table-basse-1.jpg","contentUrl":"https:\/\/dizagn.fr\/wp-content\/uploads\/2023\/03\/DERAIN-GILLES-table-basse-1.jpg","width":9000,"height":9000},{"@type":"BreadcrumbList","@id":"https:\/\/dizagn.fr\/produit\/gilles-derain-table-basse-lumen-ed-c-1985\/#breadcrumb","itemListElement":[{"@type":"ListItem","position":1,"name":"Accueil","item":"https:\/\/dizagn.fr\/"},{"@type":"ListItem","position":2,"name":"S\u00e9lection","item":"https:\/\/dizagn.fr\/"},{"@type":"ListItem","position":3,"name":"GILLES DERAIN, TABLE BASSE LUMEN ED, C. 1985"}]},{"@type":"WebSite","@id":"https:\/\/dizagn.fr\/#website","url":"https:\/\/dizagn.fr\/","name":"DIZAGN","description":"","publisher":{"@id":"https:\/\/dizagn.fr\/#organization"},"potentialAction":[{"@type":"SearchAction","target":{"@type":"EntryPoint","urlTemplate":"https:\/\/dizagn.fr\/?s={search_term_string}"},"query-input":{"@type":"PropertyValueSpecification","valueRequired":true,"valueName":"search_term_string"}}],"inLanguage":"en-GB"},{"@type":"Organization","@id":"https:\/\/dizagn.fr\/#organization","name":"DIZAGN","url":"https:\/\/dizagn.fr\/","logo":{"@type":"ImageObject","inLanguage":"en-GB","@id":"https:\/\/dizagn.fr\/#\/schema\/logo\/image\/","url":"https:\/\/dizagn.fr\/wp-content\/uploads\/2023\/03\/logo-Dizagn.jpg","contentUrl":"https:\/\/dizagn.fr\/wp-content\/uploads\/2023\/03\/logo-Dizagn.jpg","width":304,"height":95,"caption":"DIZAGN"},"image":{"@id":"https:\/\/dizagn.fr\/#\/schema\/logo\/image\/"}}]}},"_links":{"self":[{"href":"https:\/\/dizagn.fr\/en\/wp-json\/wp\/v2\/product\/1047","targetHints":{"allow":["GET"]}}],"collection":[{"href":"https:\/\/dizagn.fr\/en\/wp-json\/wp\/v2\/product"}],"about":[{"href":"https:\/\/dizagn.fr\/en\/wp-json\/wp\/v2\/types\/product"}],"wp:featuredmedia":[{"embeddable":true,"href":"https:\/\/dizagn.fr\/en\/wp-json\/wp\/v2\/media\/1048"}],"wp:attachment":[{"href":"https:\/\/dizagn.fr\/en\/wp-json\/wp\/v2\/media?parent=1047"}],"wp:term":[{"taxonomy":"product_brand","embeddable":true,"href":"https:\/\/dizagn.fr\/en\/wp-json\/wp\/v2\/product_brand?post=1047"},{"taxonomy":"product_cat","embeddable":true,"href":"https:\/\/dizagn.fr\/en\/wp-json\/wp\/v2\/product_cat?post=1047"},{"taxonomy":"product_tag","embeddable":true,"href":"https:\/\/dizagn.fr\/en\/wp-json\/wp\/v2\/product_tag?post=1047"}],"curies":[{"name":"wp","href":"https:\/\/api.w.org\/{rel}","templated":true}]}}