{"id":1027,"date":"2023-01-08T14:06:10","date_gmt":"2023-01-08T13:06:10","guid":{"rendered":"http:\/\/dizagn.fr\/?post_type=product&#038;p=1027"},"modified":"2023-01-08T14:06:11","modified_gmt":"2023-01-08T13:06:11","slug":"travail-francais-enfilade-hetre-stratifie-bleu-c-1950","status":"publish","type":"product","link":"https:\/\/dizagn.fr\/en\/product\/travail-francais-enfilade-hetre-stratifie-bleu-c-1950\/","title":{"rendered":"TRAVAIL FRAN\u00c7AIS, ENFILADE HETRE STRATIFIE BLEU, C.1950"},"content":{"rendered":"","protected":false},"excerpt":{"rendered":"<p>TRAVAIL FRAN\u00c7AIS<\/p>\n<p>Enfilade bar <\/p>\n<p>Contreplaqu\u00e9 de h\u00eatre et stratifi\u00e9 bleu<\/p>\n<p>Tr\u00e8s bon \u00e9tat d&rsquo;origine <\/p>\n<p>Haut. 85 x Long. 144 x Prof. 50 cm<\/p>","protected":false},"featured_media":1029,"template":"","meta":{"_et_pb_use_builder":"","_et_pb_old_content":"","_et_gb_content_width":""},"product_brand":[],"product_cat":[19],"product_tag":[],"class_list":{"0":"post-1027","1":"product","2":"type-product","3":"status-publish","4":"has-post-thumbnail","6":"product_cat-archives","8":"first","9":"instock","10":"shipping-taxable","11":"product-type-simple"},"yoast_head":"<!-- This site is optimized with the Yoast SEO plugin v27.3 - https:\/\/yoast.com\/product\/yoast-seo-wordpress\/ -->\n<title>TRAVAIL FRAN\u00c7AIS, ENFILADE HETRE STRATIFIE BLEU, C.1950 - DIZAGN<\/title>\n<meta name=\"robots\" content=\"index, follow, max-snippet:-1, max-image-preview:large, max-video-preview:-1\" \/>\n<link rel=\"canonical\" href=\"https:\/\/dizagn.fr\/en\/product\/travail-francais-enfilade-hetre-stratifie-bleu-c-1950\/\" \/>\n<meta property=\"og:locale\" content=\"en_GB\" \/>\n<meta property=\"og:type\" content=\"article\" \/>\n<meta property=\"og:title\" content=\"TRAVAIL FRAN\u00c7AIS, ENFILADE HETRE STRATIFIE BLEU, C.1950 - DIZAGN\" \/>\n<meta property=\"og:description\" content=\"TRAVAIL FRAN\u00c7AIS  Enfilade bar   Contreplaqu\u00e9 de h\u00eatre et stratifi\u00e9 bleu  Tr\u00e8s bon \u00e9tat d&#039;origine   Haut. 85 x Long. 144 x Prof. 50 cm\" \/>\n<meta property=\"og:url\" content=\"https:\/\/dizagn.fr\/en\/product\/travail-francais-enfilade-hetre-stratifie-bleu-c-1950\/\" \/>\n<meta property=\"og:site_name\" content=\"DIZAGN\" \/>\n<meta property=\"article:modified_time\" content=\"2023-01-08T13:06:11+00:00\" \/>\n<meta property=\"og:image\" content=\"https:\/\/dizagn.fr\/wp-content\/uploads\/2023\/01\/TRAVAIL-FRANCAIS-ENFILADE-HETRE-STRATIFIE-BLEU.jpg\" \/>\n\t<meta property=\"og:image:width\" content=\"1078\" \/>\n\t<meta property=\"og:image:height\" content=\"1078\" \/>\n\t<meta property=\"og:image:type\" content=\"image\/jpeg\" \/>\n<meta name=\"twitter:card\" content=\"summary_large_image\" \/>\n<script type=\"application\/ld+json\" class=\"yoast-schema-graph\">{\"@context\":\"https:\\\/\\\/schema.org\",\"@graph\":[{\"@type\":\"WebPage\",\"@id\":\"https:\\\/\\\/dizagn.fr\\\/en\\\/product\\\/travail-francais-enfilade-hetre-stratifie-bleu-c-1950\\\/\",\"url\":\"https:\\\/\\\/dizagn.fr\\\/en\\\/product\\\/travail-francais-enfilade-hetre-stratifie-bleu-c-1950\\\/\",\"name\":\"TRAVAIL FRAN\u00c7AIS, ENFILADE HETRE STRATIFIE BLEU, C.1950 - DIZAGN\",\"isPartOf\":{\"@id\":\"https:\\\/\\\/dizagn.fr\\\/#website\"},\"primaryImageOfPage\":{\"@id\":\"https:\\\/\\\/dizagn.fr\\\/en\\\/product\\\/travail-francais-enfilade-hetre-stratifie-bleu-c-1950\\\/#primaryimage\"},\"image\":{\"@id\":\"https:\\\/\\\/dizagn.fr\\\/en\\\/product\\\/travail-francais-enfilade-hetre-stratifie-bleu-c-1950\\\/#primaryimage\"},\"thumbnailUrl\":\"https:\\\/\\\/dizagn.fr\\\/wp-content\\\/uploads\\\/2023\\\/01\\\/TRAVAIL-FRANCAIS-ENFILADE-HETRE-STRATIFIE-BLEU.jpg\",\"datePublished\":\"2023-01-08T13:06:10+00:00\",\"dateModified\":\"2023-01-08T13:06:11+00:00\",\"breadcrumb\":{\"@id\":\"https:\\\/\\\/dizagn.fr\\\/en\\\/product\\\/travail-francais-enfilade-hetre-stratifie-bleu-c-1950\\\/#breadcrumb\"},\"inLanguage\":\"en-GB\",\"potentialAction\":[{\"@type\":\"ReadAction\",\"target\":[\"https:\\\/\\\/dizagn.fr\\\/en\\\/product\\\/travail-francais-enfilade-hetre-stratifie-bleu-c-1950\\\/\"]}]},{\"@type\":\"ImageObject\",\"inLanguage\":\"en-GB\",\"@id\":\"https:\\\/\\\/dizagn.fr\\\/en\\\/product\\\/travail-francais-enfilade-hetre-stratifie-bleu-c-1950\\\/#primaryimage\",\"url\":\"https:\\\/\\\/dizagn.fr\\\/wp-content\\\/uploads\\\/2023\\\/01\\\/TRAVAIL-FRANCAIS-ENFILADE-HETRE-STRATIFIE-BLEU.jpg\",\"contentUrl\":\"https:\\\/\\\/dizagn.fr\\\/wp-content\\\/uploads\\\/2023\\\/01\\\/TRAVAIL-FRANCAIS-ENFILADE-HETRE-STRATIFIE-BLEU.jpg\",\"width\":1078,\"height\":1078},{\"@type\":\"BreadcrumbList\",\"@id\":\"https:\\\/\\\/dizagn.fr\\\/en\\\/product\\\/travail-francais-enfilade-hetre-stratifie-bleu-c-1950\\\/#breadcrumb\",\"itemListElement\":[{\"@type\":\"ListItem\",\"position\":1,\"name\":\"Accueil\",\"item\":\"https:\\\/\\\/dizagn.fr\\\/\"},{\"@type\":\"ListItem\",\"position\":2,\"name\":\"S\u00e9lection\",\"item\":\"https:\\\/\\\/dizagn.fr\\\/\"},{\"@type\":\"ListItem\",\"position\":3,\"name\":\"TRAVAIL FRAN\u00c7AIS, ENFILADE HETRE STRATIFIE BLEU, C.1950\"}]},{\"@type\":\"WebSite\",\"@id\":\"https:\\\/\\\/dizagn.fr\\\/#website\",\"url\":\"https:\\\/\\\/dizagn.fr\\\/\",\"name\":\"DIZAGN\",\"description\":\"\",\"publisher\":{\"@id\":\"https:\\\/\\\/dizagn.fr\\\/#organization\"},\"potentialAction\":[{\"@type\":\"SearchAction\",\"target\":{\"@type\":\"EntryPoint\",\"urlTemplate\":\"https:\\\/\\\/dizagn.fr\\\/?s={search_term_string}\"},\"query-input\":{\"@type\":\"PropertyValueSpecification\",\"valueRequired\":true,\"valueName\":\"search_term_string\"}}],\"inLanguage\":\"en-GB\"},{\"@type\":\"Organization\",\"@id\":\"https:\\\/\\\/dizagn.fr\\\/#organization\",\"name\":\"DIZAGN\",\"url\":\"https:\\\/\\\/dizagn.fr\\\/\",\"logo\":{\"@type\":\"ImageObject\",\"inLanguage\":\"en-GB\",\"@id\":\"https:\\\/\\\/dizagn.fr\\\/#\\\/schema\\\/logo\\\/image\\\/\",\"url\":\"https:\\\/\\\/dizagn.fr\\\/wp-content\\\/uploads\\\/2023\\\/03\\\/logo-Dizagn.jpg\",\"contentUrl\":\"https:\\\/\\\/dizagn.fr\\\/wp-content\\\/uploads\\\/2023\\\/03\\\/logo-Dizagn.jpg\",\"width\":304,\"height\":95,\"caption\":\"DIZAGN\"},\"image\":{\"@id\":\"https:\\\/\\\/dizagn.fr\\\/#\\\/schema\\\/logo\\\/image\\\/\"}}]}<\/script>\n<!-- \/ Yoast SEO plugin. -->","yoast_head_json":{"title":"TRAVAIL FRAN\u00c7AIS, ENFILADE HETRE STRATIFIE BLEU, C.1950 - DIZAGN","robots":{"index":"index","follow":"follow","max-snippet":"max-snippet:-1","max-image-preview":"max-image-preview:large","max-video-preview":"max-video-preview:-1"},"canonical":"https:\/\/dizagn.fr\/en\/product\/travail-francais-enfilade-hetre-stratifie-bleu-c-1950\/","og_locale":"en_GB","og_type":"article","og_title":"TRAVAIL FRAN\u00c7AIS, ENFILADE HETRE STRATIFIE BLEU, C.1950 - DIZAGN","og_description":"TRAVAIL FRAN\u00c7AIS  Enfilade bar   Contreplaqu\u00e9 de h\u00eatre et stratifi\u00e9 bleu  Tr\u00e8s bon \u00e9tat d'origine   Haut. 85 x Long. 144 x Prof. 50 cm","og_url":"https:\/\/dizagn.fr\/en\/product\/travail-francais-enfilade-hetre-stratifie-bleu-c-1950\/","og_site_name":"DIZAGN","article_modified_time":"2023-01-08T13:06:11+00:00","og_image":[{"width":1078,"height":1078,"url":"https:\/\/dizagn.fr\/wp-content\/uploads\/2023\/01\/TRAVAIL-FRANCAIS-ENFILADE-HETRE-STRATIFIE-BLEU.jpg","type":"image\/jpeg"}],"twitter_card":"summary_large_image","schema":{"@context":"https:\/\/schema.org","@graph":[{"@type":"WebPage","@id":"https:\/\/dizagn.fr\/en\/product\/travail-francais-enfilade-hetre-stratifie-bleu-c-1950\/","url":"https:\/\/dizagn.fr\/en\/product\/travail-francais-enfilade-hetre-stratifie-bleu-c-1950\/","name":"TRAVAIL FRAN\u00c7AIS, ENFILADE HETRE STRATIFIE BLEU, C.1950 - DIZAGN","isPartOf":{"@id":"https:\/\/dizagn.fr\/#website"},"primaryImageOfPage":{"@id":"https:\/\/dizagn.fr\/en\/product\/travail-francais-enfilade-hetre-stratifie-bleu-c-1950\/#primaryimage"},"image":{"@id":"https:\/\/dizagn.fr\/en\/product\/travail-francais-enfilade-hetre-stratifie-bleu-c-1950\/#primaryimage"},"thumbnailUrl":"https:\/\/dizagn.fr\/wp-content\/uploads\/2023\/01\/TRAVAIL-FRANCAIS-ENFILADE-HETRE-STRATIFIE-BLEU.jpg","datePublished":"2023-01-08T13:06:10+00:00","dateModified":"2023-01-08T13:06:11+00:00","breadcrumb":{"@id":"https:\/\/dizagn.fr\/en\/product\/travail-francais-enfilade-hetre-stratifie-bleu-c-1950\/#breadcrumb"},"inLanguage":"en-GB","potentialAction":[{"@type":"ReadAction","target":["https:\/\/dizagn.fr\/en\/product\/travail-francais-enfilade-hetre-stratifie-bleu-c-1950\/"]}]},{"@type":"ImageObject","inLanguage":"en-GB","@id":"https:\/\/dizagn.fr\/en\/product\/travail-francais-enfilade-hetre-stratifie-bleu-c-1950\/#primaryimage","url":"https:\/\/dizagn.fr\/wp-content\/uploads\/2023\/01\/TRAVAIL-FRANCAIS-ENFILADE-HETRE-STRATIFIE-BLEU.jpg","contentUrl":"https:\/\/dizagn.fr\/wp-content\/uploads\/2023\/01\/TRAVAIL-FRANCAIS-ENFILADE-HETRE-STRATIFIE-BLEU.jpg","width":1078,"height":1078},{"@type":"BreadcrumbList","@id":"https:\/\/dizagn.fr\/en\/product\/travail-francais-enfilade-hetre-stratifie-bleu-c-1950\/#breadcrumb","itemListElement":[{"@type":"ListItem","position":1,"name":"Accueil","item":"https:\/\/dizagn.fr\/"},{"@type":"ListItem","position":2,"name":"S\u00e9lection","item":"https:\/\/dizagn.fr\/"},{"@type":"ListItem","position":3,"name":"TRAVAIL FRAN\u00c7AIS, ENFILADE HETRE STRATIFIE BLEU, C.1950"}]},{"@type":"WebSite","@id":"https:\/\/dizagn.fr\/#website","url":"https:\/\/dizagn.fr\/","name":"DIZAGN","description":"","publisher":{"@id":"https:\/\/dizagn.fr\/#organization"},"potentialAction":[{"@type":"SearchAction","target":{"@type":"EntryPoint","urlTemplate":"https:\/\/dizagn.fr\/?s={search_term_string}"},"query-input":{"@type":"PropertyValueSpecification","valueRequired":true,"valueName":"search_term_string"}}],"inLanguage":"en-GB"},{"@type":"Organization","@id":"https:\/\/dizagn.fr\/#organization","name":"DIZAGN","url":"https:\/\/dizagn.fr\/","logo":{"@type":"ImageObject","inLanguage":"en-GB","@id":"https:\/\/dizagn.fr\/#\/schema\/logo\/image\/","url":"https:\/\/dizagn.fr\/wp-content\/uploads\/2023\/03\/logo-Dizagn.jpg","contentUrl":"https:\/\/dizagn.fr\/wp-content\/uploads\/2023\/03\/logo-Dizagn.jpg","width":304,"height":95,"caption":"DIZAGN"},"image":{"@id":"https:\/\/dizagn.fr\/#\/schema\/logo\/image\/"}}]}},"_links":{"self":[{"href":"https:\/\/dizagn.fr\/en\/wp-json\/wp\/v2\/product\/1027","targetHints":{"allow":["GET"]}}],"collection":[{"href":"https:\/\/dizagn.fr\/en\/wp-json\/wp\/v2\/product"}],"about":[{"href":"https:\/\/dizagn.fr\/en\/wp-json\/wp\/v2\/types\/product"}],"wp:featuredmedia":[{"embeddable":true,"href":"https:\/\/dizagn.fr\/en\/wp-json\/wp\/v2\/media\/1029"}],"wp:attachment":[{"href":"https:\/\/dizagn.fr\/en\/wp-json\/wp\/v2\/media?parent=1027"}],"wp:term":[{"taxonomy":"product_brand","embeddable":true,"href":"https:\/\/dizagn.fr\/en\/wp-json\/wp\/v2\/product_brand?post=1027"},{"taxonomy":"product_cat","embeddable":true,"href":"https:\/\/dizagn.fr\/en\/wp-json\/wp\/v2\/product_cat?post=1027"},{"taxonomy":"product_tag","embeddable":true,"href":"https:\/\/dizagn.fr\/en\/wp-json\/wp\/v2\/product_tag?post=1027"}],"curies":[{"name":"wp","href":"https:\/\/api.w.org\/{rel}","templated":true}]}}