{"id":1010,"date":"2023-01-03T10:26:24","date_gmt":"2023-01-03T09:26:24","guid":{"rendered":"http:\/\/dizagn.fr\/?post_type=product&#038;p=1010"},"modified":"2024-07-12T00:15:31","modified_gmt":"2024-07-11T22:15:31","slug":"jacques-tissinier-boite-j-neuhaus-ed-1972","status":"publish","type":"product","link":"https:\/\/dizagn.fr\/en\/product\/jacques-tissinier-boite-j-neuhaus-ed-1972\/","title":{"rendered":"JACQUES TISSINIER, BOITE, J. NEUHAUS ED., 1972"},"content":{"rendered":"","protected":false},"excerpt":{"rendered":"<p>TISSINIER Jacques (1936-2018)<\/p>\n<p>Bo\u00eete, Jean Neuhaus SA \u00e9diteur, France, 1972<\/p>\n<p>Acier en \u00e9mail vitracier, <\/p>\n<p>Bon \u00e9tat, quelques rayures d\u2019usage. <\/p>\n<p>Exemplaire n\u00b0157<\/p>","protected":false},"featured_media":1011,"template":"","meta":{"_et_pb_use_builder":"","_et_pb_old_content":"","_et_gb_content_width":""},"product_brand":[],"product_cat":[18],"product_tag":[],"class_list":{"0":"post-1010","1":"product","2":"type-product","3":"status-publish","4":"has-post-thumbnail","6":"product_cat-selection","8":"first","9":"instock","10":"shipping-taxable","11":"purchasable","12":"product-type-simple"},"yoast_head":"<!-- This site is optimized with the Yoast SEO plugin v27.4 - https:\/\/yoast.com\/product\/yoast-seo-wordpress\/ -->\n<title>JACQUES TISSINIER, BOITE, J. NEUHAUS ED., 1972 - DIZAGN<\/title>\n<meta name=\"robots\" content=\"index, follow, max-snippet:-1, max-image-preview:large, max-video-preview:-1\" \/>\n<link rel=\"canonical\" href=\"https:\/\/dizagn.fr\/en\/product\/jacques-tissinier-boite-j-neuhaus-ed-1972\/\" \/>\n<meta property=\"og:locale\" content=\"en_GB\" \/>\n<meta property=\"og:type\" content=\"article\" \/>\n<meta property=\"og:title\" content=\"JACQUES TISSINIER, BOITE, J. NEUHAUS ED., 1972 - DIZAGN\" \/>\n<meta property=\"og:description\" content=\"TISSINIER Jacques (1936-2018)  Bo\u00eete, Jean Neuhaus SA \u00e9diteur, France, 1972  Acier en \u00e9mail vitracier,   Bon \u00e9tat, quelques rayures d\u2019usage.   Exemplaire n\u00b0157\" \/>\n<meta property=\"og:url\" content=\"https:\/\/dizagn.fr\/en\/product\/jacques-tissinier-boite-j-neuhaus-ed-1972\/\" \/>\n<meta property=\"og:site_name\" content=\"DIZAGN\" \/>\n<meta property=\"article:modified_time\" content=\"2024-07-11T22:15:31+00:00\" \/>\n<meta property=\"og:image\" content=\"https:\/\/dizagn.fr\/wp-content\/uploads\/2023\/01\/TISSINIER-JACQUES-boite-JEAN-NEUHAUS-1972-ex157-1.jpg\" \/>\n\t<meta property=\"og:image:width\" content=\"1772\" \/>\n\t<meta property=\"og:image:height\" content=\"1772\" \/>\n\t<meta property=\"og:image:type\" content=\"image\/jpeg\" \/>\n<meta name=\"twitter:card\" content=\"summary_large_image\" \/>\n<script type=\"application\/ld+json\" class=\"yoast-schema-graph\">{\"@context\":\"https:\\\/\\\/schema.org\",\"@graph\":[{\"@type\":\"WebPage\",\"@id\":\"https:\\\/\\\/dizagn.fr\\\/en\\\/product\\\/jacques-tissinier-boite-j-neuhaus-ed-1972\\\/\",\"url\":\"https:\\\/\\\/dizagn.fr\\\/en\\\/product\\\/jacques-tissinier-boite-j-neuhaus-ed-1972\\\/\",\"name\":\"JACQUES TISSINIER, BOITE, J. NEUHAUS ED., 1972 - DIZAGN\",\"isPartOf\":{\"@id\":\"https:\\\/\\\/dizagn.fr\\\/#website\"},\"primaryImageOfPage\":{\"@id\":\"https:\\\/\\\/dizagn.fr\\\/en\\\/product\\\/jacques-tissinier-boite-j-neuhaus-ed-1972\\\/#primaryimage\"},\"image\":{\"@id\":\"https:\\\/\\\/dizagn.fr\\\/en\\\/product\\\/jacques-tissinier-boite-j-neuhaus-ed-1972\\\/#primaryimage\"},\"thumbnailUrl\":\"https:\\\/\\\/dizagn.fr\\\/wp-content\\\/uploads\\\/2023\\\/01\\\/TISSINIER-JACQUES-boite-JEAN-NEUHAUS-1972-ex157-1.jpg\",\"datePublished\":\"2023-01-03T09:26:24+00:00\",\"dateModified\":\"2024-07-11T22:15:31+00:00\",\"breadcrumb\":{\"@id\":\"https:\\\/\\\/dizagn.fr\\\/en\\\/product\\\/jacques-tissinier-boite-j-neuhaus-ed-1972\\\/#breadcrumb\"},\"inLanguage\":\"en-GB\",\"potentialAction\":[{\"@type\":\"ReadAction\",\"target\":[\"https:\\\/\\\/dizagn.fr\\\/en\\\/product\\\/jacques-tissinier-boite-j-neuhaus-ed-1972\\\/\"]}]},{\"@type\":\"ImageObject\",\"inLanguage\":\"en-GB\",\"@id\":\"https:\\\/\\\/dizagn.fr\\\/en\\\/product\\\/jacques-tissinier-boite-j-neuhaus-ed-1972\\\/#primaryimage\",\"url\":\"https:\\\/\\\/dizagn.fr\\\/wp-content\\\/uploads\\\/2023\\\/01\\\/TISSINIER-JACQUES-boite-JEAN-NEUHAUS-1972-ex157-1.jpg\",\"contentUrl\":\"https:\\\/\\\/dizagn.fr\\\/wp-content\\\/uploads\\\/2023\\\/01\\\/TISSINIER-JACQUES-boite-JEAN-NEUHAUS-1972-ex157-1.jpg\",\"width\":1772,\"height\":1772},{\"@type\":\"BreadcrumbList\",\"@id\":\"https:\\\/\\\/dizagn.fr\\\/en\\\/product\\\/jacques-tissinier-boite-j-neuhaus-ed-1972\\\/#breadcrumb\",\"itemListElement\":[{\"@type\":\"ListItem\",\"position\":1,\"name\":\"Accueil\",\"item\":\"https:\\\/\\\/dizagn.fr\\\/\"},{\"@type\":\"ListItem\",\"position\":2,\"name\":\"S\u00e9lection\",\"item\":\"https:\\\/\\\/dizagn.fr\\\/\"},{\"@type\":\"ListItem\",\"position\":3,\"name\":\"JACQUES TISSINIER, BOITE, J. NEUHAUS ED., 1972\"}]},{\"@type\":\"WebSite\",\"@id\":\"https:\\\/\\\/dizagn.fr\\\/#website\",\"url\":\"https:\\\/\\\/dizagn.fr\\\/\",\"name\":\"DIZAGN\",\"description\":\"\",\"publisher\":{\"@id\":\"https:\\\/\\\/dizagn.fr\\\/#organization\"},\"potentialAction\":[{\"@type\":\"SearchAction\",\"target\":{\"@type\":\"EntryPoint\",\"urlTemplate\":\"https:\\\/\\\/dizagn.fr\\\/?s={search_term_string}\"},\"query-input\":{\"@type\":\"PropertyValueSpecification\",\"valueRequired\":true,\"valueName\":\"search_term_string\"}}],\"inLanguage\":\"en-GB\"},{\"@type\":\"Organization\",\"@id\":\"https:\\\/\\\/dizagn.fr\\\/#organization\",\"name\":\"DIZAGN\",\"url\":\"https:\\\/\\\/dizagn.fr\\\/\",\"logo\":{\"@type\":\"ImageObject\",\"inLanguage\":\"en-GB\",\"@id\":\"https:\\\/\\\/dizagn.fr\\\/#\\\/schema\\\/logo\\\/image\\\/\",\"url\":\"https:\\\/\\\/dizagn.fr\\\/wp-content\\\/uploads\\\/2023\\\/03\\\/logo-Dizagn.jpg\",\"contentUrl\":\"https:\\\/\\\/dizagn.fr\\\/wp-content\\\/uploads\\\/2023\\\/03\\\/logo-Dizagn.jpg\",\"width\":304,\"height\":95,\"caption\":\"DIZAGN\"},\"image\":{\"@id\":\"https:\\\/\\\/dizagn.fr\\\/#\\\/schema\\\/logo\\\/image\\\/\"}}]}<\/script>\n<!-- \/ Yoast SEO plugin. -->","yoast_head_json":{"title":"JACQUES TISSINIER, BOITE, J. NEUHAUS ED., 1972 - DIZAGN","robots":{"index":"index","follow":"follow","max-snippet":"max-snippet:-1","max-image-preview":"max-image-preview:large","max-video-preview":"max-video-preview:-1"},"canonical":"https:\/\/dizagn.fr\/en\/product\/jacques-tissinier-boite-j-neuhaus-ed-1972\/","og_locale":"en_GB","og_type":"article","og_title":"JACQUES TISSINIER, BOITE, J. NEUHAUS ED., 1972 - DIZAGN","og_description":"TISSINIER Jacques (1936-2018)  Bo\u00eete, Jean Neuhaus SA \u00e9diteur, France, 1972  Acier en \u00e9mail vitracier,   Bon \u00e9tat, quelques rayures d\u2019usage.   Exemplaire n\u00b0157","og_url":"https:\/\/dizagn.fr\/en\/product\/jacques-tissinier-boite-j-neuhaus-ed-1972\/","og_site_name":"DIZAGN","article_modified_time":"2024-07-11T22:15:31+00:00","og_image":[{"width":1772,"height":1772,"url":"https:\/\/dizagn.fr\/wp-content\/uploads\/2023\/01\/TISSINIER-JACQUES-boite-JEAN-NEUHAUS-1972-ex157-1.jpg","type":"image\/jpeg"}],"twitter_card":"summary_large_image","schema":{"@context":"https:\/\/schema.org","@graph":[{"@type":"WebPage","@id":"https:\/\/dizagn.fr\/en\/product\/jacques-tissinier-boite-j-neuhaus-ed-1972\/","url":"https:\/\/dizagn.fr\/en\/product\/jacques-tissinier-boite-j-neuhaus-ed-1972\/","name":"JACQUES TISSINIER, BOITE, J. NEUHAUS ED., 1972 - DIZAGN","isPartOf":{"@id":"https:\/\/dizagn.fr\/#website"},"primaryImageOfPage":{"@id":"https:\/\/dizagn.fr\/en\/product\/jacques-tissinier-boite-j-neuhaus-ed-1972\/#primaryimage"},"image":{"@id":"https:\/\/dizagn.fr\/en\/product\/jacques-tissinier-boite-j-neuhaus-ed-1972\/#primaryimage"},"thumbnailUrl":"https:\/\/dizagn.fr\/wp-content\/uploads\/2023\/01\/TISSINIER-JACQUES-boite-JEAN-NEUHAUS-1972-ex157-1.jpg","datePublished":"2023-01-03T09:26:24+00:00","dateModified":"2024-07-11T22:15:31+00:00","breadcrumb":{"@id":"https:\/\/dizagn.fr\/en\/product\/jacques-tissinier-boite-j-neuhaus-ed-1972\/#breadcrumb"},"inLanguage":"en-GB","potentialAction":[{"@type":"ReadAction","target":["https:\/\/dizagn.fr\/en\/product\/jacques-tissinier-boite-j-neuhaus-ed-1972\/"]}]},{"@type":"ImageObject","inLanguage":"en-GB","@id":"https:\/\/dizagn.fr\/en\/product\/jacques-tissinier-boite-j-neuhaus-ed-1972\/#primaryimage","url":"https:\/\/dizagn.fr\/wp-content\/uploads\/2023\/01\/TISSINIER-JACQUES-boite-JEAN-NEUHAUS-1972-ex157-1.jpg","contentUrl":"https:\/\/dizagn.fr\/wp-content\/uploads\/2023\/01\/TISSINIER-JACQUES-boite-JEAN-NEUHAUS-1972-ex157-1.jpg","width":1772,"height":1772},{"@type":"BreadcrumbList","@id":"https:\/\/dizagn.fr\/en\/product\/jacques-tissinier-boite-j-neuhaus-ed-1972\/#breadcrumb","itemListElement":[{"@type":"ListItem","position":1,"name":"Accueil","item":"https:\/\/dizagn.fr\/"},{"@type":"ListItem","position":2,"name":"S\u00e9lection","item":"https:\/\/dizagn.fr\/"},{"@type":"ListItem","position":3,"name":"JACQUES TISSINIER, BOITE, J. NEUHAUS ED., 1972"}]},{"@type":"WebSite","@id":"https:\/\/dizagn.fr\/#website","url":"https:\/\/dizagn.fr\/","name":"DIZAGN","description":"","publisher":{"@id":"https:\/\/dizagn.fr\/#organization"},"potentialAction":[{"@type":"SearchAction","target":{"@type":"EntryPoint","urlTemplate":"https:\/\/dizagn.fr\/?s={search_term_string}"},"query-input":{"@type":"PropertyValueSpecification","valueRequired":true,"valueName":"search_term_string"}}],"inLanguage":"en-GB"},{"@type":"Organization","@id":"https:\/\/dizagn.fr\/#organization","name":"DIZAGN","url":"https:\/\/dizagn.fr\/","logo":{"@type":"ImageObject","inLanguage":"en-GB","@id":"https:\/\/dizagn.fr\/#\/schema\/logo\/image\/","url":"https:\/\/dizagn.fr\/wp-content\/uploads\/2023\/03\/logo-Dizagn.jpg","contentUrl":"https:\/\/dizagn.fr\/wp-content\/uploads\/2023\/03\/logo-Dizagn.jpg","width":304,"height":95,"caption":"DIZAGN"},"image":{"@id":"https:\/\/dizagn.fr\/#\/schema\/logo\/image\/"}}]}},"_links":{"self":[{"href":"https:\/\/dizagn.fr\/en\/wp-json\/wp\/v2\/product\/1010","targetHints":{"allow":["GET"]}}],"collection":[{"href":"https:\/\/dizagn.fr\/en\/wp-json\/wp\/v2\/product"}],"about":[{"href":"https:\/\/dizagn.fr\/en\/wp-json\/wp\/v2\/types\/product"}],"wp:featuredmedia":[{"embeddable":true,"href":"https:\/\/dizagn.fr\/en\/wp-json\/wp\/v2\/media\/1011"}],"wp:attachment":[{"href":"https:\/\/dizagn.fr\/en\/wp-json\/wp\/v2\/media?parent=1010"}],"wp:term":[{"taxonomy":"product_brand","embeddable":true,"href":"https:\/\/dizagn.fr\/en\/wp-json\/wp\/v2\/product_brand?post=1010"},{"taxonomy":"product_cat","embeddable":true,"href":"https:\/\/dizagn.fr\/en\/wp-json\/wp\/v2\/product_cat?post=1010"},{"taxonomy":"product_tag","embeddable":true,"href":"https:\/\/dizagn.fr\/en\/wp-json\/wp\/v2\/product_tag?post=1010"}],"curies":[{"name":"wp","href":"https:\/\/api.w.org\/{rel}","templated":true}]}}