{"id":1002,"date":"2025-02-26T09:09:37","date_gmt":"2025-02-26T08:09:37","guid":{"rendered":"http:\/\/dizagn.fr\/?post_type=product&#038;p=1002"},"modified":"2025-10-16T14:16:21","modified_gmt":"2025-10-16T12:16:21","slug":"olivier-mourgue-lampadaire-2093-disderot-ed-1967","status":"publish","type":"product","link":"https:\/\/dizagn.fr\/en\/product\/olivier-mourgue-lampadaire-2093-disderot-ed-1967\/","title":{"rendered":"OLIVIER MOURGUE, FLOORLAMP 2093, DISDEROT ED., 1967"},"content":{"rendered":"<p>Literature: <\/p>\n<p>Commercial catalogue Disderot, 1970<\/p>\n<p>Biography:<\/p>\n<p>Winner of the First International Design Award and Grand Prix national de la cr\u00e9ation industrielle, Olivier Mourgue is a graduate of the \u00c9cole Boulle. He enrolled at the \u00c9cole Nationale Sup\u00e9rieure des Arts D\u00e9coratifs in Paris and, while still a student, designed the Joker seating range in 1959 for the publisher Airborne, with whom he collaborated for almost 20 years.<\/p>\n<p>In 1964, in the same vein, he designed the Whist range in steel blade and black leather, of which we offer here a rare chaise longue in silvered leather, complete with chaise longue and ottoman.<br \/>\nThe following year, he innovated with the Djinn range, which proved a great success with the public. The models were selected by Standley Kubrick to equip the space station in his film 2001: \u201cA Space Odyssey\u201d, and now feature in the permanent collection of New York's MoMA.<\/p>\n<p>Collaboration with the firm gives it unprecedented industrial support. He is the symbol of the Airborne brand. After developing the \"Joker\", \"Whist\", \"Djinn\" and \"Montr\u00e9al\" series, he set out in search of a creation that would apply his research into nomadism and living close to the ground. With this in mind, in 1968 he designed the anthropomorphic \"Bouloum\" chaise longue in two versions: outside in fiberglass and inside covered in fabric.<\/p>\n<p>A close friend of Jean Coural, administrator of the Mobilier National, he was commissioned by the institution's Atelier de recherche et cr\u00e9ation that same year to design the cafeteria at the Maison de la Culture in Rennes, in collaboration with Pierre Paulin. He designed a \"cafeteria unit\" and the famous Caddie chair, which was produced in small series by Erbos solely for the project, without being edited.<\/p>","protected":false},"excerpt":{"rendered":"<p>MOURGUE Olivier (1939-)<\/p>\n<p>Three-light floor lamp 2093, Disderot \u00e9diteur, France, 1967 - Rare white version<\/p>\n<p>Lacquered metal, anodized aluminum and chromed metal, silver-capped bulb<\/p>\n<p>Height 155 x Diam. base 25 cm<\/p>\n<p>Ref. 175<\/p>","protected":false},"featured_media":1003,"template":"","meta":{"_et_pb_use_builder":"","_et_pb_old_content":"","_et_gb_content_width":""},"product_brand":[],"product_cat":[18],"product_tag":[],"class_list":{"0":"post-1002","1":"product","2":"type-product","3":"status-publish","4":"has-post-thumbnail","6":"product_cat-selection","8":"first","9":"instock","10":"shipping-taxable","11":"purchasable","12":"product-type-simple"},"yoast_head":"<!-- This site is optimized with the Yoast SEO plugin v27.4 - https:\/\/yoast.com\/product\/yoast-seo-wordpress\/ -->\n<title>OLIVIER MOURGUE, LAMPADAIRE 2093, DISDEROT ED., 1967 - DIZAGN<\/title>\n<meta name=\"robots\" content=\"index, follow, max-snippet:-1, max-image-preview:large, max-video-preview:-1\" \/>\n<link rel=\"canonical\" href=\"https:\/\/dizagn.fr\/en\/product\/olivier-mourgue-lampadaire-2093-disderot-ed-1967\/\" \/>\n<meta property=\"og:locale\" content=\"en_GB\" \/>\n<meta property=\"og:type\" content=\"article\" \/>\n<meta property=\"og:title\" content=\"OLIVIER MOURGUE, LAMPADAIRE 2093, DISDEROT ED., 1967 - DIZAGN\" \/>\n<meta property=\"og:description\" content=\"MOURGUE Olivier (1939-)  Lampadaire \u00e0 trois lumi\u00e8res 2093, Disderot \u00e9diteur, France, 1967 - Rare version blanche  M\u00e9tal laqu\u00e9, aluminium anodis\u00e9 et m\u00e9tal chrom\u00e9, ampoule calotte argent\u00e9e  Haut. 155. x Diam. base 25 cm    Ref. 175\" \/>\n<meta property=\"og:url\" content=\"https:\/\/dizagn.fr\/en\/product\/olivier-mourgue-lampadaire-2093-disderot-ed-1967\/\" \/>\n<meta property=\"og:site_name\" content=\"DIZAGN\" \/>\n<meta property=\"article:modified_time\" content=\"2025-10-16T12:16:21+00:00\" \/>\n<meta property=\"og:image\" content=\"https:\/\/dizagn.fr\/wp-content\/uploads\/2023\/01\/MOURGUE-lampadaire-2093-BL-1.jpg\" \/>\n\t<meta property=\"og:image:width\" content=\"1772\" \/>\n\t<meta property=\"og:image:height\" content=\"1772\" \/>\n\t<meta property=\"og:image:type\" content=\"image\/jpeg\" \/>\n<meta name=\"twitter:card\" content=\"summary_large_image\" \/>\n<meta name=\"twitter:label1\" content=\"Estimated reading time\" \/>\n\t<meta name=\"twitter:data1\" content=\"1 minute\" \/>\n<script type=\"application\/ld+json\" class=\"yoast-schema-graph\">{\"@context\":\"https:\\\/\\\/schema.org\",\"@graph\":[{\"@type\":\"WebPage\",\"@id\":\"https:\\\/\\\/dizagn.fr\\\/produit\\\/olivier-mourgue-lampadaire-2093-disderot-ed-1967\\\/\",\"url\":\"https:\\\/\\\/dizagn.fr\\\/produit\\\/olivier-mourgue-lampadaire-2093-disderot-ed-1967\\\/\",\"name\":\"OLIVIER MOURGUE, LAMPADAIRE 2093, DISDEROT ED., 1967 - DIZAGN\",\"isPartOf\":{\"@id\":\"https:\\\/\\\/dizagn.fr\\\/#website\"},\"primaryImageOfPage\":{\"@id\":\"https:\\\/\\\/dizagn.fr\\\/produit\\\/olivier-mourgue-lampadaire-2093-disderot-ed-1967\\\/#primaryimage\"},\"image\":{\"@id\":\"https:\\\/\\\/dizagn.fr\\\/produit\\\/olivier-mourgue-lampadaire-2093-disderot-ed-1967\\\/#primaryimage\"},\"thumbnailUrl\":\"https:\\\/\\\/dizagn.fr\\\/wp-content\\\/uploads\\\/2023\\\/01\\\/MOURGUE-lampadaire-2093-BL-1.jpg\",\"datePublished\":\"2025-02-26T08:09:37+00:00\",\"dateModified\":\"2025-10-16T12:16:21+00:00\",\"breadcrumb\":{\"@id\":\"https:\\\/\\\/dizagn.fr\\\/produit\\\/olivier-mourgue-lampadaire-2093-disderot-ed-1967\\\/#breadcrumb\"},\"inLanguage\":\"en-GB\",\"potentialAction\":[{\"@type\":\"ReadAction\",\"target\":[\"https:\\\/\\\/dizagn.fr\\\/produit\\\/olivier-mourgue-lampadaire-2093-disderot-ed-1967\\\/\"]}]},{\"@type\":\"ImageObject\",\"inLanguage\":\"en-GB\",\"@id\":\"https:\\\/\\\/dizagn.fr\\\/produit\\\/olivier-mourgue-lampadaire-2093-disderot-ed-1967\\\/#primaryimage\",\"url\":\"https:\\\/\\\/dizagn.fr\\\/wp-content\\\/uploads\\\/2023\\\/01\\\/MOURGUE-lampadaire-2093-BL-1.jpg\",\"contentUrl\":\"https:\\\/\\\/dizagn.fr\\\/wp-content\\\/uploads\\\/2023\\\/01\\\/MOURGUE-lampadaire-2093-BL-1.jpg\",\"width\":1772,\"height\":1772},{\"@type\":\"BreadcrumbList\",\"@id\":\"https:\\\/\\\/dizagn.fr\\\/produit\\\/olivier-mourgue-lampadaire-2093-disderot-ed-1967\\\/#breadcrumb\",\"itemListElement\":[{\"@type\":\"ListItem\",\"position\":1,\"name\":\"Accueil\",\"item\":\"https:\\\/\\\/dizagn.fr\\\/\"},{\"@type\":\"ListItem\",\"position\":2,\"name\":\"S\u00e9lection\",\"item\":\"https:\\\/\\\/dizagn.fr\\\/\"},{\"@type\":\"ListItem\",\"position\":3,\"name\":\"OLIVIER MOURGUE, LAMPADAIRE 2093, DISDEROT ED., 1967\"}]},{\"@type\":\"WebSite\",\"@id\":\"https:\\\/\\\/dizagn.fr\\\/#website\",\"url\":\"https:\\\/\\\/dizagn.fr\\\/\",\"name\":\"DIZAGN\",\"description\":\"\",\"publisher\":{\"@id\":\"https:\\\/\\\/dizagn.fr\\\/#organization\"},\"potentialAction\":[{\"@type\":\"SearchAction\",\"target\":{\"@type\":\"EntryPoint\",\"urlTemplate\":\"https:\\\/\\\/dizagn.fr\\\/?s={search_term_string}\"},\"query-input\":{\"@type\":\"PropertyValueSpecification\",\"valueRequired\":true,\"valueName\":\"search_term_string\"}}],\"inLanguage\":\"en-GB\"},{\"@type\":\"Organization\",\"@id\":\"https:\\\/\\\/dizagn.fr\\\/#organization\",\"name\":\"DIZAGN\",\"url\":\"https:\\\/\\\/dizagn.fr\\\/\",\"logo\":{\"@type\":\"ImageObject\",\"inLanguage\":\"en-GB\",\"@id\":\"https:\\\/\\\/dizagn.fr\\\/#\\\/schema\\\/logo\\\/image\\\/\",\"url\":\"https:\\\/\\\/dizagn.fr\\\/wp-content\\\/uploads\\\/2023\\\/03\\\/logo-Dizagn.jpg\",\"contentUrl\":\"https:\\\/\\\/dizagn.fr\\\/wp-content\\\/uploads\\\/2023\\\/03\\\/logo-Dizagn.jpg\",\"width\":304,\"height\":95,\"caption\":\"DIZAGN\"},\"image\":{\"@id\":\"https:\\\/\\\/dizagn.fr\\\/#\\\/schema\\\/logo\\\/image\\\/\"}}]}<\/script>\n<!-- \/ Yoast SEO plugin. -->","yoast_head_json":{"title":"OLIVIER MOURGUE, LAMPADAIRE 2093, DISDEROT ED., 1967 - DIZAGN","robots":{"index":"index","follow":"follow","max-snippet":"max-snippet:-1","max-image-preview":"max-image-preview:large","max-video-preview":"max-video-preview:-1"},"canonical":"https:\/\/dizagn.fr\/en\/product\/olivier-mourgue-lampadaire-2093-disderot-ed-1967\/","og_locale":"en_GB","og_type":"article","og_title":"OLIVIER MOURGUE, LAMPADAIRE 2093, DISDEROT ED., 1967 - DIZAGN","og_description":"MOURGUE Olivier (1939-)  Lampadaire \u00e0 trois lumi\u00e8res 2093, Disderot \u00e9diteur, France, 1967 - Rare version blanche  M\u00e9tal laqu\u00e9, aluminium anodis\u00e9 et m\u00e9tal chrom\u00e9, ampoule calotte argent\u00e9e  Haut. 155. x Diam. base 25 cm    Ref. 175","og_url":"https:\/\/dizagn.fr\/en\/product\/olivier-mourgue-lampadaire-2093-disderot-ed-1967\/","og_site_name":"DIZAGN","article_modified_time":"2025-10-16T12:16:21+00:00","og_image":[{"width":1772,"height":1772,"url":"https:\/\/dizagn.fr\/wp-content\/uploads\/2023\/01\/MOURGUE-lampadaire-2093-BL-1.jpg","type":"image\/jpeg"}],"twitter_card":"summary_large_image","twitter_misc":{"Estimated reading time":"1 minute"},"schema":{"@context":"https:\/\/schema.org","@graph":[{"@type":"WebPage","@id":"https:\/\/dizagn.fr\/produit\/olivier-mourgue-lampadaire-2093-disderot-ed-1967\/","url":"https:\/\/dizagn.fr\/produit\/olivier-mourgue-lampadaire-2093-disderot-ed-1967\/","name":"OLIVIER MOURGUE, LAMPADAIRE 2093, DISDEROT ED., 1967 - DIZAGN","isPartOf":{"@id":"https:\/\/dizagn.fr\/#website"},"primaryImageOfPage":{"@id":"https:\/\/dizagn.fr\/produit\/olivier-mourgue-lampadaire-2093-disderot-ed-1967\/#primaryimage"},"image":{"@id":"https:\/\/dizagn.fr\/produit\/olivier-mourgue-lampadaire-2093-disderot-ed-1967\/#primaryimage"},"thumbnailUrl":"https:\/\/dizagn.fr\/wp-content\/uploads\/2023\/01\/MOURGUE-lampadaire-2093-BL-1.jpg","datePublished":"2025-02-26T08:09:37+00:00","dateModified":"2025-10-16T12:16:21+00:00","breadcrumb":{"@id":"https:\/\/dizagn.fr\/produit\/olivier-mourgue-lampadaire-2093-disderot-ed-1967\/#breadcrumb"},"inLanguage":"en-GB","potentialAction":[{"@type":"ReadAction","target":["https:\/\/dizagn.fr\/produit\/olivier-mourgue-lampadaire-2093-disderot-ed-1967\/"]}]},{"@type":"ImageObject","inLanguage":"en-GB","@id":"https:\/\/dizagn.fr\/produit\/olivier-mourgue-lampadaire-2093-disderot-ed-1967\/#primaryimage","url":"https:\/\/dizagn.fr\/wp-content\/uploads\/2023\/01\/MOURGUE-lampadaire-2093-BL-1.jpg","contentUrl":"https:\/\/dizagn.fr\/wp-content\/uploads\/2023\/01\/MOURGUE-lampadaire-2093-BL-1.jpg","width":1772,"height":1772},{"@type":"BreadcrumbList","@id":"https:\/\/dizagn.fr\/produit\/olivier-mourgue-lampadaire-2093-disderot-ed-1967\/#breadcrumb","itemListElement":[{"@type":"ListItem","position":1,"name":"Accueil","item":"https:\/\/dizagn.fr\/"},{"@type":"ListItem","position":2,"name":"S\u00e9lection","item":"https:\/\/dizagn.fr\/"},{"@type":"ListItem","position":3,"name":"OLIVIER MOURGUE, LAMPADAIRE 2093, DISDEROT ED., 1967"}]},{"@type":"WebSite","@id":"https:\/\/dizagn.fr\/#website","url":"https:\/\/dizagn.fr\/","name":"DIZAGN","description":"","publisher":{"@id":"https:\/\/dizagn.fr\/#organization"},"potentialAction":[{"@type":"SearchAction","target":{"@type":"EntryPoint","urlTemplate":"https:\/\/dizagn.fr\/?s={search_term_string}"},"query-input":{"@type":"PropertyValueSpecification","valueRequired":true,"valueName":"search_term_string"}}],"inLanguage":"en-GB"},{"@type":"Organization","@id":"https:\/\/dizagn.fr\/#organization","name":"DIZAGN","url":"https:\/\/dizagn.fr\/","logo":{"@type":"ImageObject","inLanguage":"en-GB","@id":"https:\/\/dizagn.fr\/#\/schema\/logo\/image\/","url":"https:\/\/dizagn.fr\/wp-content\/uploads\/2023\/03\/logo-Dizagn.jpg","contentUrl":"https:\/\/dizagn.fr\/wp-content\/uploads\/2023\/03\/logo-Dizagn.jpg","width":304,"height":95,"caption":"DIZAGN"},"image":{"@id":"https:\/\/dizagn.fr\/#\/schema\/logo\/image\/"}}]}},"_links":{"self":[{"href":"https:\/\/dizagn.fr\/en\/wp-json\/wp\/v2\/product\/1002","targetHints":{"allow":["GET"]}}],"collection":[{"href":"https:\/\/dizagn.fr\/en\/wp-json\/wp\/v2\/product"}],"about":[{"href":"https:\/\/dizagn.fr\/en\/wp-json\/wp\/v2\/types\/product"}],"wp:featuredmedia":[{"embeddable":true,"href":"https:\/\/dizagn.fr\/en\/wp-json\/wp\/v2\/media\/1003"}],"wp:attachment":[{"href":"https:\/\/dizagn.fr\/en\/wp-json\/wp\/v2\/media?parent=1002"}],"wp:term":[{"taxonomy":"product_brand","embeddable":true,"href":"https:\/\/dizagn.fr\/en\/wp-json\/wp\/v2\/product_brand?post=1002"},{"taxonomy":"product_cat","embeddable":true,"href":"https:\/\/dizagn.fr\/en\/wp-json\/wp\/v2\/product_cat?post=1002"},{"taxonomy":"product_tag","embeddable":true,"href":"https:\/\/dizagn.fr\/en\/wp-json\/wp\/v2\/product_tag?post=1002"}],"curies":[{"name":"wp","href":"https:\/\/api.w.org\/{rel}","templated":true}]}}