{"id":86,"date":"2022-07-21T13:23:12","date_gmt":"2022-07-21T11:23:12","guid":{"rendered":"http:\/\/dizagn.fr\/?page_id=86"},"modified":"2023-03-21T11:04:23","modified_gmt":"2023-03-21T10:04:23","slug":"contact","status":"publish","type":"page","link":"https:\/\/dizagn.fr\/en\/contact\/","title":{"rendered":"About"},"content":{"rendered":"<p>[et_pb_section fb_built=\u00a0\u00bb1&Prime; _builder_version=\u00a0\u00bb4.17.6&Prime; _module_preset=\u00a0\u00bbdefault\u00a0\u00bb global_colors_info=\u00a0\u00bb{}\u00a0\u00bb][et_pb_row column_structure=\u00a0\u00bb1_2,1_2&Prime; _builder_version=\u00a0\u00bb4.17.6&Prime; _module_preset=\u00a0\u00bbdefault\u00a0\u00bb custom_margin=\u00a0\u00bb-70px||||false|false\u00a0\u00bb global_colors_info=\u00a0\u00bb{}\u00a0\u00bb][et_pb_column type=\u00a0\u00bb1_2&Prime; _builder_version=\u00a0\u00bb4.17.6&Prime; _module_preset=\u00a0\u00bbdefault\u00a0\u00bb global_colors_info=\u00a0\u00bb{}\u00a0\u00bb][et_pb_image src=\u00a0\u00bbhttp:\/\/dizagn.fr\/wp-content\/uploads\/2023\/03\/DIZAGN-LANNUZEL-THIBAULT-portrait-2023-1.jpg\u00a0\u00bb alt=\u00a0\u00bbThibault-Lannuzel-Dizagn\u00a0\u00bb title_text=\u00a0\u00bbDIZAGN LANNUZEL THIBAULT portrait 2023&Prime; align=\u00a0\u00bbcenter\u00a0\u00bb align_tablet=\u00a0\u00bbcenter\u00a0\u00bb align_phone=\u00a0\u00bbcenter\u00a0\u00bb align_last_edited=\u00a0\u00bbon|desktop\u00a0\u00bb _builder_version=\u00a0\u00bb4.17.6&Prime; _module_preset=\u00a0\u00bbdefault\u00a0\u00bb max_width_tablet=\u00a0\u00bb\u00a0\u00bb max_width_phone=\u00a0\u00bb\u00a0\u00bb max_width_last_edited=\u00a0\u00bbon|desktop\u00a0\u00bb module_alignment=\u00a0\u00bbcenter\u00a0\u00bb height=\u00a0\u00bb685px\u00a0\u00bb height_tablet=\u00a0\u00bb600px\u00a0\u00bb height_phone=\u00a0\u00bb550px\u00a0\u00bb height_last_edited=\u00a0\u00bbon|tablet\u00a0\u00bb custom_margin=\u00a0\u00bb||||false|false\u00a0\u00bb custom_margin_tablet=\u00a0\u00bb0px||||false|false\u00a0\u00bb custom_margin_phone=\u00a0\u00bb0px||||false|false\u00a0\u00bb custom_margin_last_edited=\u00a0\u00bbon|phone\u00a0\u00bb global_colors_info=\u00a0\u00bb{}\u00a0\u00bb][\/et_pb_image][\/et_pb_column][et_pb_column type=\u00a0\u00bb1_2&Prime; _builder_version=\u00a0\u00bb4.17.6&Prime; _module_preset=\u00a0\u00bbdefault\u00a0\u00bb global_colors_info=\u00a0\u00bb{}\u00a0\u00bb][et_pb_text _builder_version=\u00a0\u00bb4.17.6&Prime; _module_preset=\u00a0\u00bbdefault\u00a0\u00bb text_font=\u00a0\u00bb||||||||\u00a0\u00bb header_font=\u00a0\u00bb|600|||||||\u00a0\u00bb header_font_size=\u00a0\u00bb50px\u00a0\u00bb text_orientation=\u00a0\u00bbcenter\u00a0\u00bb header_font_size_tablet=\u00a0\u00bb53px\u00a0\u00bb header_font_size_phone=\u00a0\u00bb30px\u00a0\u00bb header_font_size_last_edited=\u00a0\u00bbon|phone\u00a0\u00bb global_colors_info=\u00a0\u00bb{}\u00a0\u00bb]<\/p>\n<h1>Thibault Lannuzel<\/h1>\n<p>[\/et_pb_text][et_pb_text content_tablet=\u00a0\u00bb<\/p>\n<p style=%22text-align: left;%22>Docteur, expert et antiquaire<\/p>\n<p>\u00a0\u00bb content_phone=\u00a0\u00bb<\/p>\n<p style=%22text-align: left;%22>Docteur, expert et antiquaire<\/p>\n<p>\u00a0\u00bb content_last_edited=\u00a0\u00bbon|phone\u00a0\u00bb _builder_version=\u00a0\u00bb4.17.6&Prime; _module_preset=\u00a0\u00bbdefault\u00a0\u00bb text_font=\u00a0\u00bb||||||||\u00a0\u00bb text_text_color=\u00a0\u00bb#3F393E\u00a0\u00bb text_font_size=\u00a0\u00bb16px\u00a0\u00bb text_letter_spacing=\u00a0\u00bb1px\u00a0\u00bb text_line_height=\u00a0\u00bb1.9em\u00a0\u00bb header_text_align=\u00a0\u00bbcenter\u00a0\u00bb text_orientation=\u00a0\u00bbjustified\u00a0\u00bb custom_margin=\u00a0\u00bb-30px||||false|false\u00a0\u00bb text_font_size_tablet=\u00a0\u00bb22px\u00a0\u00bb text_font_size_phone=\u00a0\u00bb16px\u00a0\u00bb text_font_size_last_edited=\u00a0\u00bbon|phone\u00a0\u00bb global_colors_info=\u00a0\u00bb{}\u00a0\u00bb]<\/p>\n<p style=\"text-align: left;\">\u00a0 \u00a0Docteur en Histoire de l&rsquo;art, expert CEA et antiquaire<\/p>\n<p>[\/et_pb_text][et_pb_text content_tablet=\u00a0\u00bb<\/p>\n<p style=%22text-align: justify;%22>Depuis plus de dix ans, c\u2019est en tant qu\u2019antiquaire-expert et docteur en Histoire de l\u2019art, que Thibault Lannuzel se consacre avec ardeur a\u0300 la promotion des arts de\u0301coratifs du XXe sie\u0300cle et du design d\u2019apre\u0300s.<\/p>\n<p style=%22text-align: justify;%22>En paralle\u0300le d\u2019un parcours universitaire et d\u2019une premie\u0300re expe\u0301rience dans les bureaux de Sotheby\u2019s a\u0300 Paris, il coope\u0300re e\u0301troitement avec Pascal Cuisinier pendant plus de huit ans ; du Marche\u0301 Paul Bert des Puces de Saint Ouen a\u0300 la galerie, rue de Seine a\u0300 Paris.<\/p>\n<p style=%22text-align: justify;%22>A\u0300 la suite d\u2019un travail monographique concernant l\u2019\u0153uvre du ce\u0301le\u0300bre designer Olivier Mourgue, l\u2019ide\u0301e de poursuivre en paralle\u0300le la re\u0301daction d\u2019une the\u0300se de doctorat consacre\u0301e au design franc\u0327ais au sein de l\u2019Institut National d\u2019Histoire de l\u2019Art de la Sorbonne lui apparut comme une e\u0301vidence.<\/p>\n<p style=%22text-align: justify;%22>Une fois diplo\u0302me\u0301, fort d\u2019une solide connaissance a\u0300 la fois du marche\u0301 et des objets, il inte\u0300gre en tant qu\u2019expert la Compagnie des Experts franc\u0327ais en Antiquite\u0301s et se consacre dore\u0301navant a\u0300 l\u2019expertise, a\u0300 la re\u0301daction de publications, au commissariat d\u2019expositions et au courtage dans le domaine des Arts De\u0301coratifs du XXe sie\u0300cle et du design historique franc\u0327ais.<\/p>\n<p>\u00a0\u00bb content_phone=\u00a0\u00bb<\/p>\n<p style=%22text-align: left;%22>Depuis plus de dix ans, c\u2019est en tant qu\u2019antiquaire-expert et docteur en Histoire de l\u2019art, que Thibault Lannuzel se consacre avec ardeur a\u0300 la promotion des arts de\u0301coratifs du XXe sie\u0300cle et du design d\u2019apre\u0300s.<\/p>\n<p style=%22text-align: left;%22>En paralle\u0300le d\u2019un parcours universitaire et d\u2019une premie\u0300re expe\u0301rience dans les bureaux de Sotheby\u2019s a\u0300 Paris, il coope\u0300re e\u0301troitement avec Pascal Cuisinier pendant plus de huit ans ; du Marche\u0301 Paul Bert des Puces de Saint Ouen a\u0300 la galerie, rue de Seine a\u0300 Paris.<\/p>\n<p style=%22text-align: left;%22>A\u0300 la suite d\u2019un travail monographique concernant l\u2019\u0153uvre du ce\u0301le\u0300bre designer Olivier Mourgue, l\u2019ide\u0301e de poursuivre en paralle\u0300le la re\u0301daction d\u2019une the\u0300se de doctorat consacre\u0301e au design franc\u0327ais au sein de l\u2019Institut National d\u2019Histoire de l\u2019Art de la Sorbonne lui apparut comme une e\u0301vidence.<\/p>\n<p style=%22text-align: left;%22>Une fois diplo\u0302me\u0301, fort d\u2019une solide connaissance a\u0300 la fois du marche\u0301 et des objets, il inte\u0300gre en tant qu\u2019expert la Compagnie des Experts franc\u0327ais en Antiquite\u0301s et se consacre dore\u0301navant a\u0300 l\u2019expertise, a\u0300 la re\u0301daction de publications, au commissariat d\u2019expositions et au courtage dans le domaine des Arts De\u0301coratifs du XXe sie\u0300cle et du design historique franc\u0327ais.<\/p>\n<p>\u00a0\u00bb content_last_edited=\u00a0\u00bbon|phone\u00a0\u00bb _builder_version=\u00a0\u00bb4.17.6&Prime; _module_preset=\u00a0\u00bbdefault\u00a0\u00bb text_letter_spacing=\u00a0\u00bb1px\u00a0\u00bb text_line_height=\u00a0\u00bb2em\u00a0\u00bb header_letter_spacing=\u00a0\u00bb2px\u00a0\u00bb text_orientation=\u00a0\u00bbjustified\u00a0\u00bb custom_padding=\u00a0\u00bb||0px|||\u00a0\u00bb global_colors_info=\u00a0\u00bb{}\u00a0\u00bb]Depuis plus de dix ans, c\u2019est en tant qu\u2019antiquaire, expert et docteur en Histoire de l\u2019art, que Thibault Lannuzel se consacre avec ardeur \u00e0 la promotion des arts d\u00e9coratifs du XXe si\u00e8cle et du design d\u2019apr\u00e8s-guerre.<\/p>\n<p>En parall\u00e8le d\u2019un parcours universitaire et d\u2019une premi\u00e8re exp\u00e9rience dans les bureaux de Sotheby\u2019s \u00e0 Paris, il coop\u00e8re \u00e9troitement avec Pascal Cuisinier pendant plus de huit ans ; du March\u00e9 Paul Bert des Puces de Saint Ouen \u00e0 la galerie, rue de Seine \u00e0 Paris.<br \/>\n\u00a0<br \/>\n\u00c0 la suite d\u2019un travail monographique concernant l\u2019\u0153uvre du c\u00e9l\u00e8bre designer fran\u00e7ais Olivier Mourgue, l\u2019id\u00e9e de poursuivre en parall\u00e8le la r\u00e9daction d\u2019une th\u00e8se de doctorat consacr\u00e9e au design fran\u00e7ais au sein de l\u2019Institut National d\u2019Histoire de l\u2019Art de la Sorbonne lui apparut comme une \u00e9vidence : G\u00e9n\u00e9ration Formes Utiles, \u00e9tude d\u2019un groupe de designers en France 1945-1973.<br \/>\n\u00a0<br \/>\nEn 2017, Une fois dipl\u00f4m\u00e9, fort d\u2019une solide connaissance \u00e0 la fois du march\u00e9\u0301 et des objets, il int\u00e8gre en tant qu\u2019expert la Compagnie des Experts fran\u00e7ais en Antiquit\u00e9s (CEA) et se consacre dor\u00e9navant \u00e0 l\u2019expertise, \u00e0 la r\u00e9daction de publications, au commissariat d\u2019expositions et au courtage dans le domaine des Arts D\u00e9coratifs du XXe si\u00e8cle et du design historique fran\u00e7ais.<br \/>\n\u00a0<br \/>\nEn 2022, Thibault Lannuzel int\u00e8gre \u00e9galement l\u2019\u00e9quipe du d\u00e9partement Arts d\u00e9coratifs du XXe si\u00e8cle \/ design de la prestigieuse maison de ventes aux ench\u00e8res Artcurial et lance son site internet DIZAGN.FR partageant sa s\u00e9lection de design fran\u00e7ais de collection.[\/et_pb_text][\/et_pb_column][\/et_pb_row][et_pb_row _builder_version=\u00a0\u00bb4.17.6&Prime; _module_preset=\u00a0\u00bbdefault\u00a0\u00bb global_colors_info=\u00a0\u00bb{}\u00a0\u00bb][et_pb_column type=\u00a0\u00bb4_4&Prime; _builder_version=\u00a0\u00bb4.17.6&Prime; _module_preset=\u00a0\u00bbdefault\u00a0\u00bb global_colors_info=\u00a0\u00bb{}\u00a0\u00bb][et_pb_divider show_divider=\u00a0\u00bboff\u00a0\u00bb _builder_version=\u00a0\u00bb4.17.6&Prime; _module_preset=\u00a0\u00bbdefault\u00a0\u00bb height=\u00a0\u00bb50px\u00a0\u00bb global_colors_info=\u00a0\u00bb{}\u00a0\u00bb][\/et_pb_divider][\/et_pb_column][\/et_pb_row][\/et_pb_section][et_pb_section fb_built=\u00a0\u00bb1&Prime; custom_padding_last_edited=\u00a0\u00bbon|phone\u00a0\u00bb _builder_version=\u00a0\u00bb4.17.6&Prime; _module_preset=\u00a0\u00bbdefault\u00a0\u00bb background_color=\u00a0\u00bb#c4c4c4&Prime; height=\u00a0\u00bb270px\u00a0\u00bb height_tablet=\u00a0\u00bb270px\u00a0\u00bb height_phone=\u00a0\u00bb280px\u00a0\u00bb height_last_edited=\u00a0\u00bbon|desktop\u00a0\u00bb custom_margin=\u00a0\u00bb||||false|false\u00a0\u00bb custom_padding=\u00a0\u00bb50px||||false|false\u00a0\u00bb custom_padding_tablet=\u00a0\u00bb50px||||false|false\u00a0\u00bb custom_padding_phone=\u00a0\u00bb70px||||false|false\u00a0\u00bb hover_enabled=\u00a0\u00bb0&Prime; global_colors_info=\u00a0\u00bb{}\u00a0\u00bb sticky_enabled=\u00a0\u00bb0&Prime;][et_pb_row _builder_version=\u00a0\u00bb4.17.6&Prime; _module_preset=\u00a0\u00bbdefault\u00a0\u00bb width=\u00a0\u00bb60%\u00a0\u00bb custom_margin=\u00a0\u00bb-41px||||false|false\u00a0\u00bb custom_margin_tablet=\u00a0\u00bb-50px||||false|false\u00a0\u00bb custom_margin_phone=\u00a0\u00bb-62px||||false|false\u00a0\u00bb custom_margin_last_edited=\u00a0\u00bbon|phone\u00a0\u00bb locked=\u00a0\u00bboff\u00a0\u00bb global_colors_info=\u00a0\u00bb{}\u00a0\u00bb][et_pb_column type=\u00a0\u00bb4_4&Prime; _builder_version=\u00a0\u00bb4.17.6&Prime; _module_preset=\u00a0\u00bbdefault\u00a0\u00bb global_colors_info=\u00a0\u00bb{}\u00a0\u00bb][et_pb_text _builder_version=\u00a0\u00bb4.17.6&Prime; _module_preset=\u00a0\u00bbdefault\u00a0\u00bb header_2_font_size=\u00a0\u00bb25px\u00a0\u00bb header_2_letter_spacing=\u00a0\u00bb1px\u00a0\u00bb custom_margin=\u00a0\u00bb||||false|false\u00a0\u00bb custom_margin_tablet=\u00a0\u00bb||||false|false\u00a0\u00bb custom_margin_phone=\u00a0\u00bb||||false|false\u00a0\u00bb custom_margin_last_edited=\u00a0\u00bbon|phone\u00a0\u00bb hover_enabled=\u00a0\u00bb0&Prime; global_colors_info=\u00a0\u00bb{}\u00a0\u00bb sticky_enabled=\u00a0\u00bb0&Prime;]<\/p>\n<h2 style=\"text-align: center;\">Newsletter<\/h2>\n<p>[\/et_pb_text][et_pb_code _builder_version=\u00a0\u00bb4.17.6&Prime; _module_preset=\u00a0\u00bbdefault\u00a0\u00bb text_orientation=\u00a0\u00bbcenter\u00a0\u00bb width=\u00a0\u00bb100%\u00a0\u00bb max_width=\u00a0\u00bb39%\u00a0\u00bb max_width_tablet=\u00a0\u00bb100%\u00a0\u00bb max_width_phone=\u00a0\u00bb100%\u00a0\u00bb max_width_last_edited=\u00a0\u00bbon|phone\u00a0\u00bb module_alignment=\u00a0\u00bbcenter\u00a0\u00bb custom_margin=\u00a0\u00bb|25%||28%|false|false\u00a0\u00bb custom_margin_tablet=\u00a0\u00bb|||24%|false|false\u00a0\u00bb custom_margin_phone=\u00a0\u00bb|19%||-23%|false|false\u00a0\u00bb custom_margin_last_edited=\u00a0\u00bbon|desktop\u00a0\u00bb custom_padding=\u00a0\u00bb||||false|false\u00a0\u00bb module_alignment_tablet=\u00a0\u00bbcenter\u00a0\u00bb module_alignment_phone=\u00a0\u00bbcenter\u00a0\u00bb module_alignment_last_edited=\u00a0\u00bbon|desktop\u00a0\u00bb custom_css_main_element=\u00a0\u00bbh2{backgroundcolor:#7070}\u00a0\u00bb global_colors_info=\u00a0\u00bb{}\u00a0\u00bb]<script>(function() {\n\twindow.mc4wp = window.mc4wp || {\n\t\tlisteners: [],\n\t\tforms: {\n\t\t\ton: function(evt, cb) {\n\t\t\t\twindow.mc4wp.listeners.push(\n\t\t\t\t\t{\n\t\t\t\t\t\tevent   : evt,\n\t\t\t\t\t\tcallback: cb\n\t\t\t\t\t}\n\t\t\t\t);\n\t\t\t}\n\t\t}\n\t}\n})();\n<\/script><!-- Mailchimp for WordPress v4.12.1 - https:\/\/wordpress.org\/plugins\/mailchimp-for-wp\/ --><form id=\"mc4wp-form-1\" class=\"mc4wp-form mc4wp-form-162 mc4wp-form-theme mc4wp-form-theme-light\" method=\"post\" data-id=\"162\" data-name=\"Newsletter\" ><div class=\"mc4wp-form-fields\"><p>\r\n\t<label> \r\n\t\t<input type=\"email\" name=\"EMAIL\" placeholder=\"E-mail\" required \/>\r\n<\/label>\r\n<\/p>\r\n<p>\r\n    <label>\r\n        <input name=\"AGREE_TO_TERMS\" type=\"checkbox\" value=\"1\" required=\"\"> <a href=\"http:\/\/dizagn.fr\/mentions-legales\/\" target=\"_blank\">J'ai lu et accepte les termes et les conditions<\/a>\r\n    <\/label>\r\n<\/p>\r\n<p>\r\n\t<input type=\"submit\" value=\"inscription\" \/>\r\n<\/p><\/div><label style=\"display: none !important;\">Leave this field empty if you're human: <input type=\"text\" name=\"_mc4wp_honeypot\" value=\"\" tabindex=\"-1\" autocomplete=\"off\" \/><\/label><input type=\"hidden\" name=\"_mc4wp_timestamp\" value=\"1777307636\" \/><input type=\"hidden\" name=\"_mc4wp_form_id\" value=\"162\" \/><input type=\"hidden\" name=\"_mc4wp_form_element_id\" value=\"mc4wp-form-1\" \/><div class=\"mc4wp-response\"><\/div><\/form><!-- \/ Mailchimp for WordPress Plugin -->[\/et_pb_code][\/et_pb_column][\/et_pb_row][\/et_pb_section][et_pb_section fb_built=\u00a0\u00bb1&Prime; _builder_version=\u00a0\u00bb4.17.6&Prime; _module_preset=\u00a0\u00bbdefault\u00a0\u00bb height=\u00a0\u00bb150px\u00a0\u00bb height_tablet=\u00a0\u00bb150px\u00a0\u00bb height_phone=\u00a0\u00bb150px\u00a0\u00bb height_last_edited=\u00a0\u00bbon|phone\u00a0\u00bb global_colors_info=\u00a0\u00bb{}\u00a0\u00bb][et_pb_row _builder_version=\u00a0\u00bb4.17.6&Prime; _module_preset=\u00a0\u00bbdefault\u00a0\u00bb global_colors_info=\u00a0\u00bb{}\u00a0\u00bb][et_pb_column type=\u00a0\u00bb4_4&Prime; _builder_version=\u00a0\u00bb4.17.6&Prime; _module_preset=\u00a0\u00bbdefault\u00a0\u00bb global_colors_info=\u00a0\u00bb{}\u00a0\u00bb][et_pb_divider show_divider=\u00a0\u00bboff\u00a0\u00bb _builder_version=\u00a0\u00bb4.17.6&Prime; _module_preset=\u00a0\u00bbdefault\u00a0\u00bb global_colors_info=\u00a0\u00bb{}\u00a0\u00bb][\/et_pb_divider][\/et_pb_column][\/et_pb_row][\/et_pb_section]<\/p>\n","protected":false},"excerpt":{"rendered":"<p>Thibault Lannuzel\u00a0 \u00a0Docteur en Histoire de l&rsquo;art, expert CEA et antiquaireDepuis plus de dix ans, c\u2019est en tant qu\u2019antiquaire, expert et docteur en Histoire de l\u2019art, que Thibault Lannuzel se consacre avec ardeur \u00e0 la promotion des arts d\u00e9coratifs du XXe si\u00e8cle et du design d\u2019apr\u00e8s-guerre. En parall\u00e8le d\u2019un parcours universitaire et d\u2019une premi\u00e8re exp\u00e9rience [&hellip;]<\/p>\n","protected":false},"author":3,"featured_media":0,"parent":0,"menu_order":0,"comment_status":"closed","ping_status":"closed","template":"","meta":{"_et_pb_use_builder":"on","_et_pb_old_content":"","_et_gb_content_width":"","footnotes":""},"class_list":["post-86","page","type-page","status-publish","hentry"],"yoast_head":"<!-- This site is optimized with the Yoast SEO plugin v27.4 - https:\/\/yoast.com\/product\/yoast-seo-wordpress\/ -->\n<title>Contact - DIZAGN<\/title>\n<meta name=\"description\" content=\"Depuis plus de dix ans, c\u2019est en tant qu\u2019antiquaire-expert et docteur en Histoire de l\u2019art, que Thibault Lannuzel se consacre avec ardeur...\" \/>\n<meta name=\"robots\" content=\"index, follow, max-snippet:-1, max-image-preview:large, max-video-preview:-1\" \/>\n<link rel=\"canonical\" href=\"https:\/\/dizagn.fr\/en\/contact\/\" \/>\n<meta property=\"og:locale\" content=\"en_GB\" \/>\n<meta property=\"og:type\" content=\"article\" \/>\n<meta property=\"og:title\" content=\"Contact - DIZAGN\" \/>\n<meta property=\"og:description\" content=\"Depuis plus de dix ans, c\u2019est en tant qu\u2019antiquaire-expert et docteur en Histoire de l\u2019art, que Thibault Lannuzel se consacre avec ardeur...\" \/>\n<meta property=\"og:url\" content=\"https:\/\/dizagn.fr\/en\/contact\/\" \/>\n<meta property=\"og:site_name\" content=\"DIZAGN\" \/>\n<meta property=\"article:modified_time\" content=\"2023-03-21T10:04:23+00:00\" \/>\n<meta name=\"twitter:card\" content=\"summary_large_image\" \/>\n<script type=\"application\/ld+json\" class=\"yoast-schema-graph\">{\"@context\":\"https:\\\/\\\/schema.org\",\"@graph\":[{\"@type\":\"WebPage\",\"@id\":\"https:\\\/\\\/dizagn.fr\\\/contact\\\/\",\"url\":\"https:\\\/\\\/dizagn.fr\\\/contact\\\/\",\"name\":\"Contact - DIZAGN\",\"isPartOf\":{\"@id\":\"https:\\\/\\\/dizagn.fr\\\/#website\"},\"datePublished\":\"2022-07-21T11:23:12+00:00\",\"dateModified\":\"2023-03-21T10:04:23+00:00\",\"description\":\"Depuis plus de dix ans, c\u2019est en tant qu\u2019antiquaire-expert et docteur en Histoire de l\u2019art, que Thibault Lannuzel se consacre avec ardeur...\",\"breadcrumb\":{\"@id\":\"https:\\\/\\\/dizagn.fr\\\/contact\\\/#breadcrumb\"},\"inLanguage\":\"en-GB\",\"potentialAction\":[{\"@type\":\"ReadAction\",\"target\":[\"https:\\\/\\\/dizagn.fr\\\/contact\\\/\"]}]},{\"@type\":\"BreadcrumbList\",\"@id\":\"https:\\\/\\\/dizagn.fr\\\/contact\\\/#breadcrumb\",\"itemListElement\":[{\"@type\":\"ListItem\",\"position\":1,\"name\":\"Accueil\",\"item\":\"https:\\\/\\\/dizagn.fr\\\/\"},{\"@type\":\"ListItem\",\"position\":2,\"name\":\"Contact\"}]},{\"@type\":\"WebSite\",\"@id\":\"https:\\\/\\\/dizagn.fr\\\/#website\",\"url\":\"https:\\\/\\\/dizagn.fr\\\/\",\"name\":\"DIZAGN\",\"description\":\"\",\"publisher\":{\"@id\":\"https:\\\/\\\/dizagn.fr\\\/#organization\"},\"potentialAction\":[{\"@type\":\"SearchAction\",\"target\":{\"@type\":\"EntryPoint\",\"urlTemplate\":\"https:\\\/\\\/dizagn.fr\\\/?s={search_term_string}\"},\"query-input\":{\"@type\":\"PropertyValueSpecification\",\"valueRequired\":true,\"valueName\":\"search_term_string\"}}],\"inLanguage\":\"en-GB\"},{\"@type\":\"Organization\",\"@id\":\"https:\\\/\\\/dizagn.fr\\\/#organization\",\"name\":\"DIZAGN\",\"url\":\"https:\\\/\\\/dizagn.fr\\\/\",\"logo\":{\"@type\":\"ImageObject\",\"inLanguage\":\"en-GB\",\"@id\":\"https:\\\/\\\/dizagn.fr\\\/#\\\/schema\\\/logo\\\/image\\\/\",\"url\":\"https:\\\/\\\/dizagn.fr\\\/wp-content\\\/uploads\\\/2023\\\/03\\\/logo-Dizagn.jpg\",\"contentUrl\":\"https:\\\/\\\/dizagn.fr\\\/wp-content\\\/uploads\\\/2023\\\/03\\\/logo-Dizagn.jpg\",\"width\":304,\"height\":95,\"caption\":\"DIZAGN\"},\"image\":{\"@id\":\"https:\\\/\\\/dizagn.fr\\\/#\\\/schema\\\/logo\\\/image\\\/\"}}]}<\/script>\n<!-- \/ Yoast SEO plugin. -->","yoast_head_json":{"title":"Contact - DIZAGN","description":"Depuis plus de dix ans, c\u2019est en tant qu\u2019antiquaire-expert et docteur en Histoire de l\u2019art, que Thibault Lannuzel se consacre avec ardeur...","robots":{"index":"index","follow":"follow","max-snippet":"max-snippet:-1","max-image-preview":"max-image-preview:large","max-video-preview":"max-video-preview:-1"},"canonical":"https:\/\/dizagn.fr\/en\/contact\/","og_locale":"en_GB","og_type":"article","og_title":"Contact - DIZAGN","og_description":"Depuis plus de dix ans, c\u2019est en tant qu\u2019antiquaire-expert et docteur en Histoire de l\u2019art, que Thibault Lannuzel se consacre avec ardeur...","og_url":"https:\/\/dizagn.fr\/en\/contact\/","og_site_name":"DIZAGN","article_modified_time":"2023-03-21T10:04:23+00:00","twitter_card":"summary_large_image","schema":{"@context":"https:\/\/schema.org","@graph":[{"@type":"WebPage","@id":"https:\/\/dizagn.fr\/contact\/","url":"https:\/\/dizagn.fr\/contact\/","name":"Contact - DIZAGN","isPartOf":{"@id":"https:\/\/dizagn.fr\/#website"},"datePublished":"2022-07-21T11:23:12+00:00","dateModified":"2023-03-21T10:04:23+00:00","description":"Depuis plus de dix ans, c\u2019est en tant qu\u2019antiquaire-expert et docteur en Histoire de l\u2019art, que Thibault Lannuzel se consacre avec ardeur...","breadcrumb":{"@id":"https:\/\/dizagn.fr\/contact\/#breadcrumb"},"inLanguage":"en-GB","potentialAction":[{"@type":"ReadAction","target":["https:\/\/dizagn.fr\/contact\/"]}]},{"@type":"BreadcrumbList","@id":"https:\/\/dizagn.fr\/contact\/#breadcrumb","itemListElement":[{"@type":"ListItem","position":1,"name":"Accueil","item":"https:\/\/dizagn.fr\/"},{"@type":"ListItem","position":2,"name":"Contact"}]},{"@type":"WebSite","@id":"https:\/\/dizagn.fr\/#website","url":"https:\/\/dizagn.fr\/","name":"DIZAGN","description":"","publisher":{"@id":"https:\/\/dizagn.fr\/#organization"},"potentialAction":[{"@type":"SearchAction","target":{"@type":"EntryPoint","urlTemplate":"https:\/\/dizagn.fr\/?s={search_term_string}"},"query-input":{"@type":"PropertyValueSpecification","valueRequired":true,"valueName":"search_term_string"}}],"inLanguage":"en-GB"},{"@type":"Organization","@id":"https:\/\/dizagn.fr\/#organization","name":"DIZAGN","url":"https:\/\/dizagn.fr\/","logo":{"@type":"ImageObject","inLanguage":"en-GB","@id":"https:\/\/dizagn.fr\/#\/schema\/logo\/image\/","url":"https:\/\/dizagn.fr\/wp-content\/uploads\/2023\/03\/logo-Dizagn.jpg","contentUrl":"https:\/\/dizagn.fr\/wp-content\/uploads\/2023\/03\/logo-Dizagn.jpg","width":304,"height":95,"caption":"DIZAGN"},"image":{"@id":"https:\/\/dizagn.fr\/#\/schema\/logo\/image\/"}}]}},"_links":{"self":[{"href":"https:\/\/dizagn.fr\/en\/wp-json\/wp\/v2\/pages\/86","targetHints":{"allow":["GET"]}}],"collection":[{"href":"https:\/\/dizagn.fr\/en\/wp-json\/wp\/v2\/pages"}],"about":[{"href":"https:\/\/dizagn.fr\/en\/wp-json\/wp\/v2\/types\/page"}],"author":[{"embeddable":true,"href":"https:\/\/dizagn.fr\/en\/wp-json\/wp\/v2\/users\/3"}],"replies":[{"embeddable":true,"href":"https:\/\/dizagn.fr\/en\/wp-json\/wp\/v2\/comments?post=86"}],"version-history":[{"count":24,"href":"https:\/\/dizagn.fr\/en\/wp-json\/wp\/v2\/pages\/86\/revisions"}],"predecessor-version":[{"id":1156,"href":"https:\/\/dizagn.fr\/en\/wp-json\/wp\/v2\/pages\/86\/revisions\/1156"}],"wp:attachment":[{"href":"https:\/\/dizagn.fr\/en\/wp-json\/wp\/v2\/media?parent=86"}],"curies":[{"name":"wp","href":"https:\/\/api.w.org\/{rel}","templated":true}]}}