{"id":472,"date":"2022-08-10T08:50:20","date_gmt":"2022-08-10T06:50:20","guid":{"rendered":"http:\/\/dizagn.fr\/?page_id=472"},"modified":"2024-07-19T14:18:01","modified_gmt":"2024-07-19T12:18:01","slug":"expertise","status":"publish","type":"page","link":"https:\/\/dizagn.fr\/en\/expertise\/","title":{"rendered":"Expertise"},"content":{"rendered":"<p>[et_pb_section fb_built=\u00a0\u00bb1&Prime; custom_padding_last_edited=\u00a0\u00bbon|tablet\u00a0\u00bb _builder_version=\u00a0\u00bb4.17.6&Prime; _module_preset=\u00a0\u00bbdefault\u00a0\u00bb custom_padding=\u00a0\u00bb20px||||false|false\u00a0\u00bb custom_padding_tablet=\u00a0\u00bb0px||||false|false\u00a0\u00bb custom_padding_phone=\u00a0\u00bb0px||||false|false\u00a0\u00bb global_colors_info=\u00a0\u00bb{}\u00a0\u00bb][et_pb_row _builder_version=\u00a0\u00bb4.17.6&Prime; _module_preset=\u00a0\u00bbdefault\u00a0\u00bb custom_margin=\u00a0\u00bb-70px||||false|false\u00a0\u00bb global_colors_info=\u00a0\u00bb{}\u00a0\u00bb][et_pb_column type=\u00a0\u00bb4_4&Prime; _builder_version=\u00a0\u00bb4.17.6&Prime; _module_preset=\u00a0\u00bbdefault\u00a0\u00bb global_colors_info=\u00a0\u00bb{}\u00a0\u00bb][et_pb_divider show_divider=\u00a0\u00bboff\u00a0\u00bb _builder_version=\u00a0\u00bb4.17.6&Prime; _module_preset=\u00a0\u00bbdefault\u00a0\u00bb height=\u00a0\u00bb50px\u00a0\u00bb global_colors_info=\u00a0\u00bb{}\u00a0\u00bb][\/et_pb_divider][et_pb_image src=\u00a0\u00bbhttp:\/\/dizagn.fr\/wp-content\/uploads\/2024\/07\/Capture-decran-2024-07-18-a-23.34.36.png\u00a0\u00bb alt=\u00a0\u00bblogo-cea\u00a0\u00bb title_text=\u00a0\u00bbCapture d\u2019e\u0301cran 2024-07-18 a\u0300 23.34.36&Prime; align=\u00a0\u00bbcenter\u00a0\u00bb _builder_version=\u00a0\u00bb4.17.6&Prime; _module_preset=\u00a0\u00bbdefault\u00a0\u00bb height=\u00a0\u00bb160px\u00a0\u00bb height_tablet=\u00a0\u00bb100px\u00a0\u00bb height_phone=\u00a0\u00bb100px\u00a0\u00bb height_last_edited=\u00a0\u00bbon|phone\u00a0\u00bb hover_enabled=\u00a0\u00bb0&Prime; global_colors_info=\u00a0\u00bb{}\u00a0\u00bb sticky_enabled=\u00a0\u00bb0&Prime;][\/et_pb_image][et_pb_text _builder_version=\u00a0\u00bb4.17.6&Prime; _module_preset=\u00a0\u00bbdefault\u00a0\u00bb text_font_size=\u00a0\u00bb14px\u00a0\u00bb text_letter_spacing=\u00a0\u00bb1px\u00a0\u00bb text_line_height=\u00a0\u00bb1.3em\u00a0\u00bb global_colors_info=\u00a0\u00bb{}\u00a0\u00bb]<\/p>\n<h2 style=\"text-align: justify;\">Le Credo<\/h2>\n<p>&nbsp;<\/p>\n<p style=\"text-align: justify;\">La s\u00e9lection propos\u00e9e par DIZAGN met en \u00e9vidence des \u0153uvres majeures de designers franc\u0327ais a\u0300 l\u2019a\u0302ge de la Croissance (1945-1973), constitue\u0301e par l\u2019historien du design Thibault Lannuzel.<\/p>\n<p style=\"text-align: justify;\">Cet ensemble a pour but de vous faire de\u0301couvrir, par une se\u0301lection de pie\u0300ces significatives, le travail de toute une ligne\u0301e de jeunes cre\u0301ateurs qui marqueront durant la pe\u0301riode de croissance plus commune\u0301ment appele\u0301e les Trente Glorieuses (1945-1973) le paysage franc\u0327ais dans les domaines de la cre\u0301ation de mode\u0300les de se\u0301rie et de l\u2019agencement.<\/p>\n<p style=\"text-align: justify;\">Cette ge\u0301ne\u0301ration s\u2019attachera a\u0300 promouvoir le design de\u0300s la sortie de la Seconde Guerre mondiale, en se basant sur la doctrine du fonctionnalisme social de\u0301fendue plus to\u0302t par leurs aine\u0301s : Jacques Dumond, Rene\u0301 Gabriel, Marcel Gascoin et Louis Sognot. De grandes figures de la Reconstruction, membres de l\u2019UAM qui les formeront sur les bancs de l\u2019e\u0301cole ou au sein de leurs agences ou\u0300 ces jeunes cre\u0301ateurs feront leurs premie\u0300res armes.<\/p>\n<p style=\"text-align: justify;\">Contemporains des figures iconiques que sont Jean Prouve\u0301, Charlotte Perriand ou encore Le Corbusier, cette jeune avant-garde que nous vous proposons de de\u0301couvrir, additionne durant plus de deux de\u0301cennies re\u0301compenses et distinctions.<\/p>\n<p style=\"text-align: justify;\">Pendant cette pe\u0301riode, ces cre\u0301ateurs se re\u0301ve\u0300lent e\u0302tre des personnalite\u0301s incontournables en France ; ils travaillent sur des programmes d\u2019ame\u0301nagement d\u2019inte\u0301rieurs d\u2019envergure avec des architectes de renom ou le Mobilier national et proposent une autre vision de la modernite\u0301, celle du rationalisme a\u0300 la franc\u0327aise, d\u2019une fabrication en se\u0301rie de\u0301pouille\u0301e de tout artifice, et plus largement de l\u2019alliance du cre\u0301ateur et de l\u2019industriel pour des formes justes et l\u2019affirmation du beau dans l\u2019utile.<\/p>\n<p style=\"text-align: justify;\">En outre, ces cre\u0301ateurs contribuent a\u0300 l\u2019e\u0301mergence du statut de designer ; un nouveau me\u0301tier qui consiste a\u0300 concevoir mobilier et ame\u0301nagements d\u2019inte\u0301rieur qui soient a\u0300 la fois de qualite\u0301, fonctionnels et accessibles a\u0300 tous. Cette ge\u0301ne\u0301ration fondatrice me\u0301rite a\u0300 ce titre d\u2019e\u0302tre inscrite dans la gene\u0300se d\u2019une profession et d\u2019une discipline dont nous tirons encore aujourd\u2019hui les enseignements.<\/p>\n<p style=\"text-align: justify;\">Cette s\u00e9lection (mobilier, sie\u0300ges, luminaires et art graphique) retrace leur parcours illustrant ainsi, par l\u2019emploi de mate\u0301riaux nouveaux ou l\u2019utilisation d\u2019une technique de fabrication ine\u0301dite, un re\u0301pertoire de formes re\u0301invente\u0301 qui justifient leur place dans l\u2019histoire du design historique franc\u0327ais.<\/p>\n<p style=\"text-align: justify;\">ABRAHAM Janine et ROL Dirk Jan, ADAM Christian, ADO Sato, AIRBORNE, ALCHIMIA, ALLEMAND Jean, ARAD Ron, ARIETTI Fabienne, ARNAL Fran\u00e7ois, ARTELANO, ARTELUCE, ARTEMIDE, ASTORI Antonia, ATELIER DE RECHERCHES PLASTIQUES (A.R.P.), ATELIER A, AVRIL Jean Louis, AULENTI Gae, BAILLON Louis, BARRAY Jean Paul, BAUCHET Fran\u00e7ois, BECKMANN Liisi, BEDIN Martine, BELLINI Mario, BERTHIER Marc, BERTIN France, BERTHET Jean Louis, BINY Jacques, BLANCHARD Ren\u00e9, BOERI Cini, BONETTI Mattia, BOTTA Enrico, BOTTA Mario, BOUSSIGNAC Patrick dit OTSO, BOYER Michel, BRUNIER Bernard, BUFFET Michel, CAILLETTE Ren\u00e9-Jean, CAILLAT Robert, CAPRON Roger, CARDIN Pierre, CHAROY Sabine, COPPOLA Silvio, COURTECUISSE Claude, DALMON G\u00e9rard, DANGLES Genevieve DEFRANCE Christian, DELORD Henri, DE PORTZAMPARC Elisabeth, DERAIN Gilles, DISDEROT Pierre, DORNER Marie-Christine, DU PASQUIER Nathalie, DUBOYS Jean Claude, DUC Christian, DUCAROY Michel, DUMAS Claude, DUMOND Jacques, DURUSSEL Bernard, FATUS Roger, FERMIGIER \u00c9tienne, FERRAND Georges, FOLIE Pierre, FOUILLEN Paul, FRYDMAN Georges, GABRIEL Ren\u00e9, GARRAULT Jean-Pierre, GASCOIN Marcel, GASMI Chafik, GERMANAZ Christian, GINGEMBRE Patrick, GODIVIER Jean-Louis, GOVIN Bernard, GUARICHE Pierre, GUILLEMARD Marcel, HARCOURT Geoffrey, HELD Marc, JOURDAN Eric, JOURDAIN Francis , KOOP Ronald, KURAMATA Shiro, LACROIX Jean-Boris, LANCEL Henri , LANDAULT Roger, LAPORTE Jean Pierre, LECAL Roger, LEGRAND Roger, LIMOUSIN Jacques, LUMINALITE, MALIVEL Jeanne, MARANGE Bernard, MARTIN Etienne Henri, MAT\u00c9GOT Mathieu, MAT\u00c9GOT Xavier, MATHIEU Robert, MAUGIRARD Jean Claude, MONPOIX Andr\u00e9 , MOTTE Joseph-Andr\u00e9, MORGAINE Lionel, MORTIER Michel, MOUILLE Serge, MOURGUE Olivier, MOURGUE Pascal, NAGGAR Patrick, NEMO, NEOTU, PAULIN Pierre, PERRIAND Charlotte, PILLET Edgar, PHILIPPON Antoine LECOQ Jacqueline, PROUV\u00c9 Jean, PRISUNIC, QUARANTE Danielle, RAGOT Christian, RAMOS Charles, REID John et Sylvia, RICHARD Alain, SIMARD Andr\u00e9, SIPEK Borek, SPORTES Ronald Cecil, SOGNOT Louis, STARCK Philippe, STEINER, SWILDENS Ben, SZEKELY Martin, TALLON Roger, THONET, GROUPE TOTEM, TUAN Pham Ngoc, VERRE LUMI\u00c8RE, VIENOT Jacques, VILLAIN Pierre, VINCENT Jean Pierre, VITRAC Jean Pierre, WIDMER Jean, WILMOTTE Jean-Michel, ZEUS NOTO, ZUBLENA Charles<\/p>\n<p style=\"text-align: justify;\">\n<p>[\/et_pb_text][et_pb_text _builder_version=\u00a0\u00bb4.17.6&Prime; _module_preset=\u00a0\u00bbdefault\u00a0\u00bb text_font_size=\u00a0\u00bb14px\u00a0\u00bb text_letter_spacing=\u00a0\u00bb1px\u00a0\u00bb text_line_height=\u00a0\u00bb1.3em\u00a0\u00bb global_colors_info=\u00a0\u00bb{}\u00a0\u00bb]<\/p>\n<h2>L&rsquo;expertise<\/h2>\n<p>&nbsp;<\/p>\n<p style=\"text-align: justify;\">Expert agr\u00e9\u00e9 CEA ( Compagnie d\u2019Expertise en Antiquit\u00e9s et Objets d\u2019Art ), aupr\u00e8s de maison de ventes aux ench\u00e8res \u00e0 l\u2019H\u00f4tel Drouot, membre de la conf\u00e9d\u00e9ration europ\u00e9enne des experts d\u2019art CEDEA et consultant en Arts d\u00e9coratifs du XXe si\u00e8cle et design pour la prestigieuse maison de ventes aux ench\u00e8res Artcurial, Thibault Lannuzel est \u00e0 votre disposition pour toute demande d\u2019\u00e9valuation ou d\u2019identification en vue de la vente ou de l\u2019assurance de vos oeuvres ou la r\u00e9daction d\u2019un certificat d\u2019expertise garantissant le ou les biens acquis.<\/p>\n<p style=\"text-align: justify;\">\n<p>[\/et_pb_text][et_pb_text _builder_version=\u00a0\u00bb4.17.6&Prime; _module_preset=\u00a0\u00bbdefault\u00a0\u00bb text_font_size=\u00a0\u00bb14px\u00a0\u00bb text_letter_spacing=\u00a0\u00bb1px\u00a0\u00bb text_line_height=\u00a0\u00bb1.3em\u00a0\u00bb global_colors_info=\u00a0\u00bb{}\u00a0\u00bb]<\/p>\n<h2>Le conseil<\/h2>\n<p>&nbsp;<\/p>\n<p style=\"text-align: justify;\">Vous d\u00e9sirez acqu\u00e9rir un objet d&rsquo;art en valeur de placement, enrichir une collection, ou \u00eates \u00e0 la recherche d\u2019une pi\u00e8ce sp\u00e9cifique d\u2019un cr\u00e9ateur en particulier ? Thibault Lannuzel recherche, authentifie, \u00e9value, expertise et vous conseille en vue d\u2019une \u00e9ventuelle acquisition.<\/p>\n<p style=\"text-align: justify;\">[\/et_pb_text][et_pb_button button_url=\u00a0\u00bbmailto:contact@dizagn.fr\u00a0\u00bb button_text=\u00a0\u00bbContactez-moi\u00a0\u00bb button_alignment=\u00a0\u00bbcenter\u00a0\u00bb _builder_version=\u00a0\u00bb4.17.6&Prime; _module_preset=\u00a0\u00bbdefault\u00a0\u00bb global_colors_info=\u00a0\u00bb{}\u00a0\u00bb][\/et_pb_button][\/et_pb_column][\/et_pb_row][\/et_pb_section][et_pb_section fb_built=\u00a0\u00bb1&Prime; custom_padding_last_edited=\u00a0\u00bbon|phone\u00a0\u00bb _builder_version=\u00a0\u00bb4.17.6&Prime; _module_preset=\u00a0\u00bbdefault\u00a0\u00bb background_color=\u00a0\u00bb#eaeaea\u00a0\u00bb height=\u00a0\u00bb270px\u00a0\u00bb height_tablet=\u00a0\u00bb270px\u00a0\u00bb height_phone=\u00a0\u00bb280px\u00a0\u00bb height_last_edited=\u00a0\u00bbon|desktop\u00a0\u00bb custom_margin=\u00a0\u00bb||||false|false\u00a0\u00bb custom_padding=\u00a0\u00bb50px||||false|false\u00a0\u00bb custom_padding_tablet=\u00a0\u00bb50px||||false|false\u00a0\u00bb custom_padding_phone=\u00a0\u00bb70px||||false|false\u00a0\u00bb global_colors_info=\u00a0\u00bb{}\u00a0\u00bb][et_pb_row _builder_version=\u00a0\u00bb4.17.6&Prime; _module_preset=\u00a0\u00bbdefault\u00a0\u00bb width=\u00a0\u00bb60%\u00a0\u00bb custom_margin=\u00a0\u00bb-41px||||false|false\u00a0\u00bb custom_margin_tablet=\u00a0\u00bb-50px||||false|false\u00a0\u00bb custom_margin_phone=\u00a0\u00bb-62px||||false|false\u00a0\u00bb custom_margin_last_edited=\u00a0\u00bbon|phone\u00a0\u00bb locked=\u00a0\u00bboff\u00a0\u00bb global_colors_info=\u00a0\u00bb{}\u00a0\u00bb][et_pb_column type=\u00a0\u00bb4_4&Prime; _builder_version=\u00a0\u00bb4.17.6&Prime; _module_preset=\u00a0\u00bbdefault\u00a0\u00bb global_colors_info=\u00a0\u00bb{}\u00a0\u00bb][et_pb_text _builder_version=\u00a0\u00bb4.17.6&Prime; _module_preset=\u00a0\u00bbdefault\u00a0\u00bb header_2_font_size=\u00a0\u00bb25px\u00a0\u00bb header_2_letter_spacing=\u00a0\u00bb1px\u00a0\u00bb custom_margin=\u00a0\u00bb||||false|false\u00a0\u00bb custom_margin_tablet=\u00a0\u00bb||||false|false\u00a0\u00bb custom_margin_phone=\u00a0\u00bb||||false|false\u00a0\u00bb custom_margin_last_edited=\u00a0\u00bbon|phone\u00a0\u00bb global_colors_info=\u00a0\u00bb{}\u00a0\u00bb]<\/p>\n<h2 style=\"text-align: center;\">Newsletter<\/h2>\n<p>[\/et_pb_text][et_pb_code _builder_version=\u00a0\u00bb4.17.6&Prime; _module_preset=\u00a0\u00bbdefault\u00a0\u00bb text_orientation=\u00a0\u00bbcenter\u00a0\u00bb width=\u00a0\u00bb100%\u00a0\u00bb max_width=\u00a0\u00bb39%\u00a0\u00bb max_width_tablet=\u00a0\u00bb100%\u00a0\u00bb max_width_phone=\u00a0\u00bb100%\u00a0\u00bb max_width_last_edited=\u00a0\u00bbon|phone\u00a0\u00bb module_alignment=\u00a0\u00bbcenter\u00a0\u00bb custom_margin=\u00a0\u00bb|25%||28%|false|false\u00a0\u00bb custom_margin_tablet=\u00a0\u00bb|||24%|false|false\u00a0\u00bb custom_margin_phone=\u00a0\u00bb|19%||-23%|false|false\u00a0\u00bb custom_margin_last_edited=\u00a0\u00bbon|desktop\u00a0\u00bb custom_padding=\u00a0\u00bb||||false|false\u00a0\u00bb module_alignment_tablet=\u00a0\u00bbcenter\u00a0\u00bb module_alignment_phone=\u00a0\u00bbcenter\u00a0\u00bb module_alignment_last_edited=\u00a0\u00bbon|desktop\u00a0\u00bb custom_css_main_element=\u00a0\u00bbh2{backgroundcolor:#7070}\u00a0\u00bb global_colors_info=\u00a0\u00bb{}\u00a0\u00bb]<script>(function() {\n\twindow.mc4wp = window.mc4wp || {\n\t\tlisteners: [],\n\t\tforms: {\n\t\t\ton: function(evt, cb) {\n\t\t\t\twindow.mc4wp.listeners.push(\n\t\t\t\t\t{\n\t\t\t\t\t\tevent   : evt,\n\t\t\t\t\t\tcallback: cb\n\t\t\t\t\t}\n\t\t\t\t);\n\t\t\t}\n\t\t}\n\t}\n})();\n<\/script><!-- Mailchimp for WordPress v4.12.1 - https:\/\/wordpress.org\/plugins\/mailchimp-for-wp\/ --><form id=\"mc4wp-form-1\" class=\"mc4wp-form mc4wp-form-162 mc4wp-form-theme mc4wp-form-theme-light\" method=\"post\" data-id=\"162\" data-name=\"Newsletter\" ><div class=\"mc4wp-form-fields\"><p>\r\n\t<label> \r\n\t\t<input type=\"email\" name=\"EMAIL\" placeholder=\"E-mail\" required \/>\r\n<\/label>\r\n<\/p>\r\n<p>\r\n    <label>\r\n        <input name=\"AGREE_TO_TERMS\" type=\"checkbox\" value=\"1\" required=\"\"> <a href=\"http:\/\/dizagn.fr\/mentions-legales\/\" target=\"_blank\">J'ai lu et accepte les termes et les conditions<\/a>\r\n    <\/label>\r\n<\/p>\r\n<p>\r\n\t<input type=\"submit\" value=\"inscription\" \/>\r\n<\/p><\/div><label style=\"display: none !important;\">Leave this field empty if you're human: <input type=\"text\" name=\"_mc4wp_honeypot\" value=\"\" tabindex=\"-1\" autocomplete=\"off\" \/><\/label><input type=\"hidden\" name=\"_mc4wp_timestamp\" value=\"1776361745\" \/><input type=\"hidden\" name=\"_mc4wp_form_id\" value=\"162\" \/><input type=\"hidden\" name=\"_mc4wp_form_element_id\" value=\"mc4wp-form-1\" \/><div class=\"mc4wp-response\"><\/div><\/form><!-- \/ Mailchimp for WordPress Plugin -->[\/et_pb_code][\/et_pb_column][\/et_pb_row][\/et_pb_section][et_pb_section fb_built=\u00a0\u00bb1&Prime; _builder_version=\u00a0\u00bb4.17.6&Prime; _module_preset=\u00a0\u00bbdefault\u00a0\u00bb height=\u00a0\u00bb100px\u00a0\u00bb height_tablet=\u00a0\u00bb100px\u00a0\u00bb height_phone=\u00a0\u00bb100px\u00a0\u00bb height_last_edited=\u00a0\u00bbon|phone\u00a0\u00bb locked=\u00a0\u00bboff\u00a0\u00bb global_colors_info=\u00a0\u00bb{}\u00a0\u00bb][et_pb_row _builder_version=\u00a0\u00bb4.17.6&Prime; _module_preset=\u00a0\u00bbdefault\u00a0\u00bb global_colors_info=\u00a0\u00bb{}\u00a0\u00bb][et_pb_column type=\u00a0\u00bb4_4&Prime; _builder_version=\u00a0\u00bb4.17.6&Prime; _module_preset=\u00a0\u00bbdefault\u00a0\u00bb global_colors_info=\u00a0\u00bb{}\u00a0\u00bb][et_pb_divider show_divider=\u00a0\u00bboff\u00a0\u00bb _builder_version=\u00a0\u00bb4.17.6&Prime; _module_preset=\u00a0\u00bbdefault\u00a0\u00bb global_colors_info=\u00a0\u00bb{}\u00a0\u00bb][\/et_pb_divider][\/et_pb_column][\/et_pb_row][\/et_pb_section]<\/p>\n","protected":false},"excerpt":{"rendered":"<p>Le Credo &nbsp; La s\u00e9lection propos\u00e9e par DIZAGN met en \u00e9vidence des \u0153uvres majeures de designers franc\u0327ais a\u0300 l\u2019a\u0302ge de la Croissance (1945-1973), constitue\u0301e par l\u2019historien du design Thibault Lannuzel. Cet ensemble a pour but de vous faire de\u0301couvrir, par une se\u0301lection de pie\u0300ces significatives, le travail de toute une ligne\u0301e de jeunes cre\u0301ateurs qui [&hellip;]<\/p>\n","protected":false},"author":3,"featured_media":0,"parent":0,"menu_order":0,"comment_status":"closed","ping_status":"closed","template":"","meta":{"_et_pb_use_builder":"on","_et_pb_old_content":"","_et_gb_content_width":"","footnotes":""},"class_list":["post-472","page","type-page","status-publish","hentry"],"yoast_head":"<!-- This site is optimized with the Yoast SEO plugin v27.4 - https:\/\/yoast.com\/product\/yoast-seo-wordpress\/ -->\n<title>Expertise - DIZAGN<\/title>\n<meta name=\"description\" content=\"La s\u00e9lection propos\u00e9e par l\u2019historien du design Thibault Lannuzel, met en \u00e9vidence des \u0153uvres majeures de cr\u00e9ateurs de la 2d partie du XXe si\u00e8cle.\" \/>\n<meta name=\"robots\" content=\"index, follow, max-snippet:-1, max-image-preview:large, max-video-preview:-1\" \/>\n<link rel=\"canonical\" href=\"https:\/\/dizagn.fr\/en\/expertise\/\" \/>\n<meta property=\"og:locale\" content=\"en_GB\" \/>\n<meta property=\"og:type\" content=\"article\" \/>\n<meta property=\"og:title\" content=\"Expertise - DIZAGN\" \/>\n<meta property=\"og:description\" content=\"La s\u00e9lection propos\u00e9e par l\u2019historien du design Thibault Lannuzel, met en \u00e9vidence des \u0153uvres majeures de cr\u00e9ateurs de la 2d partie du XXe si\u00e8cle.\" \/>\n<meta property=\"og:url\" content=\"https:\/\/dizagn.fr\/en\/expertise\/\" \/>\n<meta property=\"og:site_name\" content=\"DIZAGN\" \/>\n<meta property=\"article:modified_time\" content=\"2024-07-19T12:18:01+00:00\" \/>\n<meta name=\"twitter:card\" content=\"summary_large_image\" \/>\n<script type=\"application\/ld+json\" class=\"yoast-schema-graph\">{\"@context\":\"https:\\\/\\\/schema.org\",\"@graph\":[{\"@type\":\"WebPage\",\"@id\":\"https:\\\/\\\/dizagn.fr\\\/expertise\\\/\",\"url\":\"https:\\\/\\\/dizagn.fr\\\/expertise\\\/\",\"name\":\"Expertise - DIZAGN\",\"isPartOf\":{\"@id\":\"https:\\\/\\\/dizagn.fr\\\/#website\"},\"datePublished\":\"2022-08-10T06:50:20+00:00\",\"dateModified\":\"2024-07-19T12:18:01+00:00\",\"description\":\"La s\u00e9lection propos\u00e9e par l\u2019historien du design Thibault Lannuzel, met en \u00e9vidence des \u0153uvres majeures de cr\u00e9ateurs de la 2d partie du XXe si\u00e8cle.\",\"breadcrumb\":{\"@id\":\"https:\\\/\\\/dizagn.fr\\\/expertise\\\/#breadcrumb\"},\"inLanguage\":\"en-GB\",\"potentialAction\":[{\"@type\":\"ReadAction\",\"target\":[\"https:\\\/\\\/dizagn.fr\\\/expertise\\\/\"]}]},{\"@type\":\"BreadcrumbList\",\"@id\":\"https:\\\/\\\/dizagn.fr\\\/expertise\\\/#breadcrumb\",\"itemListElement\":[{\"@type\":\"ListItem\",\"position\":1,\"name\":\"Accueil\",\"item\":\"https:\\\/\\\/dizagn.fr\\\/\"},{\"@type\":\"ListItem\",\"position\":2,\"name\":\"Expertise\"}]},{\"@type\":\"WebSite\",\"@id\":\"https:\\\/\\\/dizagn.fr\\\/#website\",\"url\":\"https:\\\/\\\/dizagn.fr\\\/\",\"name\":\"DIZAGN\",\"description\":\"\",\"publisher\":{\"@id\":\"https:\\\/\\\/dizagn.fr\\\/#organization\"},\"potentialAction\":[{\"@type\":\"SearchAction\",\"target\":{\"@type\":\"EntryPoint\",\"urlTemplate\":\"https:\\\/\\\/dizagn.fr\\\/?s={search_term_string}\"},\"query-input\":{\"@type\":\"PropertyValueSpecification\",\"valueRequired\":true,\"valueName\":\"search_term_string\"}}],\"inLanguage\":\"en-GB\"},{\"@type\":\"Organization\",\"@id\":\"https:\\\/\\\/dizagn.fr\\\/#organization\",\"name\":\"DIZAGN\",\"url\":\"https:\\\/\\\/dizagn.fr\\\/\",\"logo\":{\"@type\":\"ImageObject\",\"inLanguage\":\"en-GB\",\"@id\":\"https:\\\/\\\/dizagn.fr\\\/#\\\/schema\\\/logo\\\/image\\\/\",\"url\":\"https:\\\/\\\/dizagn.fr\\\/wp-content\\\/uploads\\\/2023\\\/03\\\/logo-Dizagn.jpg\",\"contentUrl\":\"https:\\\/\\\/dizagn.fr\\\/wp-content\\\/uploads\\\/2023\\\/03\\\/logo-Dizagn.jpg\",\"width\":304,\"height\":95,\"caption\":\"DIZAGN\"},\"image\":{\"@id\":\"https:\\\/\\\/dizagn.fr\\\/#\\\/schema\\\/logo\\\/image\\\/\"}}]}<\/script>\n<!-- \/ Yoast SEO plugin. -->","yoast_head_json":{"title":"Expertise - DIZAGN","description":"La s\u00e9lection propos\u00e9e par l\u2019historien du design Thibault Lannuzel, met en \u00e9vidence des \u0153uvres majeures de cr\u00e9ateurs de la 2d partie du XXe si\u00e8cle.","robots":{"index":"index","follow":"follow","max-snippet":"max-snippet:-1","max-image-preview":"max-image-preview:large","max-video-preview":"max-video-preview:-1"},"canonical":"https:\/\/dizagn.fr\/en\/expertise\/","og_locale":"en_GB","og_type":"article","og_title":"Expertise - DIZAGN","og_description":"La s\u00e9lection propos\u00e9e par l\u2019historien du design Thibault Lannuzel, met en \u00e9vidence des \u0153uvres majeures de cr\u00e9ateurs de la 2d partie du XXe si\u00e8cle.","og_url":"https:\/\/dizagn.fr\/en\/expertise\/","og_site_name":"DIZAGN","article_modified_time":"2024-07-19T12:18:01+00:00","twitter_card":"summary_large_image","schema":{"@context":"https:\/\/schema.org","@graph":[{"@type":"WebPage","@id":"https:\/\/dizagn.fr\/expertise\/","url":"https:\/\/dizagn.fr\/expertise\/","name":"Expertise - DIZAGN","isPartOf":{"@id":"https:\/\/dizagn.fr\/#website"},"datePublished":"2022-08-10T06:50:20+00:00","dateModified":"2024-07-19T12:18:01+00:00","description":"La s\u00e9lection propos\u00e9e par l\u2019historien du design Thibault Lannuzel, met en \u00e9vidence des \u0153uvres majeures de cr\u00e9ateurs de la 2d partie du XXe si\u00e8cle.","breadcrumb":{"@id":"https:\/\/dizagn.fr\/expertise\/#breadcrumb"},"inLanguage":"en-GB","potentialAction":[{"@type":"ReadAction","target":["https:\/\/dizagn.fr\/expertise\/"]}]},{"@type":"BreadcrumbList","@id":"https:\/\/dizagn.fr\/expertise\/#breadcrumb","itemListElement":[{"@type":"ListItem","position":1,"name":"Accueil","item":"https:\/\/dizagn.fr\/"},{"@type":"ListItem","position":2,"name":"Expertise"}]},{"@type":"WebSite","@id":"https:\/\/dizagn.fr\/#website","url":"https:\/\/dizagn.fr\/","name":"DIZAGN","description":"","publisher":{"@id":"https:\/\/dizagn.fr\/#organization"},"potentialAction":[{"@type":"SearchAction","target":{"@type":"EntryPoint","urlTemplate":"https:\/\/dizagn.fr\/?s={search_term_string}"},"query-input":{"@type":"PropertyValueSpecification","valueRequired":true,"valueName":"search_term_string"}}],"inLanguage":"en-GB"},{"@type":"Organization","@id":"https:\/\/dizagn.fr\/#organization","name":"DIZAGN","url":"https:\/\/dizagn.fr\/","logo":{"@type":"ImageObject","inLanguage":"en-GB","@id":"https:\/\/dizagn.fr\/#\/schema\/logo\/image\/","url":"https:\/\/dizagn.fr\/wp-content\/uploads\/2023\/03\/logo-Dizagn.jpg","contentUrl":"https:\/\/dizagn.fr\/wp-content\/uploads\/2023\/03\/logo-Dizagn.jpg","width":304,"height":95,"caption":"DIZAGN"},"image":{"@id":"https:\/\/dizagn.fr\/#\/schema\/logo\/image\/"}}]}},"_links":{"self":[{"href":"https:\/\/dizagn.fr\/en\/wp-json\/wp\/v2\/pages\/472","targetHints":{"allow":["GET"]}}],"collection":[{"href":"https:\/\/dizagn.fr\/en\/wp-json\/wp\/v2\/pages"}],"about":[{"href":"https:\/\/dizagn.fr\/en\/wp-json\/wp\/v2\/types\/page"}],"author":[{"embeddable":true,"href":"https:\/\/dizagn.fr\/en\/wp-json\/wp\/v2\/users\/3"}],"replies":[{"embeddable":true,"href":"https:\/\/dizagn.fr\/en\/wp-json\/wp\/v2\/comments?post=472"}],"version-history":[{"count":10,"href":"https:\/\/dizagn.fr\/en\/wp-json\/wp\/v2\/pages\/472\/revisions"}],"predecessor-version":[{"id":1611,"href":"https:\/\/dizagn.fr\/en\/wp-json\/wp\/v2\/pages\/472\/revisions\/1611"}],"wp:attachment":[{"href":"https:\/\/dizagn.fr\/en\/wp-json\/wp\/v2\/media?parent=472"}],"curies":[{"name":"wp","href":"https:\/\/api.w.org\/{rel}","templated":true}]}}